{"id":1585,"date":"2022-10-20T10:45:43","date_gmt":"2022-10-20T08:45:43","guid":{"rendered":"https:\/\/www.arhon.ch\/fonctionnalites\/maj-et-securisation-donnees\/"},"modified":"2022-12-17T16:38:52","modified_gmt":"2022-12-17T15:38:52","slug":"data-security","status":"publish","type":"page","link":"https:\/\/www.arhon.ch\/en\/features\/data-security\/","title":{"rendered":"Data Security and Update"},"content":{"rendered":"<div class=\"wp-post-content\"><!-- zone:zn_pagebanner [0] --><br \/>\n\t\t<!-- \/zone:zn_pagebanner [0] --><br \/>\n<!-- zone:zn_text_img [1] --><\/p>\n<h2><button class=\"lmt__translations_as_text__text_btn\" lang=\"en-GB\" aria-description=\"Cliquez pour utiliser cette solution\">Automated update of Arhon software<\/button><\/h2>\n<p>Arhon&rsquo;s management solutions are regularly improved to provide more and more useful features to its users, but also to guarantee the stability and reliability of your software.<\/p>\n<ul>\n<li>No need to ask for updates, you benefit from them naturally<\/li>\n<li>Automatic updates do not require any interruption of the software service and last on average from 30 to 60 seconds maximum<\/li>\n<\/ul>\n<p><!-- \/zone:zn_text_img [1] -->\n<\/div>\n","protected":false},"excerpt":{"rendered":"<p>Les mises \u00e0 jour des composants du logiciel sont indispensables afin de garantir dans le temps la viabilit\u00e9 du logiciel et ainsi ne jamais \u00eatre obsol\u00e8te.<\/p>\n","protected":false},"author":3,"featured_media":1087,"parent":1560,"menu_order":75,"comment_status":"closed","ping_status":"closed","template":"","meta":{"_acf_changed":false,"footnotes":""},"class_list":["post-1585","page","type-page","status-publish","has-post-thumbnail","hentry","wp-sticky"],"acf":[],"yoast_head":"<!-- This site is optimized with the Yoast SEO plugin v27.5 - https:\/\/yoast.com\/product\/yoast-seo-wordpress\/ -->\n<title>Hotel software update, Secure PMS data | Arhon<\/title>\n<meta name=\"description\" content=\"Arhon&#039;s hotel management software solutions are regularly improved in order to provide more and more useful features to its users.\" \/>\n<meta name=\"robots\" content=\"index, follow, max-snippet:-1, max-image-preview:large, max-video-preview:-1\" \/>\n<link rel=\"canonical\" href=\"https:\/\/www.arhon.ch\/en\/features\/data-security\/\" \/>\n<meta property=\"og:locale\" content=\"en_US\" \/>\n<meta property=\"og:type\" content=\"article\" \/>\n<meta property=\"og:title\" content=\"Hotel software update, Secure PMS data | Arhon\" \/>\n<meta property=\"og:description\" content=\"Arhon&#039;s hotel management software solutions are regularly improved in order to provide more and more useful features to its users.\" \/>\n<meta property=\"og:url\" content=\"https:\/\/www.arhon.ch\/en\/features\/data-security\/\" \/>\n<meta property=\"og:site_name\" content=\"Arhon\" \/>\n<meta property=\"article:modified_time\" content=\"2022-12-17T15:38:52+00:00\" \/>\n<meta property=\"og:image\" content=\"https:\/\/www.arhon.ch\/wp-inside\/uploads\/2022\/11\/securite-des-donnees.jpg\" \/>\n\t<meta property=\"og:image:width\" content=\"1772\" \/>\n\t<meta property=\"og:image:height\" content=\"1183\" \/>\n\t<meta property=\"og:image:type\" content=\"image\/jpeg\" \/>\n<meta name=\"twitter:card\" content=\"summary_large_image\" \/>\n<script type=\"application\/ld+json\" class=\"yoast-schema-graph\">{\"@context\":\"https:\\\/\\\/schema.org\",\"@graph\":[{\"@type\":\"WebPage\",\"@id\":\"https:\\\/\\\/www.arhon.ch\\\/en\\\/features\\\/data-security\\\/\",\"url\":\"https:\\\/\\\/www.arhon.ch\\\/en\\\/features\\\/data-security\\\/\",\"name\":\"Hotel software update, Secure PMS data | Arhon\",\"isPartOf\":{\"@id\":\"https:\\\/\\\/www.arhon.ch\\\/en\\\/#website\"},\"primaryImageOfPage\":{\"@id\":\"https:\\\/\\\/www.arhon.ch\\\/en\\\/features\\\/data-security\\\/#primaryimage\"},\"image\":{\"@id\":\"https:\\\/\\\/www.arhon.ch\\\/en\\\/features\\\/data-security\\\/#primaryimage\"},\"thumbnailUrl\":\"https:\\\/\\\/www.arhon.ch\\\/wp-inside\\\/uploads\\\/2022\\\/11\\\/securite-des-donnees.jpg\",\"datePublished\":\"2022-10-20T08:45:43+00:00\",\"dateModified\":\"2022-12-17T15:38:52+00:00\",\"description\":\"Arhon's hotel management software solutions are regularly improved in order to provide more and more useful features to its users.\",\"breadcrumb\":{\"@id\":\"https:\\\/\\\/www.arhon.ch\\\/en\\\/features\\\/data-security\\\/#breadcrumb\"},\"inLanguage\":\"en-US\",\"potentialAction\":[{\"@type\":\"ReadAction\",\"target\":[\"https:\\\/\\\/www.arhon.ch\\\/en\\\/features\\\/data-security\\\/\"]}]},{\"@type\":\"ImageObject\",\"inLanguage\":\"en-US\",\"@id\":\"https:\\\/\\\/www.arhon.ch\\\/en\\\/features\\\/data-security\\\/#primaryimage\",\"url\":\"https:\\\/\\\/www.arhon.ch\\\/wp-inside\\\/uploads\\\/2022\\\/11\\\/securite-des-donnees.jpg\",\"contentUrl\":\"https:\\\/\\\/www.arhon.ch\\\/wp-inside\\\/uploads\\\/2022\\\/11\\\/securite-des-donnees.jpg\",\"width\":1772,\"height\":1183,\"caption\":\"S\u00e9curisation des donn\u00e9es - logiciel gestion h\u00f4teli\u00e8re\"},{\"@type\":\"BreadcrumbList\",\"@id\":\"https:\\\/\\\/www.arhon.ch\\\/en\\\/features\\\/data-security\\\/#breadcrumb\",\"itemListElement\":[{\"@type\":\"ListItem\",\"position\":1,\"name\":\"Home\",\"item\":\"https:\\\/\\\/www.arhon.ch\\\/en\\\/\"},{\"@type\":\"ListItem\",\"position\":2,\"name\":\"Features\",\"item\":\"https:\\\/\\\/www.arhon.ch\\\/en\\\/features\\\/\"},{\"@type\":\"ListItem\",\"position\":3,\"name\":\"Data Security and Update\"}]},{\"@type\":\"WebSite\",\"@id\":\"https:\\\/\\\/www.arhon.ch\\\/en\\\/#website\",\"url\":\"https:\\\/\\\/www.arhon.ch\\\/en\\\/\",\"name\":\"Arhon\",\"description\":\"Manage your property easily\",\"publisher\":{\"@id\":\"https:\\\/\\\/www.arhon.ch\\\/en\\\/#organization\"},\"potentialAction\":[{\"@type\":\"SearchAction\",\"target\":{\"@type\":\"EntryPoint\",\"urlTemplate\":\"https:\\\/\\\/www.arhon.ch\\\/en\\\/?s={search_term_string}\"},\"query-input\":{\"@type\":\"PropertyValueSpecification\",\"valueRequired\":true,\"valueName\":\"search_term_string\"}}],\"inLanguage\":\"en-US\"},{\"@type\":\"Organization\",\"@id\":\"https:\\\/\\\/www.arhon.ch\\\/en\\\/#organization\",\"name\":\"Arhon\",\"url\":\"https:\\\/\\\/www.arhon.ch\\\/en\\\/\",\"logo\":{\"@type\":\"ImageObject\",\"inLanguage\":\"en-US\",\"@id\":\"https:\\\/\\\/www.arhon.ch\\\/en\\\/#\\\/schema\\\/logo\\\/image\\\/\",\"url\":\"https:\\\/\\\/www.arhon.ch\\\/wp-inside\\\/uploads\\\/2022\\\/09\\\/arhon-logo-quadri-basic.png\",\"contentUrl\":\"https:\\\/\\\/www.arhon.ch\\\/wp-inside\\\/uploads\\\/2022\\\/09\\\/arhon-logo-quadri-basic.png\",\"width\":1500,\"height\":972,\"caption\":\"Arhon\"},\"image\":{\"@id\":\"https:\\\/\\\/www.arhon.ch\\\/en\\\/#\\\/schema\\\/logo\\\/image\\\/\"}}]}<\/script>\n<!-- \/ Yoast SEO plugin. -->","yoast_head_json":{"title":"Hotel software update, Secure PMS data | Arhon","description":"Arhon's hotel management software solutions are regularly improved in order to provide more and more useful features to its users.","robots":{"index":"index","follow":"follow","max-snippet":"max-snippet:-1","max-image-preview":"max-image-preview:large","max-video-preview":"max-video-preview:-1"},"canonical":"https:\/\/www.arhon.ch\/en\/features\/data-security\/","og_locale":"en_US","og_type":"article","og_title":"Hotel software update, Secure PMS data | Arhon","og_description":"Arhon's hotel management software solutions are regularly improved in order to provide more and more useful features to its users.","og_url":"https:\/\/www.arhon.ch\/en\/features\/data-security\/","og_site_name":"Arhon","article_modified_time":"2022-12-17T15:38:52+00:00","og_image":[{"width":1772,"height":1183,"url":"https:\/\/www.arhon.ch\/wp-inside\/uploads\/2022\/11\/securite-des-donnees.jpg","type":"image\/jpeg"}],"twitter_card":"summary_large_image","schema":{"@context":"https:\/\/schema.org","@graph":[{"@type":"WebPage","@id":"https:\/\/www.arhon.ch\/en\/features\/data-security\/","url":"https:\/\/www.arhon.ch\/en\/features\/data-security\/","name":"Hotel software update, Secure PMS data | Arhon","isPartOf":{"@id":"https:\/\/www.arhon.ch\/en\/#website"},"primaryImageOfPage":{"@id":"https:\/\/www.arhon.ch\/en\/features\/data-security\/#primaryimage"},"image":{"@id":"https:\/\/www.arhon.ch\/en\/features\/data-security\/#primaryimage"},"thumbnailUrl":"https:\/\/www.arhon.ch\/wp-inside\/uploads\/2022\/11\/securite-des-donnees.jpg","datePublished":"2022-10-20T08:45:43+00:00","dateModified":"2022-12-17T15:38:52+00:00","description":"Arhon's hotel management software solutions are regularly improved in order to provide more and more useful features to its users.","breadcrumb":{"@id":"https:\/\/www.arhon.ch\/en\/features\/data-security\/#breadcrumb"},"inLanguage":"en-US","potentialAction":[{"@type":"ReadAction","target":["https:\/\/www.arhon.ch\/en\/features\/data-security\/"]}]},{"@type":"ImageObject","inLanguage":"en-US","@id":"https:\/\/www.arhon.ch\/en\/features\/data-security\/#primaryimage","url":"https:\/\/www.arhon.ch\/wp-inside\/uploads\/2022\/11\/securite-des-donnees.jpg","contentUrl":"https:\/\/www.arhon.ch\/wp-inside\/uploads\/2022\/11\/securite-des-donnees.jpg","width":1772,"height":1183,"caption":"S\u00e9curisation des donn\u00e9es - logiciel gestion h\u00f4teli\u00e8re"},{"@type":"BreadcrumbList","@id":"https:\/\/www.arhon.ch\/en\/features\/data-security\/#breadcrumb","itemListElement":[{"@type":"ListItem","position":1,"name":"Home","item":"https:\/\/www.arhon.ch\/en\/"},{"@type":"ListItem","position":2,"name":"Features","item":"https:\/\/www.arhon.ch\/en\/features\/"},{"@type":"ListItem","position":3,"name":"Data Security and Update"}]},{"@type":"WebSite","@id":"https:\/\/www.arhon.ch\/en\/#website","url":"https:\/\/www.arhon.ch\/en\/","name":"Arhon","description":"Manage your property easily","publisher":{"@id":"https:\/\/www.arhon.ch\/en\/#organization"},"potentialAction":[{"@type":"SearchAction","target":{"@type":"EntryPoint","urlTemplate":"https:\/\/www.arhon.ch\/en\/?s={search_term_string}"},"query-input":{"@type":"PropertyValueSpecification","valueRequired":true,"valueName":"search_term_string"}}],"inLanguage":"en-US"},{"@type":"Organization","@id":"https:\/\/www.arhon.ch\/en\/#organization","name":"Arhon","url":"https:\/\/www.arhon.ch\/en\/","logo":{"@type":"ImageObject","inLanguage":"en-US","@id":"https:\/\/www.arhon.ch\/en\/#\/schema\/logo\/image\/","url":"https:\/\/www.arhon.ch\/wp-inside\/uploads\/2022\/09\/arhon-logo-quadri-basic.png","contentUrl":"https:\/\/www.arhon.ch\/wp-inside\/uploads\/2022\/09\/arhon-logo-quadri-basic.png","width":1500,"height":972,"caption":"Arhon"},"image":{"@id":"https:\/\/www.arhon.ch\/en\/#\/schema\/logo\/image\/"}}]}},"_links":{"self":[{"href":"https:\/\/www.arhon.ch\/en\/wp-json\/wp\/v2\/pages\/1585","targetHints":{"allow":["GET"]}}],"collection":[{"href":"https:\/\/www.arhon.ch\/en\/wp-json\/wp\/v2\/pages"}],"about":[{"href":"https:\/\/www.arhon.ch\/en\/wp-json\/wp\/v2\/types\/page"}],"author":[{"embeddable":true,"href":"https:\/\/www.arhon.ch\/en\/wp-json\/wp\/v2\/users\/3"}],"replies":[{"embeddable":true,"href":"https:\/\/www.arhon.ch\/en\/wp-json\/wp\/v2\/comments?post=1585"}],"version-history":[{"count":7,"href":"https:\/\/www.arhon.ch\/en\/wp-json\/wp\/v2\/pages\/1585\/revisions"}],"predecessor-version":[{"id":1787,"href":"https:\/\/www.arhon.ch\/en\/wp-json\/wp\/v2\/pages\/1585\/revisions\/1787"}],"up":[{"embeddable":true,"href":"https:\/\/www.arhon.ch\/en\/wp-json\/wp\/v2\/pages\/1560"}],"wp:featuredmedia":[{"embeddable":true,"href":"https:\/\/www.arhon.ch\/en\/wp-json\/wp\/v2\/media\/1087"}],"wp:attachment":[{"href":"https:\/\/www.arhon.ch\/en\/wp-json\/wp\/v2\/media?parent=1585"}],"curies":[{"name":"wp","href":"https:\/\/api.w.org\/{rel}","templated":true}]}}