{"id":17,"date":"2022-09-07T16:06:58","date_gmt":"2022-09-07T14:06:58","guid":{"rendered":"https:\/\/www.arhon.ch\/?page_id=17"},"modified":"2025-10-05T18:17:40","modified_gmt":"2025-10-05T16:17:40","slug":"fonctionnalites-logiciel-hotelier","status":"publish","type":"page","link":"https:\/\/www.arhon.ch\/fr\/fonctionnalites-logiciel-hotelier\/","title":{"rendered":"Fonctionnalit\u00e9s"},"content":{"rendered":"<div class=\"wp-post-content\"><!-- zone:zn_pagebanner [0] --><br \/>\n\t\t<!-- \/zone:zn_pagebanner [0] --><br \/>\n<!-- zone:zn_text [3] --><\/p>\n<h2 style=\"text-align: center;\">A chaque t\u00e2che, sa solution Arhon personnalis\u00e9e<\/h2>\n<p>\t\t\t<!-- \/zone:zn_text [3] --><br \/>\n<!-- zone:zn_text [4] --><\/p>\n<p>Pour compl\u00e9ter notre logiciel de gestion h\u00f4teli\u00e8re et pour <strong>faciliter des t\u00e2ches r\u00e9currentes<\/strong>, nous proposons en compl\u00e9ment de notre fonctionnalit\u00e9 Check-in, le mat\u00e9riel adapt\u00e9 : le <strong>scanner pour passeport, carte d\u2019identit\u00e9, permis de conduire et permis de s\u00e9jour<\/strong>. En automatisant le check-in, vous <strong>simplifiez vos d\u00e9marches administratives<\/strong> comme les obligations l\u00e9gales eHESTA. Vous obtenez un calcul automatis\u00e9 des taxes de s\u00e9jours, des statistiques et des analyses de votre client\u00e8le<\/p>\n<p>Nous avons fait le choix de vous proposer <strong>une fonctionnalit\u00e9 de r\u00e9servation en ligne pens\u00e9e pour vous et pour vos clients<\/strong>. L\u00e0 o\u00f9 les leaders de la r\u00e9servation de chambres appliquent des commissions qui s\u2019\u00e9l\u00e8vent parfois \u00e0 30%, <strong>Arhon a fait le choix de vous proposer un moteur de r\u00e9servation qui ne facture pas \u00e0 la commission sur les r\u00e9servations mais un abonnement mensuel forfaitaire fonction du nombre de chambres. <\/strong>Un <strong>grand avantage significatif concurrentiel<\/strong> direct pour vous et les prix que vous proposez \u00e0 vos clients en ligne.<\/p>\n<p>\t\t\t<!-- \/zone:zn_text [4] --><br \/>\n<!-- zone:zn_text_img [5] --><\/p>\n<h2>Une R&amp;D continuelle pour un Logiciel de gestion fiable &amp; viable<\/h2>\n<p>La recherche et le d\u00e9veloppement continuel de notre PMS permet de vous garantir :<\/p>\n<ul>\n<li>la viabilit\u00e9 du logiciel<\/li>\n<li>le d\u00e9ploiement de nouvelles fonctionnalit\u00e9s<\/li>\n<li>la stabilit\u00e9<\/li>\n<li>la fiabilit\u00e9 de votre logiciel.<\/li>\n<\/ul>\n<p><!-- \/zone:zn_text_img [5] -->\n<\/div>\n","protected":false},"excerpt":{"rendered":"<p>A chaque t\u00e2che, sa solution Arhon personnalis\u00e9e Pour compl\u00e9ter notre logiciel de gestion h\u00f4teli\u00e8re et pour faciliter des t\u00e2ches r\u00e9currentes, nous proposons en compl\u00e9ment de notre fonctionnalit\u00e9 Check-in, le mat\u00e9riel [&hellip;]<\/p>\n","protected":false},"author":3,"featured_media":1280,"parent":0,"menu_order":20,"comment_status":"closed","ping_status":"closed","template":"","meta":{"_acf_changed":false,"footnotes":""},"class_list":["post-17","page","type-page","status-publish","has-post-thumbnail","hentry","wp-sticky"],"acf":[],"yoast_head":"<!-- This site is optimized with the Yoast SEO plugin v27.4 - https:\/\/yoast.com\/product\/yoast-seo-wordpress\/ -->\n<title>Arhon \u2013 Simplifiez la gestion de votre \u00e9tablissement | Arhon<\/title>\n<meta name=\"description\" content=\"D\u00e9couvrez toutes les fonctionnalit\u00e9s d\u2019Arhon, le logiciel h\u00f4telier suisse qui simplifie la gestion de votre \u00e9tablissement\" \/>\n<meta name=\"robots\" content=\"index, follow, max-snippet:-1, max-image-preview:large, max-video-preview:-1\" \/>\n<link rel=\"canonical\" href=\"https:\/\/www.arhon.ch\/fr\/fonctionnalites-logiciel-hotelier\/\" \/>\n<meta property=\"og:locale\" content=\"fr_FR\" \/>\n<meta property=\"og:type\" content=\"article\" \/>\n<meta property=\"og:title\" content=\"Arhon \u2013 Simplifiez la gestion de votre \u00e9tablissement | Arhon\" \/>\n<meta property=\"og:description\" content=\"D\u00e9couvrez toutes les fonctionnalit\u00e9s d\u2019Arhon, le logiciel h\u00f4telier suisse qui simplifie la gestion de votre \u00e9tablissement\" \/>\n<meta property=\"og:url\" content=\"https:\/\/www.arhon.ch\/fr\/fonctionnalites-logiciel-hotelier\/\" \/>\n<meta property=\"og:site_name\" content=\"Arhon\" \/>\n<meta property=\"article:modified_time\" content=\"2025-10-05T16:17:40+00:00\" \/>\n<meta property=\"og:image\" content=\"https:\/\/www.arhon.ch\/wp-inside\/uploads\/2022\/11\/fonctionnalites-logiciel-arhon.jpg\" \/>\n\t<meta property=\"og:image:width\" content=\"2048\" \/>\n\t<meta property=\"og:image:height\" content=\"1536\" \/>\n\t<meta property=\"og:image:type\" content=\"image\/jpeg\" \/>\n<meta name=\"twitter:card\" content=\"summary_large_image\" \/>\n<script type=\"application\/ld+json\" class=\"yoast-schema-graph\">{\"@context\":\"https:\\\/\\\/schema.org\",\"@graph\":[{\"@type\":\"WebPage\",\"@id\":\"https:\\\/\\\/www.arhon.ch\\\/fr\\\/fonctionnalites-logiciel-hotelier\\\/\",\"url\":\"https:\\\/\\\/www.arhon.ch\\\/fr\\\/fonctionnalites-logiciel-hotelier\\\/\",\"name\":\"Arhon \u2013 Simplifiez la gestion de votre \u00e9tablissement\",\"isPartOf\":{\"@id\":\"https:\\\/\\\/www.arhon.ch\\\/fr\\\/#website\"},\"primaryImageOfPage\":{\"@id\":\"https:\\\/\\\/www.arhon.ch\\\/fr\\\/fonctionnalites-logiciel-hotelier\\\/#primaryimage\"},\"image\":{\"@id\":\"https:\\\/\\\/www.arhon.ch\\\/fr\\\/fonctionnalites-logiciel-hotelier\\\/#primaryimage\"},\"thumbnailUrl\":\"https:\\\/\\\/www.arhon.ch\\\/wp-inside\\\/uploads\\\/2022\\\/11\\\/fonctionnalites-logiciel-arhon.jpg\",\"datePublished\":\"2022-09-07T14:06:58+00:00\",\"dateModified\":\"2025-10-05T16:17:40+00:00\",\"description\":\"D\u00e9couvrez toutes les fonctionnalit\u00e9s d\u2019Arhon, le logiciel h\u00f4telier suisse qui simplifie la gestion de votre \u00e9tablissement\",\"breadcrumb\":{\"@id\":\"https:\\\/\\\/www.arhon.ch\\\/fr\\\/fonctionnalites-logiciel-hotelier\\\/#breadcrumb\"},\"inLanguage\":\"fr-FR\",\"potentialAction\":[{\"@type\":\"ReadAction\",\"target\":[\"https:\\\/\\\/www.arhon.ch\\\/fr\\\/fonctionnalites-logiciel-hotelier\\\/\"]}]},{\"@type\":\"ImageObject\",\"inLanguage\":\"fr-FR\",\"@id\":\"https:\\\/\\\/www.arhon.ch\\\/fr\\\/fonctionnalites-logiciel-hotelier\\\/#primaryimage\",\"url\":\"https:\\\/\\\/www.arhon.ch\\\/wp-inside\\\/uploads\\\/2022\\\/11\\\/fonctionnalites-logiciel-arhon.jpg\",\"contentUrl\":\"https:\\\/\\\/www.arhon.ch\\\/wp-inside\\\/uploads\\\/2022\\\/11\\\/fonctionnalites-logiciel-arhon.jpg\",\"width\":2048,\"height\":1536,\"caption\":\"Fonctions du logiciel de gestion h\u00f4teli\u00e8re Arhon\"},{\"@type\":\"BreadcrumbList\",\"@id\":\"https:\\\/\\\/www.arhon.ch\\\/fr\\\/fonctionnalites-logiciel-hotelier\\\/#breadcrumb\",\"itemListElement\":[{\"@type\":\"ListItem\",\"position\":1,\"name\":\"Accueil\",\"item\":\"https:\\\/\\\/www.arhon.ch\\\/fr\\\/\"},{\"@type\":\"ListItem\",\"position\":2,\"name\":\"Fonctionnalit\u00e9s\"}]},{\"@type\":\"WebSite\",\"@id\":\"https:\\\/\\\/www.arhon.ch\\\/fr\\\/#website\",\"url\":\"https:\\\/\\\/www.arhon.ch\\\/fr\\\/\",\"name\":\"Arhon\",\"description\":\"Manage your property easily\",\"publisher\":{\"@id\":\"https:\\\/\\\/www.arhon.ch\\\/fr\\\/#organization\"},\"potentialAction\":[{\"@type\":\"SearchAction\",\"target\":{\"@type\":\"EntryPoint\",\"urlTemplate\":\"https:\\\/\\\/www.arhon.ch\\\/fr\\\/?s={search_term_string}\"},\"query-input\":{\"@type\":\"PropertyValueSpecification\",\"valueRequired\":true,\"valueName\":\"search_term_string\"}}],\"inLanguage\":\"fr-FR\"},{\"@type\":\"Organization\",\"@id\":\"https:\\\/\\\/www.arhon.ch\\\/fr\\\/#organization\",\"name\":\"Arhon\",\"url\":\"https:\\\/\\\/www.arhon.ch\\\/fr\\\/\",\"logo\":{\"@type\":\"ImageObject\",\"inLanguage\":\"fr-FR\",\"@id\":\"https:\\\/\\\/www.arhon.ch\\\/fr\\\/#\\\/schema\\\/logo\\\/image\\\/\",\"url\":\"https:\\\/\\\/www.arhon.ch\\\/wp-inside\\\/uploads\\\/2022\\\/09\\\/arhon-logo-quadri-basic.png\",\"contentUrl\":\"https:\\\/\\\/www.arhon.ch\\\/wp-inside\\\/uploads\\\/2022\\\/09\\\/arhon-logo-quadri-basic.png\",\"width\":1500,\"height\":972,\"caption\":\"Arhon\"},\"image\":{\"@id\":\"https:\\\/\\\/www.arhon.ch\\\/fr\\\/#\\\/schema\\\/logo\\\/image\\\/\"}}]}<\/script>\n<!-- \/ Yoast SEO plugin. -->","yoast_head_json":{"title":"Arhon \u2013 Simplifiez la gestion de votre \u00e9tablissement | Arhon","description":"D\u00e9couvrez toutes les fonctionnalit\u00e9s d\u2019Arhon, le logiciel h\u00f4telier suisse qui simplifie la gestion de votre \u00e9tablissement","robots":{"index":"index","follow":"follow","max-snippet":"max-snippet:-1","max-image-preview":"max-image-preview:large","max-video-preview":"max-video-preview:-1"},"canonical":"https:\/\/www.arhon.ch\/fr\/fonctionnalites-logiciel-hotelier\/","og_locale":"fr_FR","og_type":"article","og_title":"Arhon \u2013 Simplifiez la gestion de votre \u00e9tablissement | Arhon","og_description":"D\u00e9couvrez toutes les fonctionnalit\u00e9s d\u2019Arhon, le logiciel h\u00f4telier suisse qui simplifie la gestion de votre \u00e9tablissement","og_url":"https:\/\/www.arhon.ch\/fr\/fonctionnalites-logiciel-hotelier\/","og_site_name":"Arhon","article_modified_time":"2025-10-05T16:17:40+00:00","og_image":[{"width":2048,"height":1536,"url":"https:\/\/www.arhon.ch\/wp-inside\/uploads\/2022\/11\/fonctionnalites-logiciel-arhon.jpg","type":"image\/jpeg"}],"twitter_card":"summary_large_image","schema":{"@context":"https:\/\/schema.org","@graph":[{"@type":"WebPage","@id":"https:\/\/www.arhon.ch\/fr\/fonctionnalites-logiciel-hotelier\/","url":"https:\/\/www.arhon.ch\/fr\/fonctionnalites-logiciel-hotelier\/","name":"Arhon \u2013 Simplifiez la gestion de votre \u00e9tablissement","isPartOf":{"@id":"https:\/\/www.arhon.ch\/fr\/#website"},"primaryImageOfPage":{"@id":"https:\/\/www.arhon.ch\/fr\/fonctionnalites-logiciel-hotelier\/#primaryimage"},"image":{"@id":"https:\/\/www.arhon.ch\/fr\/fonctionnalites-logiciel-hotelier\/#primaryimage"},"thumbnailUrl":"https:\/\/www.arhon.ch\/wp-inside\/uploads\/2022\/11\/fonctionnalites-logiciel-arhon.jpg","datePublished":"2022-09-07T14:06:58+00:00","dateModified":"2025-10-05T16:17:40+00:00","description":"D\u00e9couvrez toutes les fonctionnalit\u00e9s d\u2019Arhon, le logiciel h\u00f4telier suisse qui simplifie la gestion de votre \u00e9tablissement","breadcrumb":{"@id":"https:\/\/www.arhon.ch\/fr\/fonctionnalites-logiciel-hotelier\/#breadcrumb"},"inLanguage":"fr-FR","potentialAction":[{"@type":"ReadAction","target":["https:\/\/www.arhon.ch\/fr\/fonctionnalites-logiciel-hotelier\/"]}]},{"@type":"ImageObject","inLanguage":"fr-FR","@id":"https:\/\/www.arhon.ch\/fr\/fonctionnalites-logiciel-hotelier\/#primaryimage","url":"https:\/\/www.arhon.ch\/wp-inside\/uploads\/2022\/11\/fonctionnalites-logiciel-arhon.jpg","contentUrl":"https:\/\/www.arhon.ch\/wp-inside\/uploads\/2022\/11\/fonctionnalites-logiciel-arhon.jpg","width":2048,"height":1536,"caption":"Fonctions du logiciel de gestion h\u00f4teli\u00e8re Arhon"},{"@type":"BreadcrumbList","@id":"https:\/\/www.arhon.ch\/fr\/fonctionnalites-logiciel-hotelier\/#breadcrumb","itemListElement":[{"@type":"ListItem","position":1,"name":"Accueil","item":"https:\/\/www.arhon.ch\/fr\/"},{"@type":"ListItem","position":2,"name":"Fonctionnalit\u00e9s"}]},{"@type":"WebSite","@id":"https:\/\/www.arhon.ch\/fr\/#website","url":"https:\/\/www.arhon.ch\/fr\/","name":"Arhon","description":"Manage your property easily","publisher":{"@id":"https:\/\/www.arhon.ch\/fr\/#organization"},"potentialAction":[{"@type":"SearchAction","target":{"@type":"EntryPoint","urlTemplate":"https:\/\/www.arhon.ch\/fr\/?s={search_term_string}"},"query-input":{"@type":"PropertyValueSpecification","valueRequired":true,"valueName":"search_term_string"}}],"inLanguage":"fr-FR"},{"@type":"Organization","@id":"https:\/\/www.arhon.ch\/fr\/#organization","name":"Arhon","url":"https:\/\/www.arhon.ch\/fr\/","logo":{"@type":"ImageObject","inLanguage":"fr-FR","@id":"https:\/\/www.arhon.ch\/fr\/#\/schema\/logo\/image\/","url":"https:\/\/www.arhon.ch\/wp-inside\/uploads\/2022\/09\/arhon-logo-quadri-basic.png","contentUrl":"https:\/\/www.arhon.ch\/wp-inside\/uploads\/2022\/09\/arhon-logo-quadri-basic.png","width":1500,"height":972,"caption":"Arhon"},"image":{"@id":"https:\/\/www.arhon.ch\/fr\/#\/schema\/logo\/image\/"}}]}},"_links":{"self":[{"href":"https:\/\/www.arhon.ch\/fr\/wp-json\/wp\/v2\/pages\/17","targetHints":{"allow":["GET"]}}],"collection":[{"href":"https:\/\/www.arhon.ch\/fr\/wp-json\/wp\/v2\/pages"}],"about":[{"href":"https:\/\/www.arhon.ch\/fr\/wp-json\/wp\/v2\/types\/page"}],"author":[{"embeddable":true,"href":"https:\/\/www.arhon.ch\/fr\/wp-json\/wp\/v2\/users\/3"}],"replies":[{"embeddable":true,"href":"https:\/\/www.arhon.ch\/fr\/wp-json\/wp\/v2\/comments?post=17"}],"version-history":[{"count":11,"href":"https:\/\/www.arhon.ch\/fr\/wp-json\/wp\/v2\/pages\/17\/revisions"}],"predecessor-version":[{"id":26013,"href":"https:\/\/www.arhon.ch\/fr\/wp-json\/wp\/v2\/pages\/17\/revisions\/26013"}],"wp:featuredmedia":[{"embeddable":true,"href":"https:\/\/www.arhon.ch\/fr\/wp-json\/wp\/v2\/media\/1280"}],"wp:attachment":[{"href":"https:\/\/www.arhon.ch\/fr\/wp-json\/wp\/v2\/media?parent=17"}],"curies":[{"name":"wp","href":"https:\/\/api.w.org\/{rel}","templated":true}]}}