{"id":34,"date":"2022-09-07T16:19:22","date_gmt":"2022-09-07T14:19:22","guid":{"rendered":"https:\/\/www.arhon.ch\/?page_id=34"},"modified":"2025-10-05T17:11:58","modified_gmt":"2025-10-05T15:11:58","slug":"un-hotel","status":"publish","type":"page","link":"https:\/\/www.arhon.ch\/fr\/vous-etes\/un-hotel\/","title":{"rendered":"un h\u00f4tel"},"content":{"rendered":"<div class=\"wp-post-content\"><!-- zone:zn_pagebanner [0] --><br \/>\n\t\t<!-- \/zone:zn_pagebanner [0] --><br \/>\n<!-- zone:zn_text_img [1] --><\/p>\n<h2>Le logiciel de gestion h\u00f4teli\u00e8re sur le cloud<\/h2>\n<p>G\u00e9rants d\u2019h\u00f4tel, facilitez-vous la gestion de votre \u00e9tablissement, pour vous comme pour vos \u00e9quipes, tout en am\u00e9liorant votre satisfaction client.<\/p>\n<p><strong>Comment en profiter ?<\/strong><\/p>\n<ul>\n<li>Pour bien g\u00e9rer votre h\u00f4tel, choisissez Arhon, le logiciel de gestion h\u00f4teli\u00e8re suisse sur le cloud.<\/li>\n<li>Arhon est facile d\u2019utilisation et fonctionne avec une technologie bas\u00e9e sur le cloud, accessible o\u00f9 que vous soyez et \u00e0 partir de n\u2019importe quel appareil mobile ou de bureau.<\/li>\n<li>Augmentez votre productivit\u00e9 et interconnectez votre logiciel de gestion d\u2019h\u00f4tel avec d\u2019autres logiciels sur le cloud, comme un logiciel de caisse de restaurant, un logiciel de comptabilit\u00e9, une solution de paiement en ligne\u2026<\/li>\n<li>Vous \u00e9vitez la double saisie ainsi que les erreurs. Les donn\u00e9es, les transactions sont trait\u00e9es en 5 secondes, disponibles et accessibles, vous gagnez un temps significatif et ainsi vous \u00e9conomisez de l\u2019argent.<\/li>\n<li>Vous \u00eates efficace, vous gagnez du temps, et vous all\u00e9gez la gestion de votre \u00e9tablissement. Tout fonctionne de mani\u00e8re plus fluide, et cela se ressent aupr\u00e8s de votre client\u00e8le.<\/li>\n<\/ul>\n<p><strong>Le logiciel de gestion d\u2019h\u00f4tel Arhon apporte une v\u00e9ritable valeur ajout\u00e9e, et offre une vraie r\u00e9ponse \u00e0 vos besoins.<\/strong><\/p>\n<p><!-- \/zone:zn_text_img [1] -->\n<\/div>\n","protected":false},"excerpt":{"rendered":"<p>Pour bien g\u00e9rer votre h\u00f4tel, choisissez Arhon, le logiciel de gestion h\u00f4teli\u00e8re Suisse sur le cloud.<\/p>\n","protected":false},"author":3,"featured_media":1082,"parent":15,"menu_order":110,"comment_status":"closed","ping_status":"closed","template":"","meta":{"_acf_changed":false,"footnotes":""},"class_list":["post-34","page","type-page","status-publish","has-post-thumbnail","hentry","wp-sticky"],"acf":[],"yoast_head":"<!-- This site is optimized with the Yoast SEO plugin v27.3 - https:\/\/yoast.com\/product\/yoast-seo-wordpress\/ -->\n<title>Arhon \u2013 Gagnez du temps et am\u00e9liorez la satisfaction client | Arhon<\/title>\n<meta name=\"description\" content=\"Avec Arhon, simplifiez la gestion de votre \u00e9tablissement et am\u00e9liorez la satisfaction de vos clients au quotidien.\" \/>\n<meta name=\"robots\" content=\"index, follow, max-snippet:-1, max-image-preview:large, max-video-preview:-1\" \/>\n<link rel=\"canonical\" href=\"https:\/\/www.arhon.ch\/fr\/vous-etes\/un-hotel\/\" \/>\n<meta property=\"og:locale\" content=\"fr_FR\" \/>\n<meta property=\"og:type\" content=\"article\" \/>\n<meta property=\"og:title\" content=\"Arhon \u2013 Gagnez du temps et am\u00e9liorez la satisfaction client | Arhon\" \/>\n<meta property=\"og:description\" content=\"Avec Arhon, simplifiez la gestion de votre \u00e9tablissement et am\u00e9liorez la satisfaction de vos clients au quotidien.\" \/>\n<meta property=\"og:url\" content=\"https:\/\/www.arhon.ch\/fr\/vous-etes\/un-hotel\/\" \/>\n<meta property=\"og:site_name\" content=\"Arhon\" \/>\n<meta property=\"article:modified_time\" content=\"2025-10-05T15:11:58+00:00\" \/>\n<meta property=\"og:image\" content=\"https:\/\/www.arhon.ch\/wp-inside\/uploads\/2022\/11\/vous-etes-un-hotel.jpg\" \/>\n\t<meta property=\"og:image:width\" content=\"1773\" \/>\n\t<meta property=\"og:image:height\" content=\"1182\" \/>\n\t<meta property=\"og:image:type\" content=\"image\/jpeg\" \/>\n<meta name=\"twitter:card\" content=\"summary_large_image\" \/>\n<script type=\"application\/ld+json\" class=\"yoast-schema-graph\">{\"@context\":\"https:\\\/\\\/schema.org\",\"@graph\":[{\"@type\":\"WebPage\",\"@id\":\"https:\\\/\\\/www.arhon.ch\\\/fr\\\/vous-etes\\\/un-hotel\\\/\",\"url\":\"https:\\\/\\\/www.arhon.ch\\\/fr\\\/vous-etes\\\/un-hotel\\\/\",\"name\":\"Arhon \u2013 Gagnez du temps et am\u00e9liorez la satisfaction client\",\"isPartOf\":{\"@id\":\"https:\\\/\\\/www.arhon.ch\\\/fr\\\/#website\"},\"primaryImageOfPage\":{\"@id\":\"https:\\\/\\\/www.arhon.ch\\\/fr\\\/vous-etes\\\/un-hotel\\\/#primaryimage\"},\"image\":{\"@id\":\"https:\\\/\\\/www.arhon.ch\\\/fr\\\/vous-etes\\\/un-hotel\\\/#primaryimage\"},\"thumbnailUrl\":\"https:\\\/\\\/www.arhon.ch\\\/wp-inside\\\/uploads\\\/2022\\\/11\\\/vous-etes-un-hotel.jpg\",\"datePublished\":\"2022-09-07T14:19:22+00:00\",\"dateModified\":\"2025-10-05T15:11:58+00:00\",\"description\":\"Avec Arhon, simplifiez la gestion de votre \u00e9tablissement et am\u00e9liorez la satisfaction de vos clients au quotidien.\",\"breadcrumb\":{\"@id\":\"https:\\\/\\\/www.arhon.ch\\\/fr\\\/vous-etes\\\/un-hotel\\\/#breadcrumb\"},\"inLanguage\":\"fr-FR\",\"potentialAction\":[{\"@type\":\"ReadAction\",\"target\":[\"https:\\\/\\\/www.arhon.ch\\\/fr\\\/vous-etes\\\/un-hotel\\\/\"]}]},{\"@type\":\"ImageObject\",\"inLanguage\":\"fr-FR\",\"@id\":\"https:\\\/\\\/www.arhon.ch\\\/fr\\\/vous-etes\\\/un-hotel\\\/#primaryimage\",\"url\":\"https:\\\/\\\/www.arhon.ch\\\/wp-inside\\\/uploads\\\/2022\\\/11\\\/vous-etes-un-hotel.jpg\",\"contentUrl\":\"https:\\\/\\\/www.arhon.ch\\\/wp-inside\\\/uploads\\\/2022\\\/11\\\/vous-etes-un-hotel.jpg\",\"width\":1773,\"height\":1182,\"caption\":\"Logiciel gestion h\u00f4tel\"},{\"@type\":\"BreadcrumbList\",\"@id\":\"https:\\\/\\\/www.arhon.ch\\\/fr\\\/vous-etes\\\/un-hotel\\\/#breadcrumb\",\"itemListElement\":[{\"@type\":\"ListItem\",\"position\":1,\"name\":\"Accueil\",\"item\":\"https:\\\/\\\/www.arhon.ch\\\/fr\\\/\"},{\"@type\":\"ListItem\",\"position\":2,\"name\":\"Vous \u00eates\",\"item\":\"https:\\\/\\\/www.arhon.ch\\\/fr\\\/vous-etes\\\/\"},{\"@type\":\"ListItem\",\"position\":3,\"name\":\"un h\u00f4tel\"}]},{\"@type\":\"WebSite\",\"@id\":\"https:\\\/\\\/www.arhon.ch\\\/fr\\\/#website\",\"url\":\"https:\\\/\\\/www.arhon.ch\\\/fr\\\/\",\"name\":\"Arhon\",\"description\":\"Manage your property easily\",\"publisher\":{\"@id\":\"https:\\\/\\\/www.arhon.ch\\\/fr\\\/#organization\"},\"potentialAction\":[{\"@type\":\"SearchAction\",\"target\":{\"@type\":\"EntryPoint\",\"urlTemplate\":\"https:\\\/\\\/www.arhon.ch\\\/fr\\\/?s={search_term_string}\"},\"query-input\":{\"@type\":\"PropertyValueSpecification\",\"valueRequired\":true,\"valueName\":\"search_term_string\"}}],\"inLanguage\":\"fr-FR\"},{\"@type\":\"Organization\",\"@id\":\"https:\\\/\\\/www.arhon.ch\\\/fr\\\/#organization\",\"name\":\"Arhon\",\"url\":\"https:\\\/\\\/www.arhon.ch\\\/fr\\\/\",\"logo\":{\"@type\":\"ImageObject\",\"inLanguage\":\"fr-FR\",\"@id\":\"https:\\\/\\\/www.arhon.ch\\\/fr\\\/#\\\/schema\\\/logo\\\/image\\\/\",\"url\":\"https:\\\/\\\/www.arhon.ch\\\/wp-inside\\\/uploads\\\/2022\\\/09\\\/arhon-logo-quadri-basic.png\",\"contentUrl\":\"https:\\\/\\\/www.arhon.ch\\\/wp-inside\\\/uploads\\\/2022\\\/09\\\/arhon-logo-quadri-basic.png\",\"width\":1500,\"height\":972,\"caption\":\"Arhon\"},\"image\":{\"@id\":\"https:\\\/\\\/www.arhon.ch\\\/fr\\\/#\\\/schema\\\/logo\\\/image\\\/\"}}]}<\/script>\n<!-- \/ Yoast SEO plugin. -->","yoast_head_json":{"title":"Arhon \u2013 Gagnez du temps et am\u00e9liorez la satisfaction client | Arhon","description":"Avec Arhon, simplifiez la gestion de votre \u00e9tablissement et am\u00e9liorez la satisfaction de vos clients au quotidien.","robots":{"index":"index","follow":"follow","max-snippet":"max-snippet:-1","max-image-preview":"max-image-preview:large","max-video-preview":"max-video-preview:-1"},"canonical":"https:\/\/www.arhon.ch\/fr\/vous-etes\/un-hotel\/","og_locale":"fr_FR","og_type":"article","og_title":"Arhon \u2013 Gagnez du temps et am\u00e9liorez la satisfaction client | Arhon","og_description":"Avec Arhon, simplifiez la gestion de votre \u00e9tablissement et am\u00e9liorez la satisfaction de vos clients au quotidien.","og_url":"https:\/\/www.arhon.ch\/fr\/vous-etes\/un-hotel\/","og_site_name":"Arhon","article_modified_time":"2025-10-05T15:11:58+00:00","og_image":[{"width":1773,"height":1182,"url":"https:\/\/www.arhon.ch\/wp-inside\/uploads\/2022\/11\/vous-etes-un-hotel.jpg","type":"image\/jpeg"}],"twitter_card":"summary_large_image","schema":{"@context":"https:\/\/schema.org","@graph":[{"@type":"WebPage","@id":"https:\/\/www.arhon.ch\/fr\/vous-etes\/un-hotel\/","url":"https:\/\/www.arhon.ch\/fr\/vous-etes\/un-hotel\/","name":"Arhon \u2013 Gagnez du temps et am\u00e9liorez la satisfaction client","isPartOf":{"@id":"https:\/\/www.arhon.ch\/fr\/#website"},"primaryImageOfPage":{"@id":"https:\/\/www.arhon.ch\/fr\/vous-etes\/un-hotel\/#primaryimage"},"image":{"@id":"https:\/\/www.arhon.ch\/fr\/vous-etes\/un-hotel\/#primaryimage"},"thumbnailUrl":"https:\/\/www.arhon.ch\/wp-inside\/uploads\/2022\/11\/vous-etes-un-hotel.jpg","datePublished":"2022-09-07T14:19:22+00:00","dateModified":"2025-10-05T15:11:58+00:00","description":"Avec Arhon, simplifiez la gestion de votre \u00e9tablissement et am\u00e9liorez la satisfaction de vos clients au quotidien.","breadcrumb":{"@id":"https:\/\/www.arhon.ch\/fr\/vous-etes\/un-hotel\/#breadcrumb"},"inLanguage":"fr-FR","potentialAction":[{"@type":"ReadAction","target":["https:\/\/www.arhon.ch\/fr\/vous-etes\/un-hotel\/"]}]},{"@type":"ImageObject","inLanguage":"fr-FR","@id":"https:\/\/www.arhon.ch\/fr\/vous-etes\/un-hotel\/#primaryimage","url":"https:\/\/www.arhon.ch\/wp-inside\/uploads\/2022\/11\/vous-etes-un-hotel.jpg","contentUrl":"https:\/\/www.arhon.ch\/wp-inside\/uploads\/2022\/11\/vous-etes-un-hotel.jpg","width":1773,"height":1182,"caption":"Logiciel gestion h\u00f4tel"},{"@type":"BreadcrumbList","@id":"https:\/\/www.arhon.ch\/fr\/vous-etes\/un-hotel\/#breadcrumb","itemListElement":[{"@type":"ListItem","position":1,"name":"Accueil","item":"https:\/\/www.arhon.ch\/fr\/"},{"@type":"ListItem","position":2,"name":"Vous \u00eates","item":"https:\/\/www.arhon.ch\/fr\/vous-etes\/"},{"@type":"ListItem","position":3,"name":"un h\u00f4tel"}]},{"@type":"WebSite","@id":"https:\/\/www.arhon.ch\/fr\/#website","url":"https:\/\/www.arhon.ch\/fr\/","name":"Arhon","description":"Manage your property easily","publisher":{"@id":"https:\/\/www.arhon.ch\/fr\/#organization"},"potentialAction":[{"@type":"SearchAction","target":{"@type":"EntryPoint","urlTemplate":"https:\/\/www.arhon.ch\/fr\/?s={search_term_string}"},"query-input":{"@type":"PropertyValueSpecification","valueRequired":true,"valueName":"search_term_string"}}],"inLanguage":"fr-FR"},{"@type":"Organization","@id":"https:\/\/www.arhon.ch\/fr\/#organization","name":"Arhon","url":"https:\/\/www.arhon.ch\/fr\/","logo":{"@type":"ImageObject","inLanguage":"fr-FR","@id":"https:\/\/www.arhon.ch\/fr\/#\/schema\/logo\/image\/","url":"https:\/\/www.arhon.ch\/wp-inside\/uploads\/2022\/09\/arhon-logo-quadri-basic.png","contentUrl":"https:\/\/www.arhon.ch\/wp-inside\/uploads\/2022\/09\/arhon-logo-quadri-basic.png","width":1500,"height":972,"caption":"Arhon"},"image":{"@id":"https:\/\/www.arhon.ch\/fr\/#\/schema\/logo\/image\/"}}]}},"_links":{"self":[{"href":"https:\/\/www.arhon.ch\/fr\/wp-json\/wp\/v2\/pages\/34","targetHints":{"allow":["GET"]}}],"collection":[{"href":"https:\/\/www.arhon.ch\/fr\/wp-json\/wp\/v2\/pages"}],"about":[{"href":"https:\/\/www.arhon.ch\/fr\/wp-json\/wp\/v2\/types\/page"}],"author":[{"embeddable":true,"href":"https:\/\/www.arhon.ch\/fr\/wp-json\/wp\/v2\/users\/3"}],"replies":[{"embeddable":true,"href":"https:\/\/www.arhon.ch\/fr\/wp-json\/wp\/v2\/comments?post=34"}],"version-history":[{"count":12,"href":"https:\/\/www.arhon.ch\/fr\/wp-json\/wp\/v2\/pages\/34\/revisions"}],"predecessor-version":[{"id":26015,"href":"https:\/\/www.arhon.ch\/fr\/wp-json\/wp\/v2\/pages\/34\/revisions\/26015"}],"up":[{"embeddable":true,"href":"https:\/\/www.arhon.ch\/fr\/wp-json\/wp\/v2\/pages\/15"}],"wp:featuredmedia":[{"embeddable":true,"href":"https:\/\/www.arhon.ch\/fr\/wp-json\/wp\/v2\/media\/1082"}],"wp:attachment":[{"href":"https:\/\/www.arhon.ch\/fr\/wp-json\/wp\/v2\/media?parent=34"}],"curies":[{"name":"wp","href":"https:\/\/api.w.org\/{rel}","templated":true}]}}