{"id":42,"date":"2022-09-07T16:22:34","date_gmt":"2022-09-07T14:22:34","guid":{"rendered":"https:\/\/www.arhon.ch\/?page_id=42"},"modified":"2025-10-05T17:05:13","modified_gmt":"2025-10-05T15:05:13","slug":"maison-de-vacances","status":"publish","type":"page","link":"https:\/\/www.arhon.ch\/fr\/vous-etes\/maison-de-vacances\/","title":{"rendered":"une maison de vacances"},"content":{"rendered":"<div class=\"wp-post-content\"><!-- zone:zn_pagebanner [0] --><br \/>\n\t\t<!-- \/zone:zn_pagebanner [0] --><br \/>\n<!-- zone:zn_text_img [1] --><\/p>\n<h2>La technologie Arhon pour g\u00e9rer simplement et efficacement votre maison de vacances<\/h2>\n<p>D\u00e9couvrez Arhon, la solution pour vos besoins de mise en location saisonni\u00e8re de votre ou vos maison(s) de vacances.<\/p>\n<p>A quelques exceptions pr\u00e8s, vos besoins de gestion sont les m\u00eames que ceux d\u2019un h\u00f4tel.<br \/>\nIl est indispensable pour vous d\u2019\u00eatre visible sur internet aux p\u00e9riodes que vous aurez d\u00e9finies.<\/p>\n<p><strong>Avec le logiciel de gestion de maisons de vacances Arhon :<\/strong><\/p>\n<ul>\n<li>Louez en ligne votre maison gr\u00e2ce au moteur de r\u00e9servation install\u00e9 sur votre site web<\/li>\n<li>Optez pour la fonctionnalit\u00e9 qui g\u00e9n\u00e8re des r\u00e9servations pour votre \u00e9tablissement en le rendant visible sur des sites de voyage performants tels que Google Hotel Ads, Trivago et TripAdvisor<\/li>\n<li>R\u00e9duisez significativement les co\u00fbts de plateforme de r\u00e9servation trop gourmande<\/li>\n<li>S\u00e9curisez la r\u00e9servation par la garantie du paiement en ligne<\/li>\n<\/ul>\n<p><strong>Arhon est tr\u00e8s facile d\u2019utilisation et fonctionne avec une technologie bas\u00e9e sur le cloud, accessible o\u00f9 que vous soyez et \u00e0 partir de n\u2019importe quel appareil mobile ou de bureau. Pour en savoir plus et d\u00e9couvrir comment il peut vous aider au quotidien, profitez d\u2019une d\u00e9mo personnalis\u00e9e.<\/strong><\/p>\n<p><!-- \/zone:zn_text_img [1] -->\n<\/div>\n","protected":false},"excerpt":{"rendered":"<p>D\u00e9couvrez Arhon, la solution pour vos besoins de mise en location saisonni\u00e8re de votre ou vos maison(s) de vacances.<\/p>\n","protected":false},"author":3,"featured_media":1215,"parent":15,"menu_order":140,"comment_status":"closed","ping_status":"closed","template":"","meta":{"_acf_changed":false,"footnotes":""},"class_list":["post-42","page","type-page","status-publish","has-post-thumbnail","hentry","wp-sticky"],"acf":[],"yoast_head":"<!-- This site is optimized with the Yoast SEO plugin v27.4 - https:\/\/yoast.com\/product\/yoast-seo-wordpress\/ -->\n<title>Gestion maison de vacances, logiciel de maison de vacances | Arhon<\/title>\n<meta name=\"description\" content=\"D\u00e9couvrez Arhon, la solution pour vos besoins de mise en location saisonni\u00e8re de votre ou vos maison(s) de vacances.\" \/>\n<meta name=\"robots\" content=\"index, follow, max-snippet:-1, max-image-preview:large, max-video-preview:-1\" \/>\n<link rel=\"canonical\" href=\"https:\/\/www.arhon.ch\/fr\/vous-etes\/maison-de-vacances\/\" \/>\n<meta property=\"og:locale\" content=\"fr_FR\" \/>\n<meta property=\"og:type\" content=\"article\" \/>\n<meta property=\"og:title\" content=\"Gestion maison de vacances, logiciel de maison de vacances | Arhon\" \/>\n<meta property=\"og:description\" content=\"D\u00e9couvrez Arhon, la solution pour vos besoins de mise en location saisonni\u00e8re de votre ou vos maison(s) de vacances.\" \/>\n<meta property=\"og:url\" content=\"https:\/\/www.arhon.ch\/fr\/vous-etes\/maison-de-vacances\/\" \/>\n<meta property=\"og:site_name\" content=\"Arhon\" \/>\n<meta property=\"article:modified_time\" content=\"2025-10-05T15:05:13+00:00\" \/>\n<meta property=\"og:image\" content=\"https:\/\/www.arhon.ch\/wp-inside\/uploads\/2022\/11\/logiciel-gestion-maison-vacances.jpg\" \/>\n\t<meta property=\"og:image:width\" content=\"1280\" \/>\n\t<meta property=\"og:image:height\" content=\"1920\" \/>\n\t<meta property=\"og:image:type\" content=\"image\/jpeg\" \/>\n<meta name=\"twitter:card\" content=\"summary_large_image\" \/>\n<script type=\"application\/ld+json\" class=\"yoast-schema-graph\">{\"@context\":\"https:\\\/\\\/schema.org\",\"@graph\":[{\"@type\":\"WebPage\",\"@id\":\"https:\\\/\\\/www.arhon.ch\\\/fr\\\/vous-etes\\\/maison-de-vacances\\\/\",\"url\":\"https:\\\/\\\/www.arhon.ch\\\/fr\\\/vous-etes\\\/maison-de-vacances\\\/\",\"name\":\"Gestion maison de vacances, logiciel de maison de vacances\",\"isPartOf\":{\"@id\":\"https:\\\/\\\/www.arhon.ch\\\/fr\\\/#website\"},\"primaryImageOfPage\":{\"@id\":\"https:\\\/\\\/www.arhon.ch\\\/fr\\\/vous-etes\\\/maison-de-vacances\\\/#primaryimage\"},\"image\":{\"@id\":\"https:\\\/\\\/www.arhon.ch\\\/fr\\\/vous-etes\\\/maison-de-vacances\\\/#primaryimage\"},\"thumbnailUrl\":\"https:\\\/\\\/www.arhon.ch\\\/wp-inside\\\/uploads\\\/2022\\\/11\\\/logiciel-gestion-maison-vacances.jpg\",\"datePublished\":\"2022-09-07T14:22:34+00:00\",\"dateModified\":\"2025-10-05T15:05:13+00:00\",\"description\":\"D\u00e9couvrez Arhon, la solution pour vos besoins de mise en location saisonni\u00e8re de votre ou vos maison(s) de vacances.\",\"breadcrumb\":{\"@id\":\"https:\\\/\\\/www.arhon.ch\\\/fr\\\/vous-etes\\\/maison-de-vacances\\\/#breadcrumb\"},\"inLanguage\":\"fr-FR\",\"potentialAction\":[{\"@type\":\"ReadAction\",\"target\":[\"https:\\\/\\\/www.arhon.ch\\\/fr\\\/vous-etes\\\/maison-de-vacances\\\/\"]}]},{\"@type\":\"ImageObject\",\"inLanguage\":\"fr-FR\",\"@id\":\"https:\\\/\\\/www.arhon.ch\\\/fr\\\/vous-etes\\\/maison-de-vacances\\\/#primaryimage\",\"url\":\"https:\\\/\\\/www.arhon.ch\\\/wp-inside\\\/uploads\\\/2022\\\/11\\\/logiciel-gestion-maison-vacances.jpg\",\"contentUrl\":\"https:\\\/\\\/www.arhon.ch\\\/wp-inside\\\/uploads\\\/2022\\\/11\\\/logiciel-gestion-maison-vacances.jpg\",\"width\":1280,\"height\":1920,\"caption\":\"Logiciel gestion maison vacances\"},{\"@type\":\"BreadcrumbList\",\"@id\":\"https:\\\/\\\/www.arhon.ch\\\/fr\\\/vous-etes\\\/maison-de-vacances\\\/#breadcrumb\",\"itemListElement\":[{\"@type\":\"ListItem\",\"position\":1,\"name\":\"Accueil\",\"item\":\"https:\\\/\\\/www.arhon.ch\\\/fr\\\/\"},{\"@type\":\"ListItem\",\"position\":2,\"name\":\"Vous \u00eates\",\"item\":\"https:\\\/\\\/www.arhon.ch\\\/fr\\\/vous-etes\\\/\"},{\"@type\":\"ListItem\",\"position\":3,\"name\":\"une maison de vacances\"}]},{\"@type\":\"WebSite\",\"@id\":\"https:\\\/\\\/www.arhon.ch\\\/fr\\\/#website\",\"url\":\"https:\\\/\\\/www.arhon.ch\\\/fr\\\/\",\"name\":\"Arhon\",\"description\":\"Manage your property easily\",\"publisher\":{\"@id\":\"https:\\\/\\\/www.arhon.ch\\\/fr\\\/#organization\"},\"potentialAction\":[{\"@type\":\"SearchAction\",\"target\":{\"@type\":\"EntryPoint\",\"urlTemplate\":\"https:\\\/\\\/www.arhon.ch\\\/fr\\\/?s={search_term_string}\"},\"query-input\":{\"@type\":\"PropertyValueSpecification\",\"valueRequired\":true,\"valueName\":\"search_term_string\"}}],\"inLanguage\":\"fr-FR\"},{\"@type\":\"Organization\",\"@id\":\"https:\\\/\\\/www.arhon.ch\\\/fr\\\/#organization\",\"name\":\"Arhon\",\"url\":\"https:\\\/\\\/www.arhon.ch\\\/fr\\\/\",\"logo\":{\"@type\":\"ImageObject\",\"inLanguage\":\"fr-FR\",\"@id\":\"https:\\\/\\\/www.arhon.ch\\\/fr\\\/#\\\/schema\\\/logo\\\/image\\\/\",\"url\":\"https:\\\/\\\/www.arhon.ch\\\/wp-inside\\\/uploads\\\/2022\\\/09\\\/arhon-logo-quadri-basic.png\",\"contentUrl\":\"https:\\\/\\\/www.arhon.ch\\\/wp-inside\\\/uploads\\\/2022\\\/09\\\/arhon-logo-quadri-basic.png\",\"width\":1500,\"height\":972,\"caption\":\"Arhon\"},\"image\":{\"@id\":\"https:\\\/\\\/www.arhon.ch\\\/fr\\\/#\\\/schema\\\/logo\\\/image\\\/\"}}]}<\/script>\n<!-- \/ Yoast SEO plugin. -->","yoast_head_json":{"title":"Gestion maison de vacances, logiciel de maison de vacances | Arhon","description":"D\u00e9couvrez Arhon, la solution pour vos besoins de mise en location saisonni\u00e8re de votre ou vos maison(s) de vacances.","robots":{"index":"index","follow":"follow","max-snippet":"max-snippet:-1","max-image-preview":"max-image-preview:large","max-video-preview":"max-video-preview:-1"},"canonical":"https:\/\/www.arhon.ch\/fr\/vous-etes\/maison-de-vacances\/","og_locale":"fr_FR","og_type":"article","og_title":"Gestion maison de vacances, logiciel de maison de vacances | Arhon","og_description":"D\u00e9couvrez Arhon, la solution pour vos besoins de mise en location saisonni\u00e8re de votre ou vos maison(s) de vacances.","og_url":"https:\/\/www.arhon.ch\/fr\/vous-etes\/maison-de-vacances\/","og_site_name":"Arhon","article_modified_time":"2025-10-05T15:05:13+00:00","og_image":[{"width":1280,"height":1920,"url":"https:\/\/www.arhon.ch\/wp-inside\/uploads\/2022\/11\/logiciel-gestion-maison-vacances.jpg","type":"image\/jpeg"}],"twitter_card":"summary_large_image","schema":{"@context":"https:\/\/schema.org","@graph":[{"@type":"WebPage","@id":"https:\/\/www.arhon.ch\/fr\/vous-etes\/maison-de-vacances\/","url":"https:\/\/www.arhon.ch\/fr\/vous-etes\/maison-de-vacances\/","name":"Gestion maison de vacances, logiciel de maison de vacances","isPartOf":{"@id":"https:\/\/www.arhon.ch\/fr\/#website"},"primaryImageOfPage":{"@id":"https:\/\/www.arhon.ch\/fr\/vous-etes\/maison-de-vacances\/#primaryimage"},"image":{"@id":"https:\/\/www.arhon.ch\/fr\/vous-etes\/maison-de-vacances\/#primaryimage"},"thumbnailUrl":"https:\/\/www.arhon.ch\/wp-inside\/uploads\/2022\/11\/logiciel-gestion-maison-vacances.jpg","datePublished":"2022-09-07T14:22:34+00:00","dateModified":"2025-10-05T15:05:13+00:00","description":"D\u00e9couvrez Arhon, la solution pour vos besoins de mise en location saisonni\u00e8re de votre ou vos maison(s) de vacances.","breadcrumb":{"@id":"https:\/\/www.arhon.ch\/fr\/vous-etes\/maison-de-vacances\/#breadcrumb"},"inLanguage":"fr-FR","potentialAction":[{"@type":"ReadAction","target":["https:\/\/www.arhon.ch\/fr\/vous-etes\/maison-de-vacances\/"]}]},{"@type":"ImageObject","inLanguage":"fr-FR","@id":"https:\/\/www.arhon.ch\/fr\/vous-etes\/maison-de-vacances\/#primaryimage","url":"https:\/\/www.arhon.ch\/wp-inside\/uploads\/2022\/11\/logiciel-gestion-maison-vacances.jpg","contentUrl":"https:\/\/www.arhon.ch\/wp-inside\/uploads\/2022\/11\/logiciel-gestion-maison-vacances.jpg","width":1280,"height":1920,"caption":"Logiciel gestion maison vacances"},{"@type":"BreadcrumbList","@id":"https:\/\/www.arhon.ch\/fr\/vous-etes\/maison-de-vacances\/#breadcrumb","itemListElement":[{"@type":"ListItem","position":1,"name":"Accueil","item":"https:\/\/www.arhon.ch\/fr\/"},{"@type":"ListItem","position":2,"name":"Vous \u00eates","item":"https:\/\/www.arhon.ch\/fr\/vous-etes\/"},{"@type":"ListItem","position":3,"name":"une maison de vacances"}]},{"@type":"WebSite","@id":"https:\/\/www.arhon.ch\/fr\/#website","url":"https:\/\/www.arhon.ch\/fr\/","name":"Arhon","description":"Manage your property easily","publisher":{"@id":"https:\/\/www.arhon.ch\/fr\/#organization"},"potentialAction":[{"@type":"SearchAction","target":{"@type":"EntryPoint","urlTemplate":"https:\/\/www.arhon.ch\/fr\/?s={search_term_string}"},"query-input":{"@type":"PropertyValueSpecification","valueRequired":true,"valueName":"search_term_string"}}],"inLanguage":"fr-FR"},{"@type":"Organization","@id":"https:\/\/www.arhon.ch\/fr\/#organization","name":"Arhon","url":"https:\/\/www.arhon.ch\/fr\/","logo":{"@type":"ImageObject","inLanguage":"fr-FR","@id":"https:\/\/www.arhon.ch\/fr\/#\/schema\/logo\/image\/","url":"https:\/\/www.arhon.ch\/wp-inside\/uploads\/2022\/09\/arhon-logo-quadri-basic.png","contentUrl":"https:\/\/www.arhon.ch\/wp-inside\/uploads\/2022\/09\/arhon-logo-quadri-basic.png","width":1500,"height":972,"caption":"Arhon"},"image":{"@id":"https:\/\/www.arhon.ch\/fr\/#\/schema\/logo\/image\/"}}]}},"_links":{"self":[{"href":"https:\/\/www.arhon.ch\/fr\/wp-json\/wp\/v2\/pages\/42","targetHints":{"allow":["GET"]}}],"collection":[{"href":"https:\/\/www.arhon.ch\/fr\/wp-json\/wp\/v2\/pages"}],"about":[{"href":"https:\/\/www.arhon.ch\/fr\/wp-json\/wp\/v2\/types\/page"}],"author":[{"embeddable":true,"href":"https:\/\/www.arhon.ch\/fr\/wp-json\/wp\/v2\/users\/3"}],"replies":[{"embeddable":true,"href":"https:\/\/www.arhon.ch\/fr\/wp-json\/wp\/v2\/comments?post=42"}],"version-history":[{"count":10,"href":"https:\/\/www.arhon.ch\/fr\/wp-json\/wp\/v2\/pages\/42\/revisions"}],"predecessor-version":[{"id":26012,"href":"https:\/\/www.arhon.ch\/fr\/wp-json\/wp\/v2\/pages\/42\/revisions\/26012"}],"up":[{"embeddable":true,"href":"https:\/\/www.arhon.ch\/fr\/wp-json\/wp\/v2\/pages\/15"}],"wp:featuredmedia":[{"embeddable":true,"href":"https:\/\/www.arhon.ch\/fr\/wp-json\/wp\/v2\/media\/1215"}],"wp:attachment":[{"href":"https:\/\/www.arhon.ch\/fr\/wp-json\/wp\/v2\/media?parent=42"}],"curies":[{"name":"wp","href":"https:\/\/api.w.org\/{rel}","templated":true}]}}