{"id":44,"date":"2022-09-07T16:23:15","date_gmt":"2022-09-07T14:23:15","guid":{"rendered":"https:\/\/www.arhon.ch\/?page_id=44"},"modified":"2025-10-09T21:04:26","modified_gmt":"2025-10-09T19:04:26","slug":"un-camping","status":"publish","type":"page","link":"https:\/\/www.arhon.ch\/fr\/vous-etes\/un-camping\/","title":{"rendered":"un camping"},"content":{"rendered":"<div class=\"wp-post-content\"><!-- zone:zn_pagebanner [0] --><br \/>\n\t\t<!-- \/zone:zn_pagebanner [0] --><br \/>\n<!-- zone:zn_text [1] --><\/p>\n<h2 style=\"text-align: center;\">Le logiciel de gestion au service des emplacements en plein air<\/h2>\n<p>\t\t\t<!-- \/zone:zn_text [1] --><br \/>\n<!-- zone:zn_text_img [2] --><\/p>\n<p>Vous g\u00e9rez un camping avec emplacements de tentes, de caravanes, camping-cars, mobil-homes, bungalows, chalets et cabanes ? Vos besoins de gestion sont similaires \u00e0 ceux d\u2019un h\u00f4tel, avec toutes les particularit\u00e9s inh\u00e9rentes \u00e0 votre c\u0153ur de m\u00e9tier. <strong>Arhon s\u2019adapte parfaitement \u00e0 vos besoins et vous propose une solution compl\u00e8te :<\/strong><\/p>\n<ul>\n<li>Arhon est facile d\u2019utilisation et fonctionne gr\u00e2ce \u00e0 une technologie bas\u00e9e sur le cloud, accessible o\u00f9 que vous soyez et \u00e0 partir de n\u2019importe quel appareil mobile ou de bureau.<\/li>\n<li>Gagnez du temps et interfacez votre logiciel de gestion d\u2019h\u00f4tel avec d\u2019autres logiciels sur le cloud : un logiciel de comptabilit\u00e9 reli\u00e9 \u00e0 votre banque, une solution de paiement en ligne, un logiciel de caisse de restaurant, de kiosque\u2026<\/li>\n<li>Vous \u00e9vitez la double saisie, ainsi que les erreurs. Vous gagnez un temps significatif et ainsi vous \u00e9conomisez de l\u2019argent et des donn\u00e9es. Les transactions sont trait\u00e9es en 5 secondes, disponibles et accessibles quand vous le souhaitez !<\/li>\n<li>Faites appel \u00e0 la technologie, vendez vos chambres depuis votre site web ou encore les r\u00e9seaux sociaux. Simplifiez la distribution de vos emplacements gr\u00e2ce au channel manager, automatisez vos r\u00e9servations, modifications, annulations, disponibilit\u00e9s, gestion des tarifs, facturation, paiement<\/li>\n<\/ul>\n<p>Changez d\u2019air avec Arhon, faites le choix d\u2019une bouff\u00e9e d\u2019oxyg\u00e8ne pour vous, pour vos proches, et pour vos clients !<\/p>\n<p><!-- \/zone:zn_text_img [2] -->\n<\/div>\n","protected":false},"excerpt":{"rendered":"<p>Vous g\u00e9rez un camping ? Choisissez le logiciel de gestion h\u00f4teli\u00e8re Suisse Arhon et profitez de fonctionnalit\u00e9s compl\u00e8tes et adapt\u00e9es \u00e0 votre \u00e9tablissement.<\/p>\n","protected":false},"author":3,"featured_media":1013,"parent":15,"menu_order":150,"comment_status":"closed","ping_status":"closed","template":"","meta":{"_acf_changed":false,"footnotes":""},"class_list":["post-44","page","type-page","status-publish","has-post-thumbnail","hentry","wp-sticky"],"acf":[],"yoast_head":"<!-- This site is optimized with the Yoast SEO plugin v27.5 - https:\/\/yoast.com\/product\/yoast-seo-wordpress\/ -->\n<title>camping gestion, logiciel gestion camping | Arhon<\/title>\n<meta name=\"description\" content=\"Vous g\u00e9rez un camping ? Arhon s\u2019adapte parfaitement \u00e0 vos besoins et vous propose une solution compl\u00e8te\" \/>\n<meta name=\"robots\" content=\"index, follow, max-snippet:-1, max-image-preview:large, max-video-preview:-1\" \/>\n<link rel=\"canonical\" href=\"https:\/\/www.arhon.ch\/fr\/vous-etes\/un-camping\/\" \/>\n<meta property=\"og:locale\" content=\"fr_FR\" \/>\n<meta property=\"og:type\" content=\"article\" \/>\n<meta property=\"og:title\" content=\"camping gestion, logiciel gestion camping | Arhon\" \/>\n<meta property=\"og:description\" content=\"Vous g\u00e9rez un camping ? Arhon s\u2019adapte parfaitement \u00e0 vos besoins et vous propose une solution compl\u00e8te\" \/>\n<meta property=\"og:url\" content=\"https:\/\/www.arhon.ch\/fr\/vous-etes\/un-camping\/\" \/>\n<meta property=\"og:site_name\" content=\"Arhon\" \/>\n<meta property=\"article:modified_time\" content=\"2025-10-09T19:04:26+00:00\" \/>\n<meta property=\"og:image\" content=\"https:\/\/www.arhon.ch\/wp-inside\/uploads\/2022\/11\/gestion-camping.jpg\" \/>\n\t<meta property=\"og:image:width\" content=\"1559\" \/>\n\t<meta property=\"og:image:height\" content=\"1040\" \/>\n\t<meta property=\"og:image:type\" content=\"image\/jpeg\" \/>\n<meta name=\"twitter:card\" content=\"summary_large_image\" \/>\n<script type=\"application\/ld+json\" class=\"yoast-schema-graph\">{\"@context\":\"https:\\\/\\\/schema.org\",\"@graph\":[{\"@type\":\"WebPage\",\"@id\":\"https:\\\/\\\/www.arhon.ch\\\/fr\\\/vous-etes\\\/un-camping\\\/\",\"url\":\"https:\\\/\\\/www.arhon.ch\\\/fr\\\/vous-etes\\\/un-camping\\\/\",\"name\":\"camping gestion, logiciel gestion camping | Arhon\",\"isPartOf\":{\"@id\":\"https:\\\/\\\/www.arhon.ch\\\/fr\\\/#website\"},\"primaryImageOfPage\":{\"@id\":\"https:\\\/\\\/www.arhon.ch\\\/fr\\\/vous-etes\\\/un-camping\\\/#primaryimage\"},\"image\":{\"@id\":\"https:\\\/\\\/www.arhon.ch\\\/fr\\\/vous-etes\\\/un-camping\\\/#primaryimage\"},\"thumbnailUrl\":\"https:\\\/\\\/www.arhon.ch\\\/wp-inside\\\/uploads\\\/2022\\\/11\\\/gestion-camping.jpg\",\"datePublished\":\"2022-09-07T14:23:15+00:00\",\"dateModified\":\"2025-10-09T19:04:26+00:00\",\"description\":\"Vous g\u00e9rez un camping ? Arhon s\u2019adapte parfaitement \u00e0 vos besoins et vous propose une solution compl\u00e8te\",\"breadcrumb\":{\"@id\":\"https:\\\/\\\/www.arhon.ch\\\/fr\\\/vous-etes\\\/un-camping\\\/#breadcrumb\"},\"inLanguage\":\"fr-FR\",\"potentialAction\":[{\"@type\":\"ReadAction\",\"target\":[\"https:\\\/\\\/www.arhon.ch\\\/fr\\\/vous-etes\\\/un-camping\\\/\"]}]},{\"@type\":\"ImageObject\",\"inLanguage\":\"fr-FR\",\"@id\":\"https:\\\/\\\/www.arhon.ch\\\/fr\\\/vous-etes\\\/un-camping\\\/#primaryimage\",\"url\":\"https:\\\/\\\/www.arhon.ch\\\/wp-inside\\\/uploads\\\/2022\\\/11\\\/gestion-camping.jpg\",\"contentUrl\":\"https:\\\/\\\/www.arhon.ch\\\/wp-inside\\\/uploads\\\/2022\\\/11\\\/gestion-camping.jpg\",\"width\":1559,\"height\":1040,\"caption\":\"Gestion camping\"},{\"@type\":\"BreadcrumbList\",\"@id\":\"https:\\\/\\\/www.arhon.ch\\\/fr\\\/vous-etes\\\/un-camping\\\/#breadcrumb\",\"itemListElement\":[{\"@type\":\"ListItem\",\"position\":1,\"name\":\"Accueil\",\"item\":\"https:\\\/\\\/www.arhon.ch\\\/fr\\\/\"},{\"@type\":\"ListItem\",\"position\":2,\"name\":\"Vous \u00eates\",\"item\":\"https:\\\/\\\/www.arhon.ch\\\/fr\\\/vous-etes\\\/\"},{\"@type\":\"ListItem\",\"position\":3,\"name\":\"un camping\"}]},{\"@type\":\"WebSite\",\"@id\":\"https:\\\/\\\/www.arhon.ch\\\/fr\\\/#website\",\"url\":\"https:\\\/\\\/www.arhon.ch\\\/fr\\\/\",\"name\":\"Arhon\",\"description\":\"Manage your property easily\",\"publisher\":{\"@id\":\"https:\\\/\\\/www.arhon.ch\\\/fr\\\/#organization\"},\"potentialAction\":[{\"@type\":\"SearchAction\",\"target\":{\"@type\":\"EntryPoint\",\"urlTemplate\":\"https:\\\/\\\/www.arhon.ch\\\/fr\\\/?s={search_term_string}\"},\"query-input\":{\"@type\":\"PropertyValueSpecification\",\"valueRequired\":true,\"valueName\":\"search_term_string\"}}],\"inLanguage\":\"fr-FR\"},{\"@type\":\"Organization\",\"@id\":\"https:\\\/\\\/www.arhon.ch\\\/fr\\\/#organization\",\"name\":\"Arhon\",\"url\":\"https:\\\/\\\/www.arhon.ch\\\/fr\\\/\",\"logo\":{\"@type\":\"ImageObject\",\"inLanguage\":\"fr-FR\",\"@id\":\"https:\\\/\\\/www.arhon.ch\\\/fr\\\/#\\\/schema\\\/logo\\\/image\\\/\",\"url\":\"https:\\\/\\\/www.arhon.ch\\\/wp-inside\\\/uploads\\\/2022\\\/09\\\/arhon-logo-quadri-basic.png\",\"contentUrl\":\"https:\\\/\\\/www.arhon.ch\\\/wp-inside\\\/uploads\\\/2022\\\/09\\\/arhon-logo-quadri-basic.png\",\"width\":1500,\"height\":972,\"caption\":\"Arhon\"},\"image\":{\"@id\":\"https:\\\/\\\/www.arhon.ch\\\/fr\\\/#\\\/schema\\\/logo\\\/image\\\/\"}}]}<\/script>\n<!-- \/ Yoast SEO plugin. -->","yoast_head_json":{"title":"camping gestion, logiciel gestion camping | Arhon","description":"Vous g\u00e9rez un camping ? Arhon s\u2019adapte parfaitement \u00e0 vos besoins et vous propose une solution compl\u00e8te","robots":{"index":"index","follow":"follow","max-snippet":"max-snippet:-1","max-image-preview":"max-image-preview:large","max-video-preview":"max-video-preview:-1"},"canonical":"https:\/\/www.arhon.ch\/fr\/vous-etes\/un-camping\/","og_locale":"fr_FR","og_type":"article","og_title":"camping gestion, logiciel gestion camping | Arhon","og_description":"Vous g\u00e9rez un camping ? Arhon s\u2019adapte parfaitement \u00e0 vos besoins et vous propose une solution compl\u00e8te","og_url":"https:\/\/www.arhon.ch\/fr\/vous-etes\/un-camping\/","og_site_name":"Arhon","article_modified_time":"2025-10-09T19:04:26+00:00","og_image":[{"width":1559,"height":1040,"url":"https:\/\/www.arhon.ch\/wp-inside\/uploads\/2022\/11\/gestion-camping.jpg","type":"image\/jpeg"}],"twitter_card":"summary_large_image","schema":{"@context":"https:\/\/schema.org","@graph":[{"@type":"WebPage","@id":"https:\/\/www.arhon.ch\/fr\/vous-etes\/un-camping\/","url":"https:\/\/www.arhon.ch\/fr\/vous-etes\/un-camping\/","name":"camping gestion, logiciel gestion camping | Arhon","isPartOf":{"@id":"https:\/\/www.arhon.ch\/fr\/#website"},"primaryImageOfPage":{"@id":"https:\/\/www.arhon.ch\/fr\/vous-etes\/un-camping\/#primaryimage"},"image":{"@id":"https:\/\/www.arhon.ch\/fr\/vous-etes\/un-camping\/#primaryimage"},"thumbnailUrl":"https:\/\/www.arhon.ch\/wp-inside\/uploads\/2022\/11\/gestion-camping.jpg","datePublished":"2022-09-07T14:23:15+00:00","dateModified":"2025-10-09T19:04:26+00:00","description":"Vous g\u00e9rez un camping ? Arhon s\u2019adapte parfaitement \u00e0 vos besoins et vous propose une solution compl\u00e8te","breadcrumb":{"@id":"https:\/\/www.arhon.ch\/fr\/vous-etes\/un-camping\/#breadcrumb"},"inLanguage":"fr-FR","potentialAction":[{"@type":"ReadAction","target":["https:\/\/www.arhon.ch\/fr\/vous-etes\/un-camping\/"]}]},{"@type":"ImageObject","inLanguage":"fr-FR","@id":"https:\/\/www.arhon.ch\/fr\/vous-etes\/un-camping\/#primaryimage","url":"https:\/\/www.arhon.ch\/wp-inside\/uploads\/2022\/11\/gestion-camping.jpg","contentUrl":"https:\/\/www.arhon.ch\/wp-inside\/uploads\/2022\/11\/gestion-camping.jpg","width":1559,"height":1040,"caption":"Gestion camping"},{"@type":"BreadcrumbList","@id":"https:\/\/www.arhon.ch\/fr\/vous-etes\/un-camping\/#breadcrumb","itemListElement":[{"@type":"ListItem","position":1,"name":"Accueil","item":"https:\/\/www.arhon.ch\/fr\/"},{"@type":"ListItem","position":2,"name":"Vous \u00eates","item":"https:\/\/www.arhon.ch\/fr\/vous-etes\/"},{"@type":"ListItem","position":3,"name":"un camping"}]},{"@type":"WebSite","@id":"https:\/\/www.arhon.ch\/fr\/#website","url":"https:\/\/www.arhon.ch\/fr\/","name":"Arhon","description":"Manage your property easily","publisher":{"@id":"https:\/\/www.arhon.ch\/fr\/#organization"},"potentialAction":[{"@type":"SearchAction","target":{"@type":"EntryPoint","urlTemplate":"https:\/\/www.arhon.ch\/fr\/?s={search_term_string}"},"query-input":{"@type":"PropertyValueSpecification","valueRequired":true,"valueName":"search_term_string"}}],"inLanguage":"fr-FR"},{"@type":"Organization","@id":"https:\/\/www.arhon.ch\/fr\/#organization","name":"Arhon","url":"https:\/\/www.arhon.ch\/fr\/","logo":{"@type":"ImageObject","inLanguage":"fr-FR","@id":"https:\/\/www.arhon.ch\/fr\/#\/schema\/logo\/image\/","url":"https:\/\/www.arhon.ch\/wp-inside\/uploads\/2022\/09\/arhon-logo-quadri-basic.png","contentUrl":"https:\/\/www.arhon.ch\/wp-inside\/uploads\/2022\/09\/arhon-logo-quadri-basic.png","width":1500,"height":972,"caption":"Arhon"},"image":{"@id":"https:\/\/www.arhon.ch\/fr\/#\/schema\/logo\/image\/"}}]}},"_links":{"self":[{"href":"https:\/\/www.arhon.ch\/fr\/wp-json\/wp\/v2\/pages\/44","targetHints":{"allow":["GET"]}}],"collection":[{"href":"https:\/\/www.arhon.ch\/fr\/wp-json\/wp\/v2\/pages"}],"about":[{"href":"https:\/\/www.arhon.ch\/fr\/wp-json\/wp\/v2\/types\/page"}],"author":[{"embeddable":true,"href":"https:\/\/www.arhon.ch\/fr\/wp-json\/wp\/v2\/users\/3"}],"replies":[{"embeddable":true,"href":"https:\/\/www.arhon.ch\/fr\/wp-json\/wp\/v2\/comments?post=44"}],"version-history":[{"count":8,"href":"https:\/\/www.arhon.ch\/fr\/wp-json\/wp\/v2\/pages\/44\/revisions"}],"predecessor-version":[{"id":26037,"href":"https:\/\/www.arhon.ch\/fr\/wp-json\/wp\/v2\/pages\/44\/revisions\/26037"}],"up":[{"embeddable":true,"href":"https:\/\/www.arhon.ch\/fr\/wp-json\/wp\/v2\/pages\/15"}],"wp:featuredmedia":[{"embeddable":true,"href":"https:\/\/www.arhon.ch\/fr\/wp-json\/wp\/v2\/media\/1013"}],"wp:attachment":[{"href":"https:\/\/www.arhon.ch\/fr\/wp-json\/wp\/v2\/media?parent=44"}],"curies":[{"name":"wp","href":"https:\/\/api.w.org\/{rel}","templated":true}]}}