{"id":46,"date":"2022-09-07T16:23:42","date_gmt":"2022-09-07T14:23:42","guid":{"rendered":"https:\/\/www.arhon.ch\/?page_id=46"},"modified":"2025-10-09T21:08:33","modified_gmt":"2025-10-09T19:08:33","slug":"arhon-logiciel-gestion-biens-immobiliers","status":"publish","type":"page","link":"https:\/\/www.arhon.ch\/fr\/vous-etes\/arhon-logiciel-gestion-biens-immobiliers\/","title":{"rendered":"un gestionnaire de biens immobiliers"},"content":{"rendered":"<div class=\"wp-post-content\"><!-- zone:zn_pagebanner [0] --><br \/>\n\t\t<!-- \/zone:zn_pagebanner [0] --><br \/>\n<!-- zone:zn_text_img [1] --><\/p>\n<h2>Le logiciel Arhon \u00e0 votre service pour la gestion de biens immobiliers<\/h2>\n<p>Gr\u00e2ce \u00e0 Arhon, vous g\u00e9rez de fa\u00e7on simplifi\u00e9e la gestion locative d\u2019un ou plusieurs biens immobiliers depuis une seule interface :<\/p>\n<ul>\n<li>G\u00e9rez vos locations depuis le calendrier<\/li>\n<li>G\u00e9rez vos donn\u00e9es clients<\/li>\n<li>G\u00e9rez la facturation<\/li>\n<li>G\u00e9rez le paiement<\/li>\n<li>Reliez Arhon \u00e0 votre programme de comptabilit\u00e9, et\/ou votre programme de<\/li>\n<li>caisse de restaurant<\/li>\n<li>G\u00e9rez des acc\u00e8s multi-propri\u00e9t\u00e9s<\/li>\n<li>G\u00e9rez le multi-taxe de s\u00e9jour<\/li>\n<li>Rapport sur votre chiffre d\u2019affaires<\/li>\n<li>Gr\u00e2ce \u00e0 notre service d\u00e9veloppement sur mesure des fonctionnalit\u00e9s<\/li>\n<\/ul>\n<p>Autant d\u2019outils simplifi\u00e9s, automatis\u00e9s et s\u00fbrs \u00e0 votre service disponible 7 jours sur 7 sur le cloud !<\/p>\n<p>Arhon est \u00e0 votre \u00e9coute, nous mettons aussi notre savoir-faire \u00e0 votre service pour d&rsquo;\u00e9ventuelles fonctionnalit\u00e9s suppl\u00e9mentaires que vous jugeriez n\u00e9cessaire \u00e0 votre organisation. C\u2019est aussi cela, la qualit\u00e9 Arhon.<\/p>\n<p><!-- \/zone:zn_text_img [1] -->\n<\/div>\n","protected":false},"excerpt":{"rendered":"<p>Vous proposez de la location de courte ou de longue dur\u00e9e ? Le logiciel Arhon est adapt\u00e9 \u00e0 vos besoins. Il vous permettra d\u2019augmenter votre efficacit\u00e9 et de faciliter votre gestion<\/p>\n","protected":false},"author":3,"featured_media":1220,"parent":15,"menu_order":160,"comment_status":"closed","ping_status":"closed","template":"","meta":{"_acf_changed":false,"footnotes":""},"class_list":["post-46","page","type-page","status-publish","has-post-thumbnail","hentry","wp-sticky"],"acf":[],"yoast_head":"<!-- This site is optimized with the Yoast SEO plugin v27.5 - https:\/\/yoast.com\/product\/yoast-seo-wordpress\/ -->\n<title>Arhon : g\u00e9rez vos biens immobiliers facilement avec notre logiciel | Arhon<\/title>\n<meta name=\"description\" content=\"Simplifiez la gestion de vos biens immobiliers avec Arhon, logiciel suisse performant.Arhon : la gestion immobili\u00e8re simple et efficace.\" \/>\n<meta name=\"robots\" content=\"index, follow, max-snippet:-1, max-image-preview:large, max-video-preview:-1\" \/>\n<link rel=\"canonical\" href=\"https:\/\/www.arhon.ch\/fr\/vous-etes\/arhon-logiciel-gestion-biens-immobiliers\/\" \/>\n<meta property=\"og:locale\" content=\"fr_FR\" \/>\n<meta property=\"og:type\" content=\"article\" \/>\n<meta property=\"og:title\" content=\"Arhon : g\u00e9rez vos biens immobiliers facilement avec notre logiciel | Arhon\" \/>\n<meta property=\"og:description\" content=\"Simplifiez la gestion de vos biens immobiliers avec Arhon, logiciel suisse performant.Arhon : la gestion immobili\u00e8re simple et efficace.\" \/>\n<meta property=\"og:url\" content=\"https:\/\/www.arhon.ch\/fr\/vous-etes\/arhon-logiciel-gestion-biens-immobiliers\/\" \/>\n<meta property=\"og:site_name\" content=\"Arhon\" \/>\n<meta property=\"article:modified_time\" content=\"2025-10-09T19:08:33+00:00\" \/>\n<meta property=\"og:image\" content=\"https:\/\/www.arhon.ch\/wp-inside\/uploads\/2022\/11\/logiciel-gestionnaire-de-biens-immobiliers.jpg\" \/>\n\t<meta property=\"og:image:width\" content=\"1280\" \/>\n\t<meta property=\"og:image:height\" content=\"825\" \/>\n\t<meta property=\"og:image:type\" content=\"image\/jpeg\" \/>\n<meta name=\"twitter:card\" content=\"summary_large_image\" \/>\n<script type=\"application\/ld+json\" class=\"yoast-schema-graph\">{\"@context\":\"https:\\\/\\\/schema.org\",\"@graph\":[{\"@type\":\"WebPage\",\"@id\":\"https:\\\/\\\/www.arhon.ch\\\/fr\\\/vous-etes\\\/arhon-logiciel-gestion-biens-immobiliers\\\/\",\"url\":\"https:\\\/\\\/www.arhon.ch\\\/fr\\\/vous-etes\\\/arhon-logiciel-gestion-biens-immobiliers\\\/\",\"name\":\"Arhon : g\u00e9rez vos biens immobiliers facilement avec notre logiciel\",\"isPartOf\":{\"@id\":\"https:\\\/\\\/www.arhon.ch\\\/fr\\\/#website\"},\"primaryImageOfPage\":{\"@id\":\"https:\\\/\\\/www.arhon.ch\\\/fr\\\/vous-etes\\\/arhon-logiciel-gestion-biens-immobiliers\\\/#primaryimage\"},\"image\":{\"@id\":\"https:\\\/\\\/www.arhon.ch\\\/fr\\\/vous-etes\\\/arhon-logiciel-gestion-biens-immobiliers\\\/#primaryimage\"},\"thumbnailUrl\":\"https:\\\/\\\/www.arhon.ch\\\/wp-inside\\\/uploads\\\/2022\\\/11\\\/logiciel-gestionnaire-de-biens-immobiliers.jpg\",\"datePublished\":\"2022-09-07T14:23:42+00:00\",\"dateModified\":\"2025-10-09T19:08:33+00:00\",\"description\":\"Simplifiez la gestion de vos biens immobiliers avec Arhon, logiciel suisse performant.Arhon : la gestion immobili\u00e8re simple et efficace.\",\"breadcrumb\":{\"@id\":\"https:\\\/\\\/www.arhon.ch\\\/fr\\\/vous-etes\\\/arhon-logiciel-gestion-biens-immobiliers\\\/#breadcrumb\"},\"inLanguage\":\"fr-FR\",\"potentialAction\":[{\"@type\":\"ReadAction\",\"target\":[\"https:\\\/\\\/www.arhon.ch\\\/fr\\\/vous-etes\\\/arhon-logiciel-gestion-biens-immobiliers\\\/\"]}]},{\"@type\":\"ImageObject\",\"inLanguage\":\"fr-FR\",\"@id\":\"https:\\\/\\\/www.arhon.ch\\\/fr\\\/vous-etes\\\/arhon-logiciel-gestion-biens-immobiliers\\\/#primaryimage\",\"url\":\"https:\\\/\\\/www.arhon.ch\\\/wp-inside\\\/uploads\\\/2022\\\/11\\\/logiciel-gestionnaire-de-biens-immobiliers.jpg\",\"contentUrl\":\"https:\\\/\\\/www.arhon.ch\\\/wp-inside\\\/uploads\\\/2022\\\/11\\\/logiciel-gestionnaire-de-biens-immobiliers.jpg\",\"width\":1280,\"height\":825,\"caption\":\"Logiciel gestionnaire de biens immobiliers\"},{\"@type\":\"BreadcrumbList\",\"@id\":\"https:\\\/\\\/www.arhon.ch\\\/fr\\\/vous-etes\\\/arhon-logiciel-gestion-biens-immobiliers\\\/#breadcrumb\",\"itemListElement\":[{\"@type\":\"ListItem\",\"position\":1,\"name\":\"Accueil\",\"item\":\"https:\\\/\\\/www.arhon.ch\\\/fr\\\/\"},{\"@type\":\"ListItem\",\"position\":2,\"name\":\"Vous \u00eates\",\"item\":\"https:\\\/\\\/www.arhon.ch\\\/fr\\\/vous-etes\\\/\"},{\"@type\":\"ListItem\",\"position\":3,\"name\":\"un gestionnaire de biens immobiliers\"}]},{\"@type\":\"WebSite\",\"@id\":\"https:\\\/\\\/www.arhon.ch\\\/fr\\\/#website\",\"url\":\"https:\\\/\\\/www.arhon.ch\\\/fr\\\/\",\"name\":\"Arhon\",\"description\":\"Manage your property easily\",\"publisher\":{\"@id\":\"https:\\\/\\\/www.arhon.ch\\\/fr\\\/#organization\"},\"potentialAction\":[{\"@type\":\"SearchAction\",\"target\":{\"@type\":\"EntryPoint\",\"urlTemplate\":\"https:\\\/\\\/www.arhon.ch\\\/fr\\\/?s={search_term_string}\"},\"query-input\":{\"@type\":\"PropertyValueSpecification\",\"valueRequired\":true,\"valueName\":\"search_term_string\"}}],\"inLanguage\":\"fr-FR\"},{\"@type\":\"Organization\",\"@id\":\"https:\\\/\\\/www.arhon.ch\\\/fr\\\/#organization\",\"name\":\"Arhon\",\"url\":\"https:\\\/\\\/www.arhon.ch\\\/fr\\\/\",\"logo\":{\"@type\":\"ImageObject\",\"inLanguage\":\"fr-FR\",\"@id\":\"https:\\\/\\\/www.arhon.ch\\\/fr\\\/#\\\/schema\\\/logo\\\/image\\\/\",\"url\":\"https:\\\/\\\/www.arhon.ch\\\/wp-inside\\\/uploads\\\/2022\\\/09\\\/arhon-logo-quadri-basic.png\",\"contentUrl\":\"https:\\\/\\\/www.arhon.ch\\\/wp-inside\\\/uploads\\\/2022\\\/09\\\/arhon-logo-quadri-basic.png\",\"width\":1500,\"height\":972,\"caption\":\"Arhon\"},\"image\":{\"@id\":\"https:\\\/\\\/www.arhon.ch\\\/fr\\\/#\\\/schema\\\/logo\\\/image\\\/\"}}]}<\/script>\n<!-- \/ Yoast SEO plugin. -->","yoast_head_json":{"title":"Arhon : g\u00e9rez vos biens immobiliers facilement avec notre logiciel | Arhon","description":"Simplifiez la gestion de vos biens immobiliers avec Arhon, logiciel suisse performant.Arhon : la gestion immobili\u00e8re simple et efficace.","robots":{"index":"index","follow":"follow","max-snippet":"max-snippet:-1","max-image-preview":"max-image-preview:large","max-video-preview":"max-video-preview:-1"},"canonical":"https:\/\/www.arhon.ch\/fr\/vous-etes\/arhon-logiciel-gestion-biens-immobiliers\/","og_locale":"fr_FR","og_type":"article","og_title":"Arhon : g\u00e9rez vos biens immobiliers facilement avec notre logiciel | Arhon","og_description":"Simplifiez la gestion de vos biens immobiliers avec Arhon, logiciel suisse performant.Arhon : la gestion immobili\u00e8re simple et efficace.","og_url":"https:\/\/www.arhon.ch\/fr\/vous-etes\/arhon-logiciel-gestion-biens-immobiliers\/","og_site_name":"Arhon","article_modified_time":"2025-10-09T19:08:33+00:00","og_image":[{"width":1280,"height":825,"url":"https:\/\/www.arhon.ch\/wp-inside\/uploads\/2022\/11\/logiciel-gestionnaire-de-biens-immobiliers.jpg","type":"image\/jpeg"}],"twitter_card":"summary_large_image","schema":{"@context":"https:\/\/schema.org","@graph":[{"@type":"WebPage","@id":"https:\/\/www.arhon.ch\/fr\/vous-etes\/arhon-logiciel-gestion-biens-immobiliers\/","url":"https:\/\/www.arhon.ch\/fr\/vous-etes\/arhon-logiciel-gestion-biens-immobiliers\/","name":"Arhon : g\u00e9rez vos biens immobiliers facilement avec notre logiciel","isPartOf":{"@id":"https:\/\/www.arhon.ch\/fr\/#website"},"primaryImageOfPage":{"@id":"https:\/\/www.arhon.ch\/fr\/vous-etes\/arhon-logiciel-gestion-biens-immobiliers\/#primaryimage"},"image":{"@id":"https:\/\/www.arhon.ch\/fr\/vous-etes\/arhon-logiciel-gestion-biens-immobiliers\/#primaryimage"},"thumbnailUrl":"https:\/\/www.arhon.ch\/wp-inside\/uploads\/2022\/11\/logiciel-gestionnaire-de-biens-immobiliers.jpg","datePublished":"2022-09-07T14:23:42+00:00","dateModified":"2025-10-09T19:08:33+00:00","description":"Simplifiez la gestion de vos biens immobiliers avec Arhon, logiciel suisse performant.Arhon : la gestion immobili\u00e8re simple et efficace.","breadcrumb":{"@id":"https:\/\/www.arhon.ch\/fr\/vous-etes\/arhon-logiciel-gestion-biens-immobiliers\/#breadcrumb"},"inLanguage":"fr-FR","potentialAction":[{"@type":"ReadAction","target":["https:\/\/www.arhon.ch\/fr\/vous-etes\/arhon-logiciel-gestion-biens-immobiliers\/"]}]},{"@type":"ImageObject","inLanguage":"fr-FR","@id":"https:\/\/www.arhon.ch\/fr\/vous-etes\/arhon-logiciel-gestion-biens-immobiliers\/#primaryimage","url":"https:\/\/www.arhon.ch\/wp-inside\/uploads\/2022\/11\/logiciel-gestionnaire-de-biens-immobiliers.jpg","contentUrl":"https:\/\/www.arhon.ch\/wp-inside\/uploads\/2022\/11\/logiciel-gestionnaire-de-biens-immobiliers.jpg","width":1280,"height":825,"caption":"Logiciel gestionnaire de biens immobiliers"},{"@type":"BreadcrumbList","@id":"https:\/\/www.arhon.ch\/fr\/vous-etes\/arhon-logiciel-gestion-biens-immobiliers\/#breadcrumb","itemListElement":[{"@type":"ListItem","position":1,"name":"Accueil","item":"https:\/\/www.arhon.ch\/fr\/"},{"@type":"ListItem","position":2,"name":"Vous \u00eates","item":"https:\/\/www.arhon.ch\/fr\/vous-etes\/"},{"@type":"ListItem","position":3,"name":"un gestionnaire de biens immobiliers"}]},{"@type":"WebSite","@id":"https:\/\/www.arhon.ch\/fr\/#website","url":"https:\/\/www.arhon.ch\/fr\/","name":"Arhon","description":"Manage your property easily","publisher":{"@id":"https:\/\/www.arhon.ch\/fr\/#organization"},"potentialAction":[{"@type":"SearchAction","target":{"@type":"EntryPoint","urlTemplate":"https:\/\/www.arhon.ch\/fr\/?s={search_term_string}"},"query-input":{"@type":"PropertyValueSpecification","valueRequired":true,"valueName":"search_term_string"}}],"inLanguage":"fr-FR"},{"@type":"Organization","@id":"https:\/\/www.arhon.ch\/fr\/#organization","name":"Arhon","url":"https:\/\/www.arhon.ch\/fr\/","logo":{"@type":"ImageObject","inLanguage":"fr-FR","@id":"https:\/\/www.arhon.ch\/fr\/#\/schema\/logo\/image\/","url":"https:\/\/www.arhon.ch\/wp-inside\/uploads\/2022\/09\/arhon-logo-quadri-basic.png","contentUrl":"https:\/\/www.arhon.ch\/wp-inside\/uploads\/2022\/09\/arhon-logo-quadri-basic.png","width":1500,"height":972,"caption":"Arhon"},"image":{"@id":"https:\/\/www.arhon.ch\/fr\/#\/schema\/logo\/image\/"}}]}},"_links":{"self":[{"href":"https:\/\/www.arhon.ch\/fr\/wp-json\/wp\/v2\/pages\/46","targetHints":{"allow":["GET"]}}],"collection":[{"href":"https:\/\/www.arhon.ch\/fr\/wp-json\/wp\/v2\/pages"}],"about":[{"href":"https:\/\/www.arhon.ch\/fr\/wp-json\/wp\/v2\/types\/page"}],"author":[{"embeddable":true,"href":"https:\/\/www.arhon.ch\/fr\/wp-json\/wp\/v2\/users\/3"}],"replies":[{"embeddable":true,"href":"https:\/\/www.arhon.ch\/fr\/wp-json\/wp\/v2\/comments?post=46"}],"version-history":[{"count":7,"href":"https:\/\/www.arhon.ch\/fr\/wp-json\/wp\/v2\/pages\/46\/revisions"}],"predecessor-version":[{"id":26038,"href":"https:\/\/www.arhon.ch\/fr\/wp-json\/wp\/v2\/pages\/46\/revisions\/26038"}],"up":[{"embeddable":true,"href":"https:\/\/www.arhon.ch\/fr\/wp-json\/wp\/v2\/pages\/15"}],"wp:featuredmedia":[{"embeddable":true,"href":"https:\/\/www.arhon.ch\/fr\/wp-json\/wp\/v2\/media\/1220"}],"wp:attachment":[{"href":"https:\/\/www.arhon.ch\/fr\/wp-json\/wp\/v2\/media?parent=46"}],"curies":[{"name":"wp","href":"https:\/\/api.w.org\/{rel}","templated":true}]}}