{"id":56,"date":"2022-09-07T16:37:45","date_gmt":"2022-09-07T14:37:45","guid":{"rendered":"https:\/\/www.arhon.ch\/?page_id=56"},"modified":"2022-12-29T18:40:37","modified_gmt":"2022-12-29T17:40:37","slug":"declarations","status":"publish","type":"page","link":"https:\/\/www.arhon.ch\/fr\/fonctionnalites-logiciel-hotelier\/declarations\/","title":{"rendered":"D\u00e9clarations obligatoires"},"content":{"rendered":"<div class=\"wp-post-content\"><!-- zone:zn_pagebanner [0] --><br \/>\n\t\t<!-- \/zone:zn_pagebanner [0] --><br \/>\n<!-- zone:zn_text_img [1] --><\/p>\n<h2>Facilitez-vous la gestion de votre h\u00f4tel : Arhon s\u2019occupe pour vous de vos d\u00e9clarations obligatoires<\/h2>\n<p><strong>Laissez Arhon r\u00e9aliser vos d\u00e9clarations \u00e0 votre place !<\/strong><\/p>\n<p>Arhon est l\u00e0 pour r\u00e9aliser \u00e0 votre place toute la \u201cpaperasse\u201d essentielle \u00e0 votre activit\u00e9, vous \u00e9vitant ainsi de vous exposer \u00e0 des p\u00e9nalit\u00e9s, et vous permettant de gagner un temps pr\u00e9cieux, que vous pouvez consacrer \u00e0 votre activit\u00e9 h\u00f4teli\u00e8re.<\/p>\n<p><!-- \/zone:zn_text_img [1] --><br \/>\n<!-- zone:zn_text [2] --><\/p>\n<h3><em>\u00ab Comment \u00e7a fonctionne \u00bb<\/em><\/h3>\n<ul>\n<li>Toutes les d\u00e9clarations obligatoires sont soumises \u00e0 la pr\u00e9sence du client \u00e0 l\u2019h\u00f4tel<\/li>\n<li>Gr\u00e2ce au check-in Arhon, nom, pr\u00e9nom, date de naissance, nationalit\u00e9, type de document et num\u00e9ro d\u2019identit\u00e9, dates de s\u00e9jour obligatoires pour les d\u00e9clarations de l\u2019h\u00f4tellerie en Suisse vont automatiquement remplir les formulaires<\/li>\n<\/ul>\n<h3><em>\u00ab Quelles d\u00e9clarations ? \u00bb<\/em><\/h3>\n<ul>\n<li>La police qui en outre a le droit \u00e0 tout moment de consulter vos bulletins d\u2019enregistrements<\/li>\n<li>La taxe de s\u00e9jour est pay\u00e9e par client et par nuit\u00e9e avec diff\u00e9rents crit\u00e8res et montants li\u00e9s \u00e0 l\u2019\u00e2ge et le lieu de r\u00e9sidence. C\u2019est vous qui avez la responsabilit\u00e9 et l\u2019obligation de d\u00e9clarer cette taxe et de la reverser \u00e0 votre canton ou \u00e0 votre commune<\/li>\n<li>L\u2019office f\u00e9d\u00e9ral des statistiques Suisse, eHESTA collecte les informations nombre de client, nombre de nuit\u00e9es et ce par nationalit\u00e9<\/li>\n<\/ul>\n<h3><em>\u00ab Comment cr\u00e9er les d\u00e9clarations ? \u00bb<\/em><\/h3>\n<ul>\n<li>depuis votre tableau de bord, les d\u00e9clarations pour la taxe de s\u00e9jour et pour la police sont cr\u00e9\u00e9es en 5 secondes aux formats excel ou csv<\/li>\n<li>la d\u00e9claration eHESTA (obligation Suisse) est g\u00e9n\u00e9r\u00e9e automatiquement tous les mois et est visible depuis votre tableau de bord en format xml<\/li>\n<\/ul>\n<h3><em>\u00ab Quand transmettre les d\u00e9clarations ?\u00bb<\/em><\/h3>\n<ul>\n<li>c\u2019est vous qui d\u00e9cidez quand transmettre les d\u00e9clarations dans les d\u00e9lais impartis except\u00e9 pour certains cantons en Suisse comme par exemple B\u00e2le-Ville et B\u00e2le-Campagne<\/li>\n<\/ul>\n<p>\t\t\t<!-- \/zone:zn_text [2] -->\n<\/div>\n","protected":false},"excerpt":{"rendered":"<p>Passez plus de temps sur le terrain ! Arhon se charge de vos d\u00e9clarations obligatoires en tant qu&rsquo;h\u00f4telier.<\/p>\n","protected":false},"author":3,"featured_media":1936,"parent":17,"menu_order":85,"comment_status":"closed","ping_status":"closed","template":"","meta":{"_acf_changed":false,"footnotes":""},"class_list":["post-56","page","type-page","status-publish","has-post-thumbnail","hentry","wp-sticky"],"acf":[],"yoast_head":"<!-- This site is optimized with the Yoast SEO plugin v27.3 - https:\/\/yoast.com\/product\/yoast-seo-wordpress\/ -->\n<title>D\u00e9claration h\u00f4teli\u00e8re, gestion h\u00f4tel | Arhon<\/title>\n<meta name=\"description\" content=\"Arhon est l\u00e0 pour r\u00e9aliser \u00e0 votre place toute la paperasse essentielle \u00e0 votre activit\u00e9 h\u00f4teli\u00e8re, vous \u00e9vitant ainsi de vous exposer \u00e0 des p\u00e9nalit\u00e9s, et vous permettant de gagner un temps pr\u00e9cieux.\" \/>\n<meta name=\"robots\" content=\"index, follow, max-snippet:-1, max-image-preview:large, max-video-preview:-1\" \/>\n<link rel=\"canonical\" href=\"https:\/\/www.arhon.ch\/fr\/fonctionnalites-logiciel-hotelier\/declarations\/\" \/>\n<meta property=\"og:locale\" content=\"fr_FR\" \/>\n<meta property=\"og:type\" content=\"article\" \/>\n<meta property=\"og:title\" content=\"D\u00e9claration h\u00f4teli\u00e8re, gestion h\u00f4tel | Arhon\" \/>\n<meta property=\"og:description\" content=\"Arhon est l\u00e0 pour r\u00e9aliser \u00e0 votre place toute la paperasse essentielle \u00e0 votre activit\u00e9 h\u00f4teli\u00e8re, vous \u00e9vitant ainsi de vous exposer \u00e0 des p\u00e9nalit\u00e9s, et vous permettant de gagner un temps pr\u00e9cieux.\" \/>\n<meta property=\"og:url\" content=\"https:\/\/www.arhon.ch\/fr\/fonctionnalites-logiciel-hotelier\/declarations\/\" \/>\n<meta property=\"og:site_name\" content=\"Arhon\" \/>\n<meta property=\"article:modified_time\" content=\"2022-12-29T17:40:37+00:00\" \/>\n<meta property=\"og:image\" content=\"https:\/\/www.arhon.ch\/wp-inside\/uploads\/2022\/09\/ehesta-fr.png\" \/>\n\t<meta property=\"og:image:width\" content=\"743\" \/>\n\t<meta property=\"og:image:height\" content=\"644\" \/>\n\t<meta property=\"og:image:type\" content=\"image\/png\" \/>\n<meta name=\"twitter:card\" content=\"summary_large_image\" \/>\n<script type=\"application\/ld+json\" class=\"yoast-schema-graph\">{\"@context\":\"https:\\\/\\\/schema.org\",\"@graph\":[{\"@type\":\"WebPage\",\"@id\":\"https:\\\/\\\/www.arhon.ch\\\/fr\\\/fonctionnalites-logiciel-hotelier\\\/declarations\\\/\",\"url\":\"https:\\\/\\\/www.arhon.ch\\\/fr\\\/fonctionnalites-logiciel-hotelier\\\/declarations\\\/\",\"name\":\"D\u00e9claration h\u00f4teli\u00e8re, gestion h\u00f4tel\",\"isPartOf\":{\"@id\":\"https:\\\/\\\/www.arhon.ch\\\/fr\\\/#website\"},\"primaryImageOfPage\":{\"@id\":\"https:\\\/\\\/www.arhon.ch\\\/fr\\\/fonctionnalites-logiciel-hotelier\\\/declarations\\\/#primaryimage\"},\"image\":{\"@id\":\"https:\\\/\\\/www.arhon.ch\\\/fr\\\/fonctionnalites-logiciel-hotelier\\\/declarations\\\/#primaryimage\"},\"thumbnailUrl\":\"https:\\\/\\\/www.arhon.ch\\\/wp-inside\\\/uploads\\\/2022\\\/09\\\/ehesta-fr.png\",\"datePublished\":\"2022-09-07T14:37:45+00:00\",\"dateModified\":\"2022-12-29T17:40:37+00:00\",\"description\":\"Arhon est l\u00e0 pour r\u00e9aliser \u00e0 votre place toute la paperasse essentielle \u00e0 votre activit\u00e9 h\u00f4teli\u00e8re, vous \u00e9vitant ainsi de vous exposer \u00e0 des p\u00e9nalit\u00e9s, et vous permettant de gagner un temps pr\u00e9cieux.\",\"breadcrumb\":{\"@id\":\"https:\\\/\\\/www.arhon.ch\\\/fr\\\/fonctionnalites-logiciel-hotelier\\\/declarations\\\/#breadcrumb\"},\"inLanguage\":\"fr-FR\",\"potentialAction\":[{\"@type\":\"ReadAction\",\"target\":[\"https:\\\/\\\/www.arhon.ch\\\/fr\\\/fonctionnalites-logiciel-hotelier\\\/declarations\\\/\"]}]},{\"@type\":\"ImageObject\",\"inLanguage\":\"fr-FR\",\"@id\":\"https:\\\/\\\/www.arhon.ch\\\/fr\\\/fonctionnalites-logiciel-hotelier\\\/declarations\\\/#primaryimage\",\"url\":\"https:\\\/\\\/www.arhon.ch\\\/wp-inside\\\/uploads\\\/2022\\\/09\\\/ehesta-fr.png\",\"contentUrl\":\"https:\\\/\\\/www.arhon.ch\\\/wp-inside\\\/uploads\\\/2022\\\/09\\\/ehesta-fr.png\",\"width\":743,\"height\":644},{\"@type\":\"BreadcrumbList\",\"@id\":\"https:\\\/\\\/www.arhon.ch\\\/fr\\\/fonctionnalites-logiciel-hotelier\\\/declarations\\\/#breadcrumb\",\"itemListElement\":[{\"@type\":\"ListItem\",\"position\":1,\"name\":\"Accueil\",\"item\":\"https:\\\/\\\/www.arhon.ch\\\/fr\\\/\"},{\"@type\":\"ListItem\",\"position\":2,\"name\":\"Fonctionnalit\u00e9s\",\"item\":\"https:\\\/\\\/www.arhon.ch\\\/fr\\\/fonctionnalites-logiciel-hotelier\\\/\"},{\"@type\":\"ListItem\",\"position\":3,\"name\":\"D\u00e9clarations obligatoires\"}]},{\"@type\":\"WebSite\",\"@id\":\"https:\\\/\\\/www.arhon.ch\\\/fr\\\/#website\",\"url\":\"https:\\\/\\\/www.arhon.ch\\\/fr\\\/\",\"name\":\"Arhon\",\"description\":\"Manage your property easily\",\"publisher\":{\"@id\":\"https:\\\/\\\/www.arhon.ch\\\/fr\\\/#organization\"},\"potentialAction\":[{\"@type\":\"SearchAction\",\"target\":{\"@type\":\"EntryPoint\",\"urlTemplate\":\"https:\\\/\\\/www.arhon.ch\\\/fr\\\/?s={search_term_string}\"},\"query-input\":{\"@type\":\"PropertyValueSpecification\",\"valueRequired\":true,\"valueName\":\"search_term_string\"}}],\"inLanguage\":\"fr-FR\"},{\"@type\":\"Organization\",\"@id\":\"https:\\\/\\\/www.arhon.ch\\\/fr\\\/#organization\",\"name\":\"Arhon\",\"url\":\"https:\\\/\\\/www.arhon.ch\\\/fr\\\/\",\"logo\":{\"@type\":\"ImageObject\",\"inLanguage\":\"fr-FR\",\"@id\":\"https:\\\/\\\/www.arhon.ch\\\/fr\\\/#\\\/schema\\\/logo\\\/image\\\/\",\"url\":\"https:\\\/\\\/www.arhon.ch\\\/wp-inside\\\/uploads\\\/2022\\\/09\\\/arhon-logo-quadri-basic.png\",\"contentUrl\":\"https:\\\/\\\/www.arhon.ch\\\/wp-inside\\\/uploads\\\/2022\\\/09\\\/arhon-logo-quadri-basic.png\",\"width\":1500,\"height\":972,\"caption\":\"Arhon\"},\"image\":{\"@id\":\"https:\\\/\\\/www.arhon.ch\\\/fr\\\/#\\\/schema\\\/logo\\\/image\\\/\"}}]}<\/script>\n<!-- \/ Yoast SEO plugin. -->","yoast_head_json":{"title":"D\u00e9claration h\u00f4teli\u00e8re, gestion h\u00f4tel | Arhon","description":"Arhon est l\u00e0 pour r\u00e9aliser \u00e0 votre place toute la paperasse essentielle \u00e0 votre activit\u00e9 h\u00f4teli\u00e8re, vous \u00e9vitant ainsi de vous exposer \u00e0 des p\u00e9nalit\u00e9s, et vous permettant de gagner un temps pr\u00e9cieux.","robots":{"index":"index","follow":"follow","max-snippet":"max-snippet:-1","max-image-preview":"max-image-preview:large","max-video-preview":"max-video-preview:-1"},"canonical":"https:\/\/www.arhon.ch\/fr\/fonctionnalites-logiciel-hotelier\/declarations\/","og_locale":"fr_FR","og_type":"article","og_title":"D\u00e9claration h\u00f4teli\u00e8re, gestion h\u00f4tel | Arhon","og_description":"Arhon est l\u00e0 pour r\u00e9aliser \u00e0 votre place toute la paperasse essentielle \u00e0 votre activit\u00e9 h\u00f4teli\u00e8re, vous \u00e9vitant ainsi de vous exposer \u00e0 des p\u00e9nalit\u00e9s, et vous permettant de gagner un temps pr\u00e9cieux.","og_url":"https:\/\/www.arhon.ch\/fr\/fonctionnalites-logiciel-hotelier\/declarations\/","og_site_name":"Arhon","article_modified_time":"2022-12-29T17:40:37+00:00","og_image":[{"width":743,"height":644,"url":"https:\/\/www.arhon.ch\/wp-inside\/uploads\/2022\/09\/ehesta-fr.png","type":"image\/png"}],"twitter_card":"summary_large_image","schema":{"@context":"https:\/\/schema.org","@graph":[{"@type":"WebPage","@id":"https:\/\/www.arhon.ch\/fr\/fonctionnalites-logiciel-hotelier\/declarations\/","url":"https:\/\/www.arhon.ch\/fr\/fonctionnalites-logiciel-hotelier\/declarations\/","name":"D\u00e9claration h\u00f4teli\u00e8re, gestion h\u00f4tel","isPartOf":{"@id":"https:\/\/www.arhon.ch\/fr\/#website"},"primaryImageOfPage":{"@id":"https:\/\/www.arhon.ch\/fr\/fonctionnalites-logiciel-hotelier\/declarations\/#primaryimage"},"image":{"@id":"https:\/\/www.arhon.ch\/fr\/fonctionnalites-logiciel-hotelier\/declarations\/#primaryimage"},"thumbnailUrl":"https:\/\/www.arhon.ch\/wp-inside\/uploads\/2022\/09\/ehesta-fr.png","datePublished":"2022-09-07T14:37:45+00:00","dateModified":"2022-12-29T17:40:37+00:00","description":"Arhon est l\u00e0 pour r\u00e9aliser \u00e0 votre place toute la paperasse essentielle \u00e0 votre activit\u00e9 h\u00f4teli\u00e8re, vous \u00e9vitant ainsi de vous exposer \u00e0 des p\u00e9nalit\u00e9s, et vous permettant de gagner un temps pr\u00e9cieux.","breadcrumb":{"@id":"https:\/\/www.arhon.ch\/fr\/fonctionnalites-logiciel-hotelier\/declarations\/#breadcrumb"},"inLanguage":"fr-FR","potentialAction":[{"@type":"ReadAction","target":["https:\/\/www.arhon.ch\/fr\/fonctionnalites-logiciel-hotelier\/declarations\/"]}]},{"@type":"ImageObject","inLanguage":"fr-FR","@id":"https:\/\/www.arhon.ch\/fr\/fonctionnalites-logiciel-hotelier\/declarations\/#primaryimage","url":"https:\/\/www.arhon.ch\/wp-inside\/uploads\/2022\/09\/ehesta-fr.png","contentUrl":"https:\/\/www.arhon.ch\/wp-inside\/uploads\/2022\/09\/ehesta-fr.png","width":743,"height":644},{"@type":"BreadcrumbList","@id":"https:\/\/www.arhon.ch\/fr\/fonctionnalites-logiciel-hotelier\/declarations\/#breadcrumb","itemListElement":[{"@type":"ListItem","position":1,"name":"Accueil","item":"https:\/\/www.arhon.ch\/fr\/"},{"@type":"ListItem","position":2,"name":"Fonctionnalit\u00e9s","item":"https:\/\/www.arhon.ch\/fr\/fonctionnalites-logiciel-hotelier\/"},{"@type":"ListItem","position":3,"name":"D\u00e9clarations obligatoires"}]},{"@type":"WebSite","@id":"https:\/\/www.arhon.ch\/fr\/#website","url":"https:\/\/www.arhon.ch\/fr\/","name":"Arhon","description":"Manage your property easily","publisher":{"@id":"https:\/\/www.arhon.ch\/fr\/#organization"},"potentialAction":[{"@type":"SearchAction","target":{"@type":"EntryPoint","urlTemplate":"https:\/\/www.arhon.ch\/fr\/?s={search_term_string}"},"query-input":{"@type":"PropertyValueSpecification","valueRequired":true,"valueName":"search_term_string"}}],"inLanguage":"fr-FR"},{"@type":"Organization","@id":"https:\/\/www.arhon.ch\/fr\/#organization","name":"Arhon","url":"https:\/\/www.arhon.ch\/fr\/","logo":{"@type":"ImageObject","inLanguage":"fr-FR","@id":"https:\/\/www.arhon.ch\/fr\/#\/schema\/logo\/image\/","url":"https:\/\/www.arhon.ch\/wp-inside\/uploads\/2022\/09\/arhon-logo-quadri-basic.png","contentUrl":"https:\/\/www.arhon.ch\/wp-inside\/uploads\/2022\/09\/arhon-logo-quadri-basic.png","width":1500,"height":972,"caption":"Arhon"},"image":{"@id":"https:\/\/www.arhon.ch\/fr\/#\/schema\/logo\/image\/"}}]}},"_links":{"self":[{"href":"https:\/\/www.arhon.ch\/fr\/wp-json\/wp\/v2\/pages\/56","targetHints":{"allow":["GET"]}}],"collection":[{"href":"https:\/\/www.arhon.ch\/fr\/wp-json\/wp\/v2\/pages"}],"about":[{"href":"https:\/\/www.arhon.ch\/fr\/wp-json\/wp\/v2\/types\/page"}],"author":[{"embeddable":true,"href":"https:\/\/www.arhon.ch\/fr\/wp-json\/wp\/v2\/users\/3"}],"replies":[{"embeddable":true,"href":"https:\/\/www.arhon.ch\/fr\/wp-json\/wp\/v2\/comments?post=56"}],"version-history":[{"count":10,"href":"https:\/\/www.arhon.ch\/fr\/wp-json\/wp\/v2\/pages\/56\/revisions"}],"predecessor-version":[{"id":2124,"href":"https:\/\/www.arhon.ch\/fr\/wp-json\/wp\/v2\/pages\/56\/revisions\/2124"}],"up":[{"embeddable":true,"href":"https:\/\/www.arhon.ch\/fr\/wp-json\/wp\/v2\/pages\/17"}],"wp:featuredmedia":[{"embeddable":true,"href":"https:\/\/www.arhon.ch\/fr\/wp-json\/wp\/v2\/media\/1936"}],"wp:attachment":[{"href":"https:\/\/www.arhon.ch\/fr\/wp-json\/wp\/v2\/media?parent=56"}],"curies":[{"name":"wp","href":"https:\/\/api.w.org\/{rel}","templated":true}]}}