{"id":60,"date":"2022-09-07T16:39:18","date_gmt":"2022-09-07T14:39:18","guid":{"rendered":"https:\/\/www.arhon.ch\/?page_id=60"},"modified":"2023-08-28T10:27:34","modified_gmt":"2023-08-28T08:27:34","slug":"statistiques-et-export","status":"publish","type":"page","link":"https:\/\/www.arhon.ch\/fr\/fonctionnalites-logiciel-hotelier\/statistiques-et-export\/","title":{"rendered":"Statistiques &#038; Export"},"content":{"rendered":"<div class=\"wp-post-content\"><!-- zone:zn_pagebanner [0] --><br \/>\n\t\t<!-- \/zone:zn_pagebanner [0] --><br \/>\n<!-- zone:zn_text_img [1] --><\/p>\n<h2>Les exports et statistiques selon Arhon<\/h2>\n<p><strong>Un fonctionnement simple vous permettant d\u2019obtenir des donn\u00e9es indispensables \u00e0 votre \u00e9tablissement. Vous pouvez d\u00e8s lors identifier vos points forts et vos axes d\u2019am\u00e9lioration en un coup d&rsquo;\u0153il, vous donnant la possibilit\u00e9 d\u2019adapter votre strat\u00e9gie et de r\u00e9pondre plus rapidement \u00e0 vos besoins en gestion.<\/strong><\/p>\n<p>Une solution dont l\u2019utilit\u00e9 n\u2019est plus \u00e0 prouver, mais aussi personnalisable. Voici quelques-uns de ses avantages :<\/p>\n<ul>\n<li>Le back office Arhon permet de s\u00e9lectionner, exporter et imprimer en un temps record tous les rapports tels que chiffre d\u2019affaires, taux d\u2019occupation, paiements, facturations, options<\/li>\n<li>Choisissez les widgets n\u00e9cessaires \u00e0 votre organisation et personnalisez votre tableau de bord.<\/li>\n<li>Notre plus pour vous, tous nos widgets sont exportables au format pdf.<\/li>\n<li>Tous les fichiers sont exportables au format excel et au format csv<\/li>\n<\/ul>\n<p><!-- \/zone:zn_text_img [1] -->\n<\/div>\n","protected":false},"excerpt":{"rendered":"<p>Obtenez des chiffres essentiels \u00e0 votre \u00e9tablissement en seulement quelques clics.<\/p>\n","protected":false},"author":3,"featured_media":2346,"parent":17,"menu_order":45,"comment_status":"closed","ping_status":"closed","template":"","meta":{"_acf_changed":false,"footnotes":""},"class_list":["post-60","page","type-page","status-publish","has-post-thumbnail","hentry","wp-sticky"],"acf":[],"yoast_head":"<!-- This site is optimized with the Yoast SEO plugin v27.3 - https:\/\/yoast.com\/product\/yoast-seo-wordpress\/ -->\n<title>Hotel chiffre, Rapport statistique h\u00f4tel | Arhon<\/title>\n<meta name=\"description\" content=\"Le logiciel de gestion h\u00f4teli\u00e8re Arhon vous permet de g\u00e9n\u00e9rer tr\u00e8s rapidement vos tableaux de bords et statistiques depuis une seule interface pour un pilotage facilit\u00e9 et un suivi quotidien de vos m\u00e9triques essentielles.\" \/>\n<meta name=\"robots\" content=\"index, follow, max-snippet:-1, max-image-preview:large, max-video-preview:-1\" \/>\n<link rel=\"canonical\" href=\"https:\/\/www.arhon.ch\/fr\/fonctionnalites-logiciel-hotelier\/statistiques-et-export\/\" \/>\n<meta property=\"og:locale\" content=\"fr_FR\" \/>\n<meta property=\"og:type\" content=\"article\" \/>\n<meta property=\"og:title\" content=\"Hotel chiffre, Rapport statistique h\u00f4tel | Arhon\" \/>\n<meta property=\"og:description\" content=\"Le logiciel de gestion h\u00f4teli\u00e8re Arhon vous permet de g\u00e9n\u00e9rer tr\u00e8s rapidement vos tableaux de bords et statistiques depuis une seule interface pour un pilotage facilit\u00e9 et un suivi quotidien de vos m\u00e9triques essentielles.\" \/>\n<meta property=\"og:url\" content=\"https:\/\/www.arhon.ch\/fr\/fonctionnalites-logiciel-hotelier\/statistiques-et-export\/\" \/>\n<meta property=\"og:site_name\" content=\"Arhon\" \/>\n<meta property=\"article:modified_time\" content=\"2023-08-28T08:27:34+00:00\" \/>\n<meta property=\"og:image\" content=\"https:\/\/www.arhon.ch\/wp-inside\/uploads\/2022\/09\/screenshot-2023-08-28-at-10-26-35-arhon-admin.png\" \/>\n\t<meta property=\"og:image:width\" content=\"1260\" \/>\n\t<meta property=\"og:image:height\" content=\"599\" \/>\n\t<meta property=\"og:image:type\" content=\"image\/png\" \/>\n<meta name=\"twitter:card\" content=\"summary_large_image\" \/>\n<script type=\"application\/ld+json\" class=\"yoast-schema-graph\">{\"@context\":\"https:\\\/\\\/schema.org\",\"@graph\":[{\"@type\":\"WebPage\",\"@id\":\"https:\\\/\\\/www.arhon.ch\\\/fr\\\/fonctionnalites-logiciel-hotelier\\\/statistiques-et-export\\\/\",\"url\":\"https:\\\/\\\/www.arhon.ch\\\/fr\\\/fonctionnalites-logiciel-hotelier\\\/statistiques-et-export\\\/\",\"name\":\"Hotel chiffre, Rapport statistique h\u00f4tel | Arhon\",\"isPartOf\":{\"@id\":\"https:\\\/\\\/www.arhon.ch\\\/fr\\\/#website\"},\"primaryImageOfPage\":{\"@id\":\"https:\\\/\\\/www.arhon.ch\\\/fr\\\/fonctionnalites-logiciel-hotelier\\\/statistiques-et-export\\\/#primaryimage\"},\"image\":{\"@id\":\"https:\\\/\\\/www.arhon.ch\\\/fr\\\/fonctionnalites-logiciel-hotelier\\\/statistiques-et-export\\\/#primaryimage\"},\"thumbnailUrl\":\"https:\\\/\\\/www.arhon.ch\\\/wp-inside\\\/uploads\\\/2022\\\/09\\\/screenshot-2023-08-28-at-10-26-35-arhon-admin.png\",\"datePublished\":\"2022-09-07T14:39:18+00:00\",\"dateModified\":\"2023-08-28T08:27:34+00:00\",\"description\":\"Le logiciel de gestion h\u00f4teli\u00e8re Arhon vous permet de g\u00e9n\u00e9rer tr\u00e8s rapidement vos tableaux de bords et statistiques depuis une seule interface pour un pilotage facilit\u00e9 et un suivi quotidien de vos m\u00e9triques essentielles.\",\"breadcrumb\":{\"@id\":\"https:\\\/\\\/www.arhon.ch\\\/fr\\\/fonctionnalites-logiciel-hotelier\\\/statistiques-et-export\\\/#breadcrumb\"},\"inLanguage\":\"fr-FR\",\"potentialAction\":[{\"@type\":\"ReadAction\",\"target\":[\"https:\\\/\\\/www.arhon.ch\\\/fr\\\/fonctionnalites-logiciel-hotelier\\\/statistiques-et-export\\\/\"]}]},{\"@type\":\"ImageObject\",\"inLanguage\":\"fr-FR\",\"@id\":\"https:\\\/\\\/www.arhon.ch\\\/fr\\\/fonctionnalites-logiciel-hotelier\\\/statistiques-et-export\\\/#primaryimage\",\"url\":\"https:\\\/\\\/www.arhon.ch\\\/wp-inside\\\/uploads\\\/2022\\\/09\\\/screenshot-2023-08-28-at-10-26-35-arhon-admin.png\",\"contentUrl\":\"https:\\\/\\\/www.arhon.ch\\\/wp-inside\\\/uploads\\\/2022\\\/09\\\/screenshot-2023-08-28-at-10-26-35-arhon-admin.png\",\"width\":1260,\"height\":599},{\"@type\":\"BreadcrumbList\",\"@id\":\"https:\\\/\\\/www.arhon.ch\\\/fr\\\/fonctionnalites-logiciel-hotelier\\\/statistiques-et-export\\\/#breadcrumb\",\"itemListElement\":[{\"@type\":\"ListItem\",\"position\":1,\"name\":\"Accueil\",\"item\":\"https:\\\/\\\/www.arhon.ch\\\/fr\\\/\"},{\"@type\":\"ListItem\",\"position\":2,\"name\":\"Fonctionnalit\u00e9s\",\"item\":\"https:\\\/\\\/www.arhon.ch\\\/fr\\\/fonctionnalites-logiciel-hotelier\\\/\"},{\"@type\":\"ListItem\",\"position\":3,\"name\":\"Statistiques &#038; Export\"}]},{\"@type\":\"WebSite\",\"@id\":\"https:\\\/\\\/www.arhon.ch\\\/fr\\\/#website\",\"url\":\"https:\\\/\\\/www.arhon.ch\\\/fr\\\/\",\"name\":\"Arhon\",\"description\":\"Manage your property easily\",\"publisher\":{\"@id\":\"https:\\\/\\\/www.arhon.ch\\\/fr\\\/#organization\"},\"potentialAction\":[{\"@type\":\"SearchAction\",\"target\":{\"@type\":\"EntryPoint\",\"urlTemplate\":\"https:\\\/\\\/www.arhon.ch\\\/fr\\\/?s={search_term_string}\"},\"query-input\":{\"@type\":\"PropertyValueSpecification\",\"valueRequired\":true,\"valueName\":\"search_term_string\"}}],\"inLanguage\":\"fr-FR\"},{\"@type\":\"Organization\",\"@id\":\"https:\\\/\\\/www.arhon.ch\\\/fr\\\/#organization\",\"name\":\"Arhon\",\"url\":\"https:\\\/\\\/www.arhon.ch\\\/fr\\\/\",\"logo\":{\"@type\":\"ImageObject\",\"inLanguage\":\"fr-FR\",\"@id\":\"https:\\\/\\\/www.arhon.ch\\\/fr\\\/#\\\/schema\\\/logo\\\/image\\\/\",\"url\":\"https:\\\/\\\/www.arhon.ch\\\/wp-inside\\\/uploads\\\/2022\\\/09\\\/arhon-logo-quadri-basic.png\",\"contentUrl\":\"https:\\\/\\\/www.arhon.ch\\\/wp-inside\\\/uploads\\\/2022\\\/09\\\/arhon-logo-quadri-basic.png\",\"width\":1500,\"height\":972,\"caption\":\"Arhon\"},\"image\":{\"@id\":\"https:\\\/\\\/www.arhon.ch\\\/fr\\\/#\\\/schema\\\/logo\\\/image\\\/\"}}]}<\/script>\n<!-- \/ Yoast SEO plugin. -->","yoast_head_json":{"title":"Hotel chiffre, Rapport statistique h\u00f4tel | Arhon","description":"Le logiciel de gestion h\u00f4teli\u00e8re Arhon vous permet de g\u00e9n\u00e9rer tr\u00e8s rapidement vos tableaux de bords et statistiques depuis une seule interface pour un pilotage facilit\u00e9 et un suivi quotidien de vos m\u00e9triques essentielles.","robots":{"index":"index","follow":"follow","max-snippet":"max-snippet:-1","max-image-preview":"max-image-preview:large","max-video-preview":"max-video-preview:-1"},"canonical":"https:\/\/www.arhon.ch\/fr\/fonctionnalites-logiciel-hotelier\/statistiques-et-export\/","og_locale":"fr_FR","og_type":"article","og_title":"Hotel chiffre, Rapport statistique h\u00f4tel | Arhon","og_description":"Le logiciel de gestion h\u00f4teli\u00e8re Arhon vous permet de g\u00e9n\u00e9rer tr\u00e8s rapidement vos tableaux de bords et statistiques depuis une seule interface pour un pilotage facilit\u00e9 et un suivi quotidien de vos m\u00e9triques essentielles.","og_url":"https:\/\/www.arhon.ch\/fr\/fonctionnalites-logiciel-hotelier\/statistiques-et-export\/","og_site_name":"Arhon","article_modified_time":"2023-08-28T08:27:34+00:00","og_image":[{"width":1260,"height":599,"url":"https:\/\/www.arhon.ch\/wp-inside\/uploads\/2022\/09\/screenshot-2023-08-28-at-10-26-35-arhon-admin.png","type":"image\/png"}],"twitter_card":"summary_large_image","schema":{"@context":"https:\/\/schema.org","@graph":[{"@type":"WebPage","@id":"https:\/\/www.arhon.ch\/fr\/fonctionnalites-logiciel-hotelier\/statistiques-et-export\/","url":"https:\/\/www.arhon.ch\/fr\/fonctionnalites-logiciel-hotelier\/statistiques-et-export\/","name":"Hotel chiffre, Rapport statistique h\u00f4tel | Arhon","isPartOf":{"@id":"https:\/\/www.arhon.ch\/fr\/#website"},"primaryImageOfPage":{"@id":"https:\/\/www.arhon.ch\/fr\/fonctionnalites-logiciel-hotelier\/statistiques-et-export\/#primaryimage"},"image":{"@id":"https:\/\/www.arhon.ch\/fr\/fonctionnalites-logiciel-hotelier\/statistiques-et-export\/#primaryimage"},"thumbnailUrl":"https:\/\/www.arhon.ch\/wp-inside\/uploads\/2022\/09\/screenshot-2023-08-28-at-10-26-35-arhon-admin.png","datePublished":"2022-09-07T14:39:18+00:00","dateModified":"2023-08-28T08:27:34+00:00","description":"Le logiciel de gestion h\u00f4teli\u00e8re Arhon vous permet de g\u00e9n\u00e9rer tr\u00e8s rapidement vos tableaux de bords et statistiques depuis une seule interface pour un pilotage facilit\u00e9 et un suivi quotidien de vos m\u00e9triques essentielles.","breadcrumb":{"@id":"https:\/\/www.arhon.ch\/fr\/fonctionnalites-logiciel-hotelier\/statistiques-et-export\/#breadcrumb"},"inLanguage":"fr-FR","potentialAction":[{"@type":"ReadAction","target":["https:\/\/www.arhon.ch\/fr\/fonctionnalites-logiciel-hotelier\/statistiques-et-export\/"]}]},{"@type":"ImageObject","inLanguage":"fr-FR","@id":"https:\/\/www.arhon.ch\/fr\/fonctionnalites-logiciel-hotelier\/statistiques-et-export\/#primaryimage","url":"https:\/\/www.arhon.ch\/wp-inside\/uploads\/2022\/09\/screenshot-2023-08-28-at-10-26-35-arhon-admin.png","contentUrl":"https:\/\/www.arhon.ch\/wp-inside\/uploads\/2022\/09\/screenshot-2023-08-28-at-10-26-35-arhon-admin.png","width":1260,"height":599},{"@type":"BreadcrumbList","@id":"https:\/\/www.arhon.ch\/fr\/fonctionnalites-logiciel-hotelier\/statistiques-et-export\/#breadcrumb","itemListElement":[{"@type":"ListItem","position":1,"name":"Accueil","item":"https:\/\/www.arhon.ch\/fr\/"},{"@type":"ListItem","position":2,"name":"Fonctionnalit\u00e9s","item":"https:\/\/www.arhon.ch\/fr\/fonctionnalites-logiciel-hotelier\/"},{"@type":"ListItem","position":3,"name":"Statistiques &#038; Export"}]},{"@type":"WebSite","@id":"https:\/\/www.arhon.ch\/fr\/#website","url":"https:\/\/www.arhon.ch\/fr\/","name":"Arhon","description":"Manage your property easily","publisher":{"@id":"https:\/\/www.arhon.ch\/fr\/#organization"},"potentialAction":[{"@type":"SearchAction","target":{"@type":"EntryPoint","urlTemplate":"https:\/\/www.arhon.ch\/fr\/?s={search_term_string}"},"query-input":{"@type":"PropertyValueSpecification","valueRequired":true,"valueName":"search_term_string"}}],"inLanguage":"fr-FR"},{"@type":"Organization","@id":"https:\/\/www.arhon.ch\/fr\/#organization","name":"Arhon","url":"https:\/\/www.arhon.ch\/fr\/","logo":{"@type":"ImageObject","inLanguage":"fr-FR","@id":"https:\/\/www.arhon.ch\/fr\/#\/schema\/logo\/image\/","url":"https:\/\/www.arhon.ch\/wp-inside\/uploads\/2022\/09\/arhon-logo-quadri-basic.png","contentUrl":"https:\/\/www.arhon.ch\/wp-inside\/uploads\/2022\/09\/arhon-logo-quadri-basic.png","width":1500,"height":972,"caption":"Arhon"},"image":{"@id":"https:\/\/www.arhon.ch\/fr\/#\/schema\/logo\/image\/"}}]}},"_links":{"self":[{"href":"https:\/\/www.arhon.ch\/fr\/wp-json\/wp\/v2\/pages\/60","targetHints":{"allow":["GET"]}}],"collection":[{"href":"https:\/\/www.arhon.ch\/fr\/wp-json\/wp\/v2\/pages"}],"about":[{"href":"https:\/\/www.arhon.ch\/fr\/wp-json\/wp\/v2\/types\/page"}],"author":[{"embeddable":true,"href":"https:\/\/www.arhon.ch\/fr\/wp-json\/wp\/v2\/users\/3"}],"replies":[{"embeddable":true,"href":"https:\/\/www.arhon.ch\/fr\/wp-json\/wp\/v2\/comments?post=60"}],"version-history":[{"count":9,"href":"https:\/\/www.arhon.ch\/fr\/wp-json\/wp\/v2\/pages\/60\/revisions"}],"predecessor-version":[{"id":2350,"href":"https:\/\/www.arhon.ch\/fr\/wp-json\/wp\/v2\/pages\/60\/revisions\/2350"}],"up":[{"embeddable":true,"href":"https:\/\/www.arhon.ch\/fr\/wp-json\/wp\/v2\/pages\/17"}],"wp:featuredmedia":[{"embeddable":true,"href":"https:\/\/www.arhon.ch\/fr\/wp-json\/wp\/v2\/media\/2346"}],"wp:attachment":[{"href":"https:\/\/www.arhon.ch\/fr\/wp-json\/wp\/v2\/media?parent=60"}],"curies":[{"name":"wp","href":"https:\/\/api.w.org\/{rel}","templated":true}]}}