{"id":78,"date":"2022-09-07T17:05:08","date_gmt":"2022-09-07T15:05:08","guid":{"rendered":"https:\/\/www.arhon.ch\/?page_id=78"},"modified":"2025-10-09T21:16:43","modified_gmt":"2025-10-09T19:16:43","slug":"arhon-logiciel-gestion-multi-proprietes","status":"publish","type":"page","link":"https:\/\/www.arhon.ch\/fr\/fonctionnalites-logiciel-hotelier\/arhon-logiciel-gestion-multi-proprietes\/","title":{"rendered":"Multi-propri\u00e9t\u00e9s"},"content":{"rendered":"<div class=\"wp-post-content\"><!-- zone:zn_pagebanner [0] --><br \/>\n\t\t<!-- \/zone:zn_pagebanner [0] --><br \/>\n<!-- zone:zn_text_img [1] --><\/p>\n<p>Vous \u00eates libre de cr\u00e9er autant d&rsquo;utilisateurs que n\u00e9cessaire \u00e0 votre organisation.<\/p>\n<p>Afin de d\u00e9l\u00e9guer et organiser votre \u00e9tablissement comme vous le souhaitez, Arhon vous propose deux fonctions, administrateur ou r\u00e9ceptionniste. Il vous suffit de cr\u00e9er chaque compte utilisateur avec une adresse email diff\u00e9rente.<\/p>\n<p>Il est \u00e9galement possible, avec un seul compte utilisateur, de g\u00e9rer plusieurs \u00e9tablissements, afin de suivre l\u2019ensemble de vos indicateurs depuis un seul endroit.<\/p>\n<p><!-- \/zone:zn_text_img [1] -->\n<\/div>\n","protected":false},"excerpt":{"rendered":"<p>Donnez des acc\u00e8s \u00e0 tous vos collaborateurs pour une utilisation facilit\u00e9e et une efficacit\u00e9 accrue.<\/p>\n","protected":false},"author":3,"featured_media":1019,"parent":17,"menu_order":60,"comment_status":"closed","ping_status":"closed","template":"","meta":{"_acf_changed":false,"footnotes":""},"class_list":["post-78","page","type-page","status-publish","has-post-thumbnail","hentry","wp-sticky"],"acf":[],"yoast_head":"<!-- This site is optimized with the Yoast SEO plugin v27.5 - https:\/\/yoast.com\/product\/yoast-seo-wordpress\/ -->\n<title>Gestion multi-propri\u00e9t\u00e9s simplifi\u00e9e avec le logiciel Arhon | Arhon<\/title>\n<meta name=\"description\" content=\"G\u00e9rez vos propri\u00e9t\u00e9s multiples facilement avec Arhon.Arhon : la gestion multi-propri\u00e9t\u00e9s facile et efficace.\" \/>\n<meta name=\"robots\" content=\"index, follow, max-snippet:-1, max-image-preview:large, max-video-preview:-1\" \/>\n<link rel=\"canonical\" href=\"https:\/\/www.arhon.ch\/fr\/fonctionnalites-logiciel-hotelier\/arhon-logiciel-gestion-multi-proprietes\/\" \/>\n<meta property=\"og:locale\" content=\"fr_FR\" \/>\n<meta property=\"og:type\" content=\"article\" \/>\n<meta property=\"og:title\" content=\"Gestion multi-propri\u00e9t\u00e9s simplifi\u00e9e avec le logiciel Arhon | Arhon\" \/>\n<meta property=\"og:description\" content=\"G\u00e9rez vos propri\u00e9t\u00e9s multiples facilement avec Arhon.Arhon : la gestion multi-propri\u00e9t\u00e9s facile et efficace.\" \/>\n<meta property=\"og:url\" content=\"https:\/\/www.arhon.ch\/fr\/fonctionnalites-logiciel-hotelier\/arhon-logiciel-gestion-multi-proprietes\/\" \/>\n<meta property=\"og:site_name\" content=\"Arhon\" \/>\n<meta property=\"article:modified_time\" content=\"2025-10-09T19:16:43+00:00\" \/>\n<meta property=\"og:image\" content=\"https:\/\/www.arhon.ch\/wp-inside\/uploads\/2022\/11\/utilisateur-multiple-1.png\" \/>\n\t<meta property=\"og:image:width\" content=\"605\" \/>\n\t<meta property=\"og:image:height\" content=\"389\" \/>\n\t<meta property=\"og:image:type\" content=\"image\/png\" \/>\n<meta name=\"twitter:card\" content=\"summary_large_image\" \/>\n<script type=\"application\/ld+json\" class=\"yoast-schema-graph\">{\"@context\":\"https:\\\/\\\/schema.org\",\"@graph\":[{\"@type\":\"WebPage\",\"@id\":\"https:\\\/\\\/www.arhon.ch\\\/fr\\\/fonctionnalites-logiciel-hotelier\\\/arhon-logiciel-gestion-multi-proprietes\\\/\",\"url\":\"https:\\\/\\\/www.arhon.ch\\\/fr\\\/fonctionnalites-logiciel-hotelier\\\/arhon-logiciel-gestion-multi-proprietes\\\/\",\"name\":\"Gestion multi-propri\u00e9t\u00e9s simplifi\u00e9e avec le logiciel Arhon\",\"isPartOf\":{\"@id\":\"https:\\\/\\\/www.arhon.ch\\\/fr\\\/#website\"},\"primaryImageOfPage\":{\"@id\":\"https:\\\/\\\/www.arhon.ch\\\/fr\\\/fonctionnalites-logiciel-hotelier\\\/arhon-logiciel-gestion-multi-proprietes\\\/#primaryimage\"},\"image\":{\"@id\":\"https:\\\/\\\/www.arhon.ch\\\/fr\\\/fonctionnalites-logiciel-hotelier\\\/arhon-logiciel-gestion-multi-proprietes\\\/#primaryimage\"},\"thumbnailUrl\":\"https:\\\/\\\/www.arhon.ch\\\/wp-inside\\\/uploads\\\/2022\\\/11\\\/utilisateur-multiple-1.png\",\"datePublished\":\"2022-09-07T15:05:08+00:00\",\"dateModified\":\"2025-10-09T19:16:43+00:00\",\"description\":\"G\u00e9rez vos propri\u00e9t\u00e9s multiples facilement avec Arhon.Arhon : la gestion multi-propri\u00e9t\u00e9s facile et efficace.\",\"breadcrumb\":{\"@id\":\"https:\\\/\\\/www.arhon.ch\\\/fr\\\/fonctionnalites-logiciel-hotelier\\\/arhon-logiciel-gestion-multi-proprietes\\\/#breadcrumb\"},\"inLanguage\":\"fr-FR\",\"potentialAction\":[{\"@type\":\"ReadAction\",\"target\":[\"https:\\\/\\\/www.arhon.ch\\\/fr\\\/fonctionnalites-logiciel-hotelier\\\/arhon-logiciel-gestion-multi-proprietes\\\/\"]}]},{\"@type\":\"ImageObject\",\"inLanguage\":\"fr-FR\",\"@id\":\"https:\\\/\\\/www.arhon.ch\\\/fr\\\/fonctionnalites-logiciel-hotelier\\\/arhon-logiciel-gestion-multi-proprietes\\\/#primaryimage\",\"url\":\"https:\\\/\\\/www.arhon.ch\\\/wp-inside\\\/uploads\\\/2022\\\/11\\\/utilisateur-multiple-1.png\",\"contentUrl\":\"https:\\\/\\\/www.arhon.ch\\\/wp-inside\\\/uploads\\\/2022\\\/11\\\/utilisateur-multiple-1.png\",\"width\":605,\"height\":389,\"caption\":\"Utilisateur multiple\"},{\"@type\":\"BreadcrumbList\",\"@id\":\"https:\\\/\\\/www.arhon.ch\\\/fr\\\/fonctionnalites-logiciel-hotelier\\\/arhon-logiciel-gestion-multi-proprietes\\\/#breadcrumb\",\"itemListElement\":[{\"@type\":\"ListItem\",\"position\":1,\"name\":\"Accueil\",\"item\":\"https:\\\/\\\/www.arhon.ch\\\/fr\\\/\"},{\"@type\":\"ListItem\",\"position\":2,\"name\":\"Fonctionnalit\u00e9s\",\"item\":\"https:\\\/\\\/www.arhon.ch\\\/fr\\\/fonctionnalites-logiciel-hotelier\\\/\"},{\"@type\":\"ListItem\",\"position\":3,\"name\":\"Multi-propri\u00e9t\u00e9s\"}]},{\"@type\":\"WebSite\",\"@id\":\"https:\\\/\\\/www.arhon.ch\\\/fr\\\/#website\",\"url\":\"https:\\\/\\\/www.arhon.ch\\\/fr\\\/\",\"name\":\"Arhon\",\"description\":\"Manage your property easily\",\"publisher\":{\"@id\":\"https:\\\/\\\/www.arhon.ch\\\/fr\\\/#organization\"},\"potentialAction\":[{\"@type\":\"SearchAction\",\"target\":{\"@type\":\"EntryPoint\",\"urlTemplate\":\"https:\\\/\\\/www.arhon.ch\\\/fr\\\/?s={search_term_string}\"},\"query-input\":{\"@type\":\"PropertyValueSpecification\",\"valueRequired\":true,\"valueName\":\"search_term_string\"}}],\"inLanguage\":\"fr-FR\"},{\"@type\":\"Organization\",\"@id\":\"https:\\\/\\\/www.arhon.ch\\\/fr\\\/#organization\",\"name\":\"Arhon\",\"url\":\"https:\\\/\\\/www.arhon.ch\\\/fr\\\/\",\"logo\":{\"@type\":\"ImageObject\",\"inLanguage\":\"fr-FR\",\"@id\":\"https:\\\/\\\/www.arhon.ch\\\/fr\\\/#\\\/schema\\\/logo\\\/image\\\/\",\"url\":\"https:\\\/\\\/www.arhon.ch\\\/wp-inside\\\/uploads\\\/2022\\\/09\\\/arhon-logo-quadri-basic.png\",\"contentUrl\":\"https:\\\/\\\/www.arhon.ch\\\/wp-inside\\\/uploads\\\/2022\\\/09\\\/arhon-logo-quadri-basic.png\",\"width\":1500,\"height\":972,\"caption\":\"Arhon\"},\"image\":{\"@id\":\"https:\\\/\\\/www.arhon.ch\\\/fr\\\/#\\\/schema\\\/logo\\\/image\\\/\"}}]}<\/script>\n<!-- \/ Yoast SEO plugin. -->","yoast_head_json":{"title":"Gestion multi-propri\u00e9t\u00e9s simplifi\u00e9e avec le logiciel Arhon | Arhon","description":"G\u00e9rez vos propri\u00e9t\u00e9s multiples facilement avec Arhon.Arhon : la gestion multi-propri\u00e9t\u00e9s facile et efficace.","robots":{"index":"index","follow":"follow","max-snippet":"max-snippet:-1","max-image-preview":"max-image-preview:large","max-video-preview":"max-video-preview:-1"},"canonical":"https:\/\/www.arhon.ch\/fr\/fonctionnalites-logiciel-hotelier\/arhon-logiciel-gestion-multi-proprietes\/","og_locale":"fr_FR","og_type":"article","og_title":"Gestion multi-propri\u00e9t\u00e9s simplifi\u00e9e avec le logiciel Arhon | Arhon","og_description":"G\u00e9rez vos propri\u00e9t\u00e9s multiples facilement avec Arhon.Arhon : la gestion multi-propri\u00e9t\u00e9s facile et efficace.","og_url":"https:\/\/www.arhon.ch\/fr\/fonctionnalites-logiciel-hotelier\/arhon-logiciel-gestion-multi-proprietes\/","og_site_name":"Arhon","article_modified_time":"2025-10-09T19:16:43+00:00","og_image":[{"width":605,"height":389,"url":"https:\/\/www.arhon.ch\/wp-inside\/uploads\/2022\/11\/utilisateur-multiple-1.png","type":"image\/png"}],"twitter_card":"summary_large_image","schema":{"@context":"https:\/\/schema.org","@graph":[{"@type":"WebPage","@id":"https:\/\/www.arhon.ch\/fr\/fonctionnalites-logiciel-hotelier\/arhon-logiciel-gestion-multi-proprietes\/","url":"https:\/\/www.arhon.ch\/fr\/fonctionnalites-logiciel-hotelier\/arhon-logiciel-gestion-multi-proprietes\/","name":"Gestion multi-propri\u00e9t\u00e9s simplifi\u00e9e avec le logiciel Arhon","isPartOf":{"@id":"https:\/\/www.arhon.ch\/fr\/#website"},"primaryImageOfPage":{"@id":"https:\/\/www.arhon.ch\/fr\/fonctionnalites-logiciel-hotelier\/arhon-logiciel-gestion-multi-proprietes\/#primaryimage"},"image":{"@id":"https:\/\/www.arhon.ch\/fr\/fonctionnalites-logiciel-hotelier\/arhon-logiciel-gestion-multi-proprietes\/#primaryimage"},"thumbnailUrl":"https:\/\/www.arhon.ch\/wp-inside\/uploads\/2022\/11\/utilisateur-multiple-1.png","datePublished":"2022-09-07T15:05:08+00:00","dateModified":"2025-10-09T19:16:43+00:00","description":"G\u00e9rez vos propri\u00e9t\u00e9s multiples facilement avec Arhon.Arhon : la gestion multi-propri\u00e9t\u00e9s facile et efficace.","breadcrumb":{"@id":"https:\/\/www.arhon.ch\/fr\/fonctionnalites-logiciel-hotelier\/arhon-logiciel-gestion-multi-proprietes\/#breadcrumb"},"inLanguage":"fr-FR","potentialAction":[{"@type":"ReadAction","target":["https:\/\/www.arhon.ch\/fr\/fonctionnalites-logiciel-hotelier\/arhon-logiciel-gestion-multi-proprietes\/"]}]},{"@type":"ImageObject","inLanguage":"fr-FR","@id":"https:\/\/www.arhon.ch\/fr\/fonctionnalites-logiciel-hotelier\/arhon-logiciel-gestion-multi-proprietes\/#primaryimage","url":"https:\/\/www.arhon.ch\/wp-inside\/uploads\/2022\/11\/utilisateur-multiple-1.png","contentUrl":"https:\/\/www.arhon.ch\/wp-inside\/uploads\/2022\/11\/utilisateur-multiple-1.png","width":605,"height":389,"caption":"Utilisateur multiple"},{"@type":"BreadcrumbList","@id":"https:\/\/www.arhon.ch\/fr\/fonctionnalites-logiciel-hotelier\/arhon-logiciel-gestion-multi-proprietes\/#breadcrumb","itemListElement":[{"@type":"ListItem","position":1,"name":"Accueil","item":"https:\/\/www.arhon.ch\/fr\/"},{"@type":"ListItem","position":2,"name":"Fonctionnalit\u00e9s","item":"https:\/\/www.arhon.ch\/fr\/fonctionnalites-logiciel-hotelier\/"},{"@type":"ListItem","position":3,"name":"Multi-propri\u00e9t\u00e9s"}]},{"@type":"WebSite","@id":"https:\/\/www.arhon.ch\/fr\/#website","url":"https:\/\/www.arhon.ch\/fr\/","name":"Arhon","description":"Manage your property easily","publisher":{"@id":"https:\/\/www.arhon.ch\/fr\/#organization"},"potentialAction":[{"@type":"SearchAction","target":{"@type":"EntryPoint","urlTemplate":"https:\/\/www.arhon.ch\/fr\/?s={search_term_string}"},"query-input":{"@type":"PropertyValueSpecification","valueRequired":true,"valueName":"search_term_string"}}],"inLanguage":"fr-FR"},{"@type":"Organization","@id":"https:\/\/www.arhon.ch\/fr\/#organization","name":"Arhon","url":"https:\/\/www.arhon.ch\/fr\/","logo":{"@type":"ImageObject","inLanguage":"fr-FR","@id":"https:\/\/www.arhon.ch\/fr\/#\/schema\/logo\/image\/","url":"https:\/\/www.arhon.ch\/wp-inside\/uploads\/2022\/09\/arhon-logo-quadri-basic.png","contentUrl":"https:\/\/www.arhon.ch\/wp-inside\/uploads\/2022\/09\/arhon-logo-quadri-basic.png","width":1500,"height":972,"caption":"Arhon"},"image":{"@id":"https:\/\/www.arhon.ch\/fr\/#\/schema\/logo\/image\/"}}]}},"_links":{"self":[{"href":"https:\/\/www.arhon.ch\/fr\/wp-json\/wp\/v2\/pages\/78","targetHints":{"allow":["GET"]}}],"collection":[{"href":"https:\/\/www.arhon.ch\/fr\/wp-json\/wp\/v2\/pages"}],"about":[{"href":"https:\/\/www.arhon.ch\/fr\/wp-json\/wp\/v2\/types\/page"}],"author":[{"embeddable":true,"href":"https:\/\/www.arhon.ch\/fr\/wp-json\/wp\/v2\/users\/3"}],"replies":[{"embeddable":true,"href":"https:\/\/www.arhon.ch\/fr\/wp-json\/wp\/v2\/comments?post=78"}],"version-history":[{"count":10,"href":"https:\/\/www.arhon.ch\/fr\/wp-json\/wp\/v2\/pages\/78\/revisions"}],"predecessor-version":[{"id":26039,"href":"https:\/\/www.arhon.ch\/fr\/wp-json\/wp\/v2\/pages\/78\/revisions\/26039"}],"up":[{"embeddable":true,"href":"https:\/\/www.arhon.ch\/fr\/wp-json\/wp\/v2\/pages\/17"}],"wp:featuredmedia":[{"embeddable":true,"href":"https:\/\/www.arhon.ch\/fr\/wp-json\/wp\/v2\/media\/1019"}],"wp:attachment":[{"href":"https:\/\/www.arhon.ch\/fr\/wp-json\/wp\/v2\/media?parent=78"}],"curies":[{"name":"wp","href":"https:\/\/api.w.org\/{rel}","templated":true}]}}