{"id":916,"date":"2022-10-20T10:38:57","date_gmt":"2022-10-20T08:38:57","guid":{"rendered":"https:\/\/www.arhon.ch\/?page_id=916"},"modified":"2025-10-05T17:36:55","modified_gmt":"2025-10-05T15:36:55","slug":"visibilite-en-ligne-hotel","status":"publish","type":"page","link":"https:\/\/www.arhon.ch\/fr\/fonctionnalites-logiciel-hotelier\/visibilite-en-ligne-hotel\/","title":{"rendered":"Moteur de r\u00e9servation"},"content":{"rendered":"<div class=\"wp-post-content\"><!-- zone:zn_pagebanner [0] --><br \/>\n\t\t<!-- \/zone:zn_pagebanner [0] --><br \/>\n<!-- zone:zn_text_img [1] --><\/p>\n<h2>\u00c9quipez votre h\u00f4tel d\u2019un moteur de r\u00e9servation en ligne<\/h2>\n<h3>C\u2019est quoi un moteur de r\u00e9servation?<\/h3>\n<p>Le moteur de r\u00e9servation en ligne appel\u00e9 aussi booking engine est une application de r\u00e9servation en ligne s\u00e9curis\u00e9e qui est visible sur votre site web et sur vos r\u00e9seaux sociaux.<br \/>\nLes clients peuvent r\u00e9server leurs s\u00e9jours directement depuis votre site web.<\/p>\n<h3>Quels sont les avantages d\u2019un moteur de r\u00e9servation ?<\/h3>\n<ul>\n<li>Contrairement aux plateformes de r\u00e9servation traditionnelle, vous ne payez pas de commission sur la r\u00e9servation mais un abonnement mensuel<\/li>\n<li>Vous fixez vos propres conditions d\u2019annulation<\/li>\n<li>Vous \u00eates libre de fixer des tarifs concurrentiels et attractifs ainsi que de cr\u00e9er vos codes promotionnels<\/li>\n<li>Vous pouvez appliquer une politique de prix tarifaire avec plus de souplesse<\/li>\n<li>Les r\u00e9servations sont int\u00e9gr\u00e9es automatiquement \u00e0 votre logiciel de gestion h\u00f4teli\u00e8re car le moteur de r\u00e9servation est synchronis\u00e9 avec le gestionnaire de canaux, le channel manager<\/li>\n<li>La r\u00e9servation en ligne est garantie par les coordonn\u00e9es de la carte bancaire communiqu\u00e9es par le client<\/li>\n<li>Vous pouvez mesurer le trafic et analyser vos donn\u00e9es gr\u00e2ce Google analytics<\/li>\n<\/ul>\n<p>Aujourd\u2019hui, il est indispensable pour n\u2019importe quel type d\u2019\u00e9tablissement h\u00f4telier d\u2019\u00eatre visible sur le web et de permettre la r\u00e9servation de chambres en ligne. En mettant en place votre propre moteur de r\u00e9servation, Arhon vous aide \u00e0 prendre votre ind\u00e9pendance strat\u00e9gique et financi\u00e8re face aux grandes plateformes, souvent gourmandes en commissions.<\/p>\n<p>&nbsp;<\/p>\n<p><!-- \/zone:zn_text_img [1] -->\n<\/div>\n","protected":false},"excerpt":{"rendered":"<p>Ouvrez-vous de nouveaux march\u00e9s : rendez la r\u00e9servation de vos chambres possible depuis votre site web et les r\u00e9seaux sociaux.<\/p>\n","protected":false},"author":3,"featured_media":2150,"parent":17,"menu_order":15,"comment_status":"closed","ping_status":"closed","template":"","meta":{"_acf_changed":false,"footnotes":""},"class_list":["post-916","page","type-page","status-publish","has-post-thumbnail","hentry","wp-sticky"],"acf":[],"yoast_head":"<!-- This site is optimized with the Yoast SEO plugin v27.5 - https:\/\/yoast.com\/product\/yoast-seo-wordpress\/ -->\n<title>Arhon \u2013 R\u00e9servations en ligne pour h\u00f4tels | Arhon<\/title>\n<meta name=\"description\" content=\"Rendez votre h\u00f4tel visible en ligne et facilitez la r\u00e9servation de chambres gr\u00e2ce \u00e0 Arhon, la solution suisse simple et compl\u00e8te.\" \/>\n<meta name=\"robots\" content=\"index, follow, max-snippet:-1, max-image-preview:large, max-video-preview:-1\" \/>\n<link rel=\"canonical\" href=\"https:\/\/www.arhon.ch\/fr\/fonctionnalites-logiciel-hotelier\/visibilite-en-ligne-hotel\/\" \/>\n<meta property=\"og:locale\" content=\"fr_FR\" \/>\n<meta property=\"og:type\" content=\"article\" \/>\n<meta property=\"og:title\" content=\"Arhon \u2013 R\u00e9servations en ligne pour h\u00f4tels | Arhon\" \/>\n<meta property=\"og:description\" content=\"Rendez votre h\u00f4tel visible en ligne et facilitez la r\u00e9servation de chambres gr\u00e2ce \u00e0 Arhon, la solution suisse simple et compl\u00e8te.\" \/>\n<meta property=\"og:url\" content=\"https:\/\/www.arhon.ch\/fr\/fonctionnalites-logiciel-hotelier\/visibilite-en-ligne-hotel\/\" \/>\n<meta property=\"og:site_name\" content=\"Arhon\" \/>\n<meta property=\"article:modified_time\" content=\"2025-10-05T15:36:55+00:00\" \/>\n<meta property=\"og:image\" content=\"https:\/\/www.arhon.ch\/wp-inside\/uploads\/2023\/03\/istock-1159636262.jpg\" \/>\n\t<meta property=\"og:image:width\" content=\"2000\" \/>\n\t<meta property=\"og:image:height\" content=\"1055\" \/>\n\t<meta property=\"og:image:type\" content=\"image\/jpeg\" \/>\n<meta name=\"twitter:card\" content=\"summary_large_image\" \/>\n<meta name=\"twitter:label1\" content=\"Dur\u00e9e de lecture estim\u00e9e\" \/>\n\t<meta name=\"twitter:data1\" content=\"1 minute\" \/>\n<script type=\"application\/ld+json\" class=\"yoast-schema-graph\">{\"@context\":\"https:\\\/\\\/schema.org\",\"@graph\":[{\"@type\":\"WebPage\",\"@id\":\"https:\\\/\\\/www.arhon.ch\\\/fr\\\/fonctionnalites-logiciel-hotelier\\\/visibilite-en-ligne-hotel\\\/\",\"url\":\"https:\\\/\\\/www.arhon.ch\\\/fr\\\/fonctionnalites-logiciel-hotelier\\\/visibilite-en-ligne-hotel\\\/\",\"name\":\"Arhon \u2013 R\u00e9servations en ligne pour h\u00f4tels\",\"isPartOf\":{\"@id\":\"https:\\\/\\\/www.arhon.ch\\\/fr\\\/#website\"},\"primaryImageOfPage\":{\"@id\":\"https:\\\/\\\/www.arhon.ch\\\/fr\\\/fonctionnalites-logiciel-hotelier\\\/visibilite-en-ligne-hotel\\\/#primaryimage\"},\"image\":{\"@id\":\"https:\\\/\\\/www.arhon.ch\\\/fr\\\/fonctionnalites-logiciel-hotelier\\\/visibilite-en-ligne-hotel\\\/#primaryimage\"},\"thumbnailUrl\":\"https:\\\/\\\/www.arhon.ch\\\/wp-inside\\\/uploads\\\/2023\\\/03\\\/istock-1159636262.jpg\",\"datePublished\":\"2022-10-20T08:38:57+00:00\",\"dateModified\":\"2025-10-05T15:36:55+00:00\",\"description\":\"Rendez votre h\u00f4tel visible en ligne et facilitez la r\u00e9servation de chambres gr\u00e2ce \u00e0 Arhon, la solution suisse simple et compl\u00e8te.\",\"breadcrumb\":{\"@id\":\"https:\\\/\\\/www.arhon.ch\\\/fr\\\/fonctionnalites-logiciel-hotelier\\\/visibilite-en-ligne-hotel\\\/#breadcrumb\"},\"inLanguage\":\"fr-FR\",\"potentialAction\":[{\"@type\":\"ReadAction\",\"target\":[\"https:\\\/\\\/www.arhon.ch\\\/fr\\\/fonctionnalites-logiciel-hotelier\\\/visibilite-en-ligne-hotel\\\/\"]}]},{\"@type\":\"ImageObject\",\"inLanguage\":\"fr-FR\",\"@id\":\"https:\\\/\\\/www.arhon.ch\\\/fr\\\/fonctionnalites-logiciel-hotelier\\\/visibilite-en-ligne-hotel\\\/#primaryimage\",\"url\":\"https:\\\/\\\/www.arhon.ch\\\/wp-inside\\\/uploads\\\/2023\\\/03\\\/istock-1159636262.jpg\",\"contentUrl\":\"https:\\\/\\\/www.arhon.ch\\\/wp-inside\\\/uploads\\\/2023\\\/03\\\/istock-1159636262.jpg\",\"width\":2000,\"height\":1055},{\"@type\":\"BreadcrumbList\",\"@id\":\"https:\\\/\\\/www.arhon.ch\\\/fr\\\/fonctionnalites-logiciel-hotelier\\\/visibilite-en-ligne-hotel\\\/#breadcrumb\",\"itemListElement\":[{\"@type\":\"ListItem\",\"position\":1,\"name\":\"Accueil\",\"item\":\"https:\\\/\\\/www.arhon.ch\\\/fr\\\/\"},{\"@type\":\"ListItem\",\"position\":2,\"name\":\"Fonctionnalit\u00e9s\",\"item\":\"https:\\\/\\\/www.arhon.ch\\\/fr\\\/fonctionnalites-logiciel-hotelier\\\/\"},{\"@type\":\"ListItem\",\"position\":3,\"name\":\"Moteur de r\u00e9servation\"}]},{\"@type\":\"WebSite\",\"@id\":\"https:\\\/\\\/www.arhon.ch\\\/fr\\\/#website\",\"url\":\"https:\\\/\\\/www.arhon.ch\\\/fr\\\/\",\"name\":\"Arhon\",\"description\":\"Manage your property easily\",\"publisher\":{\"@id\":\"https:\\\/\\\/www.arhon.ch\\\/fr\\\/#organization\"},\"potentialAction\":[{\"@type\":\"SearchAction\",\"target\":{\"@type\":\"EntryPoint\",\"urlTemplate\":\"https:\\\/\\\/www.arhon.ch\\\/fr\\\/?s={search_term_string}\"},\"query-input\":{\"@type\":\"PropertyValueSpecification\",\"valueRequired\":true,\"valueName\":\"search_term_string\"}}],\"inLanguage\":\"fr-FR\"},{\"@type\":\"Organization\",\"@id\":\"https:\\\/\\\/www.arhon.ch\\\/fr\\\/#organization\",\"name\":\"Arhon\",\"url\":\"https:\\\/\\\/www.arhon.ch\\\/fr\\\/\",\"logo\":{\"@type\":\"ImageObject\",\"inLanguage\":\"fr-FR\",\"@id\":\"https:\\\/\\\/www.arhon.ch\\\/fr\\\/#\\\/schema\\\/logo\\\/image\\\/\",\"url\":\"https:\\\/\\\/www.arhon.ch\\\/wp-inside\\\/uploads\\\/2022\\\/09\\\/arhon-logo-quadri-basic.png\",\"contentUrl\":\"https:\\\/\\\/www.arhon.ch\\\/wp-inside\\\/uploads\\\/2022\\\/09\\\/arhon-logo-quadri-basic.png\",\"width\":1500,\"height\":972,\"caption\":\"Arhon\"},\"image\":{\"@id\":\"https:\\\/\\\/www.arhon.ch\\\/fr\\\/#\\\/schema\\\/logo\\\/image\\\/\"}}]}<\/script>\n<!-- \/ Yoast SEO plugin. -->","yoast_head_json":{"title":"Arhon \u2013 R\u00e9servations en ligne pour h\u00f4tels | Arhon","description":"Rendez votre h\u00f4tel visible en ligne et facilitez la r\u00e9servation de chambres gr\u00e2ce \u00e0 Arhon, la solution suisse simple et compl\u00e8te.","robots":{"index":"index","follow":"follow","max-snippet":"max-snippet:-1","max-image-preview":"max-image-preview:large","max-video-preview":"max-video-preview:-1"},"canonical":"https:\/\/www.arhon.ch\/fr\/fonctionnalites-logiciel-hotelier\/visibilite-en-ligne-hotel\/","og_locale":"fr_FR","og_type":"article","og_title":"Arhon \u2013 R\u00e9servations en ligne pour h\u00f4tels | Arhon","og_description":"Rendez votre h\u00f4tel visible en ligne et facilitez la r\u00e9servation de chambres gr\u00e2ce \u00e0 Arhon, la solution suisse simple et compl\u00e8te.","og_url":"https:\/\/www.arhon.ch\/fr\/fonctionnalites-logiciel-hotelier\/visibilite-en-ligne-hotel\/","og_site_name":"Arhon","article_modified_time":"2025-10-05T15:36:55+00:00","og_image":[{"width":2000,"height":1055,"url":"https:\/\/www.arhon.ch\/wp-inside\/uploads\/2023\/03\/istock-1159636262.jpg","type":"image\/jpeg"}],"twitter_card":"summary_large_image","twitter_misc":{"Dur\u00e9e de lecture estim\u00e9e":"1 minute"},"schema":{"@context":"https:\/\/schema.org","@graph":[{"@type":"WebPage","@id":"https:\/\/www.arhon.ch\/fr\/fonctionnalites-logiciel-hotelier\/visibilite-en-ligne-hotel\/","url":"https:\/\/www.arhon.ch\/fr\/fonctionnalites-logiciel-hotelier\/visibilite-en-ligne-hotel\/","name":"Arhon \u2013 R\u00e9servations en ligne pour h\u00f4tels","isPartOf":{"@id":"https:\/\/www.arhon.ch\/fr\/#website"},"primaryImageOfPage":{"@id":"https:\/\/www.arhon.ch\/fr\/fonctionnalites-logiciel-hotelier\/visibilite-en-ligne-hotel\/#primaryimage"},"image":{"@id":"https:\/\/www.arhon.ch\/fr\/fonctionnalites-logiciel-hotelier\/visibilite-en-ligne-hotel\/#primaryimage"},"thumbnailUrl":"https:\/\/www.arhon.ch\/wp-inside\/uploads\/2023\/03\/istock-1159636262.jpg","datePublished":"2022-10-20T08:38:57+00:00","dateModified":"2025-10-05T15:36:55+00:00","description":"Rendez votre h\u00f4tel visible en ligne et facilitez la r\u00e9servation de chambres gr\u00e2ce \u00e0 Arhon, la solution suisse simple et compl\u00e8te.","breadcrumb":{"@id":"https:\/\/www.arhon.ch\/fr\/fonctionnalites-logiciel-hotelier\/visibilite-en-ligne-hotel\/#breadcrumb"},"inLanguage":"fr-FR","potentialAction":[{"@type":"ReadAction","target":["https:\/\/www.arhon.ch\/fr\/fonctionnalites-logiciel-hotelier\/visibilite-en-ligne-hotel\/"]}]},{"@type":"ImageObject","inLanguage":"fr-FR","@id":"https:\/\/www.arhon.ch\/fr\/fonctionnalites-logiciel-hotelier\/visibilite-en-ligne-hotel\/#primaryimage","url":"https:\/\/www.arhon.ch\/wp-inside\/uploads\/2023\/03\/istock-1159636262.jpg","contentUrl":"https:\/\/www.arhon.ch\/wp-inside\/uploads\/2023\/03\/istock-1159636262.jpg","width":2000,"height":1055},{"@type":"BreadcrumbList","@id":"https:\/\/www.arhon.ch\/fr\/fonctionnalites-logiciel-hotelier\/visibilite-en-ligne-hotel\/#breadcrumb","itemListElement":[{"@type":"ListItem","position":1,"name":"Accueil","item":"https:\/\/www.arhon.ch\/fr\/"},{"@type":"ListItem","position":2,"name":"Fonctionnalit\u00e9s","item":"https:\/\/www.arhon.ch\/fr\/fonctionnalites-logiciel-hotelier\/"},{"@type":"ListItem","position":3,"name":"Moteur de r\u00e9servation"}]},{"@type":"WebSite","@id":"https:\/\/www.arhon.ch\/fr\/#website","url":"https:\/\/www.arhon.ch\/fr\/","name":"Arhon","description":"Manage your property easily","publisher":{"@id":"https:\/\/www.arhon.ch\/fr\/#organization"},"potentialAction":[{"@type":"SearchAction","target":{"@type":"EntryPoint","urlTemplate":"https:\/\/www.arhon.ch\/fr\/?s={search_term_string}"},"query-input":{"@type":"PropertyValueSpecification","valueRequired":true,"valueName":"search_term_string"}}],"inLanguage":"fr-FR"},{"@type":"Organization","@id":"https:\/\/www.arhon.ch\/fr\/#organization","name":"Arhon","url":"https:\/\/www.arhon.ch\/fr\/","logo":{"@type":"ImageObject","inLanguage":"fr-FR","@id":"https:\/\/www.arhon.ch\/fr\/#\/schema\/logo\/image\/","url":"https:\/\/www.arhon.ch\/wp-inside\/uploads\/2022\/09\/arhon-logo-quadri-basic.png","contentUrl":"https:\/\/www.arhon.ch\/wp-inside\/uploads\/2022\/09\/arhon-logo-quadri-basic.png","width":1500,"height":972,"caption":"Arhon"},"image":{"@id":"https:\/\/www.arhon.ch\/fr\/#\/schema\/logo\/image\/"}}]}},"_links":{"self":[{"href":"https:\/\/www.arhon.ch\/fr\/wp-json\/wp\/v2\/pages\/916","targetHints":{"allow":["GET"]}}],"collection":[{"href":"https:\/\/www.arhon.ch\/fr\/wp-json\/wp\/v2\/pages"}],"about":[{"href":"https:\/\/www.arhon.ch\/fr\/wp-json\/wp\/v2\/types\/page"}],"author":[{"embeddable":true,"href":"https:\/\/www.arhon.ch\/fr\/wp-json\/wp\/v2\/users\/3"}],"replies":[{"embeddable":true,"href":"https:\/\/www.arhon.ch\/fr\/wp-json\/wp\/v2\/comments?post=916"}],"version-history":[{"count":12,"href":"https:\/\/www.arhon.ch\/fr\/wp-json\/wp\/v2\/pages\/916\/revisions"}],"predecessor-version":[{"id":2159,"href":"https:\/\/www.arhon.ch\/fr\/wp-json\/wp\/v2\/pages\/916\/revisions\/2159"}],"up":[{"embeddable":true,"href":"https:\/\/www.arhon.ch\/fr\/wp-json\/wp\/v2\/pages\/17"}],"wp:featuredmedia":[{"embeddable":true,"href":"https:\/\/www.arhon.ch\/fr\/wp-json\/wp\/v2\/media\/2150"}],"wp:attachment":[{"href":"https:\/\/www.arhon.ch\/fr\/wp-json\/wp\/v2\/media?parent=916"}],"curies":[{"name":"wp","href":"https:\/\/api.w.org\/{rel}","templated":true}]}}