{"id":918,"date":"2022-10-20T10:39:54","date_gmt":"2022-10-20T08:39:54","guid":{"rendered":"https:\/\/www.arhon.ch\/?page_id=918"},"modified":"2025-10-05T17:41:51","modified_gmt":"2025-10-05T15:41:51","slug":"check-in-rapide-hotel","status":"publish","type":"page","link":"https:\/\/www.arhon.ch\/fr\/fonctionnalites-logiciel-hotelier\/check-in-rapide-hotel\/","title":{"rendered":"Check-in"},"content":{"rendered":"<div class=\"wp-post-content\"><!-- zone:zn_pagebanner [0] --><br \/>\n\t\t<!-- \/zone:zn_pagebanner [0] --><br \/>\n<!-- zone:zn_text [1] --><\/p>\n<h2>Le check-in avec l\u2019automatisation Arhon<\/h2>\n<p>Laisser Arhon r\u00e9aliser le check-in \u00e0 votre place, c\u2019est la garantie d\u2019un check-in 100% satisfait pour vos clients et pour vous-m\u00eame<\/p>\n<p><strong><em>\u00ab Comment \u00e7a fonctionne ? \u00bb<\/em><\/strong><\/p>\n<ul>\n<li>Un email automatique est envoy\u00e9 1 jour avant l\u2019arriv\u00e9e de votre client pour qu\u2019il s\u2019enregistre en ligne<\/li>\n<li>L\u2019enregistrement en ligne est valable pour une r\u00e9servation simple ou une r\u00e9servation de groupe<\/li>\n<li>L\u2019enregistrement en ligne peut \u00eatre envoy\u00e9 d\u2019un simple clic. Par exemple : lors d\u2019une r\u00e9servation last-minute<\/li>\n<\/ul>\n<p><strong><em>\u00ab Que se passe-t-il quand le client arrive \u00e0 l\u2019h\u00f4tel ? \u00bb<\/em><\/strong><\/p>\n<ul>\n<li>D\u2019un simple clic depuis votre tableau de bord Arhon, le client est consid\u00e9r\u00e9 comme arriv\u00e9 \u00e0 l\u2019h\u00f4tel<\/li>\n<li>Le bulletin d\u2019enregistrement est rempli automatiquement<\/li>\n<\/ul>\n<p><img loading=\"lazy\" decoding=\"async\" class=\"aligncenter wp-image-1948 size-large\" src=\"https:\/\/www.arhon.ch\/wp-inside\/uploads\/2022\/09\/online-checkin-fr-1024x748.png\" alt=\"\" width=\"1024\" height=\"748\" srcset=\"https:\/\/www.arhon.ch\/wp-inside\/uploads\/2022\/09\/online-checkin-fr-1024x748.png 1024w, https:\/\/www.arhon.ch\/wp-inside\/uploads\/2022\/09\/online-checkin-fr-480x351.png 480w, https:\/\/www.arhon.ch\/wp-inside\/uploads\/2022\/09\/online-checkin-fr-768x561.png 768w, https:\/\/www.arhon.ch\/wp-inside\/uploads\/2022\/09\/online-checkin-fr.png 1216w\" sizes=\"auto, (max-width: 1024px) 100vw, 1024px\" \/><\/p>\n<p><strong><em>\u00ab Comment faire si je ne souhaite pas d\u2019enregistrement en ligne pour mes clients ? \u00bb<\/em><\/strong><\/p>\n<ul>\n<li>La fonction enregistrement en ligne peut \u00eatre d\u00e9sactiv\u00e9e<\/li>\n<\/ul>\n<p><strong><em>\u00ab Est-ce que les donn\u00e9es de mon client sont prot\u00e9g\u00e9es ? \u00bb<\/em><\/strong><\/p>\n<ul>\n<li>L\u2019enregistrement en ligne est conforme aux r\u00e8gles de la protection des donn\u00e9es. Ainsi, vous \u00eates assur\u00e9 que les donn\u00e9es de vos clients sont prot\u00e9g\u00e9es.<\/li>\n<\/ul>\n<p><strong>Pour vos clients qui ne souhaitent pas s\u2019enregistrer en ligne ? pas de soucis, Arhon a votre solution<\/strong> \u00ab le check-in ultra-rapide avec le scanner Arhon \u00bb<\/p>\n<p>&nbsp;<\/p>\n<p>\t\t\t<!-- \/zone:zn_text [1] --><br \/>\n<!-- zone:zn_text_img [3] --><\/p>\n<h2>Le check-in avec le scanner Arhon<\/h2>\n<p>Parce que certains clients ne souhaitent pas effectuer leurs check-ins en ligne, r\u00e9alisez les check-ins d\u2019un simple geste gr\u00e2ce au scanner Arhon, c\u2019est aussi la garantie d\u2019un check-in 100% satisfait pour vos clients et pour vous-m\u00eame.<\/p>\n<p>\u00ab Le scanner peut lire quel type de document ? \u00bb<\/p>\n<ul>\n<li>Le scanner lit passeport, carte d\u2019identit\u00e9, permis de conduire, permis de s\u00e9jour <strong>en 2 secondes<\/strong><\/li>\n<li>Fini les erreurs de frappe et la file d\u2019attente \u00e0 la r\u00e9ception<\/li>\n<li>le bulletin d\u2019enregistrement est rempli automatiquement<\/li>\n<li>le scanner est garanti 2 ans pi\u00e8ce et main d\u2019\u0153uvre<\/li>\n<\/ul>\n<p>Un check-in bien r\u00e9alis\u00e9, permet d\u2019automatiser et de simplifier les <a href=\"https:\/\/www.arhon.ch\/fr\/fonctionnalites\/declarations\/\">obligations l\u00e9gales eHESTA<\/a> et\u00a0d\u2019obtenir un calcul automatis\u00e9 des <a href=\"https:\/\/www.arhon.ch\/fr\/fonctionnalites\/taxe-de-sejour\/\">taxes de s\u00e9jours.<\/a><\/p>\n<p><!-- \/zone:zn_text_img [3] -->\n<\/div>\n","protected":false},"excerpt":{"rendered":"<p>Economisez du temps et de l\u2019argent pour vous et vos clients, fluidifiez vos arriv\u00e9es\/d\u00e9parts et augmentez votre taux de satisfaction<\/p>\n","protected":false},"author":3,"featured_media":1948,"parent":17,"menu_order":20,"comment_status":"closed","ping_status":"closed","template":"","meta":{"_acf_changed":false,"footnotes":""},"class_list":["post-918","page","type-page","status-publish","has-post-thumbnail","hentry","wp-sticky"],"acf":[],"yoast_head":"<!-- This site is optimized with the Yoast SEO plugin v27.3 - https:\/\/yoast.com\/product\/yoast-seo-wordpress\/ -->\n<title>Arhon \u2013 Simplifiez les arriv\u00e9es et d\u00e9parts clients | Arhon<\/title>\n<meta name=\"description\" content=\"Choisissez le check-in rapide avec Arhon : gagnez du temps, fluidifiez les arriv\u00e9es et augmentez la satisfaction de vos clients.\" \/>\n<meta name=\"robots\" content=\"index, follow, max-snippet:-1, max-image-preview:large, max-video-preview:-1\" \/>\n<link rel=\"canonical\" href=\"https:\/\/www.arhon.ch\/fr\/fonctionnalites-logiciel-hotelier\/check-in-rapide-hotel\/\" \/>\n<meta property=\"og:locale\" content=\"fr_FR\" \/>\n<meta property=\"og:type\" content=\"article\" \/>\n<meta property=\"og:title\" content=\"Arhon \u2013 Simplifiez les arriv\u00e9es et d\u00e9parts clients | Arhon\" \/>\n<meta property=\"og:description\" content=\"Choisissez le check-in rapide avec Arhon : gagnez du temps, fluidifiez les arriv\u00e9es et augmentez la satisfaction de vos clients.\" \/>\n<meta property=\"og:url\" content=\"https:\/\/www.arhon.ch\/fr\/fonctionnalites-logiciel-hotelier\/check-in-rapide-hotel\/\" \/>\n<meta property=\"og:site_name\" content=\"Arhon\" \/>\n<meta property=\"article:modified_time\" content=\"2025-10-05T15:41:51+00:00\" \/>\n<meta property=\"og:image\" content=\"https:\/\/www.arhon.ch\/wp-inside\/uploads\/2022\/09\/online-checkin-fr.png\" \/>\n\t<meta property=\"og:image:width\" content=\"1216\" \/>\n\t<meta property=\"og:image:height\" content=\"888\" \/>\n\t<meta property=\"og:image:type\" content=\"image\/png\" \/>\n<meta name=\"twitter:card\" content=\"summary_large_image\" \/>\n<meta name=\"twitter:label1\" content=\"Dur\u00e9e de lecture estim\u00e9e\" \/>\n\t<meta name=\"twitter:data1\" content=\"2 minutes\" \/>\n<script type=\"application\/ld+json\" class=\"yoast-schema-graph\">{\"@context\":\"https:\\\/\\\/schema.org\",\"@graph\":[{\"@type\":\"WebPage\",\"@id\":\"https:\\\/\\\/www.arhon.ch\\\/fr\\\/fonctionnalites-logiciel-hotelier\\\/check-in-rapide-hotel\\\/\",\"url\":\"https:\\\/\\\/www.arhon.ch\\\/fr\\\/fonctionnalites-logiciel-hotelier\\\/check-in-rapide-hotel\\\/\",\"name\":\"Arhon \u2013 Simplifiez les arriv\u00e9es et d\u00e9parts clients\",\"isPartOf\":{\"@id\":\"https:\\\/\\\/www.arhon.ch\\\/fr\\\/#website\"},\"primaryImageOfPage\":{\"@id\":\"https:\\\/\\\/www.arhon.ch\\\/fr\\\/fonctionnalites-logiciel-hotelier\\\/check-in-rapide-hotel\\\/#primaryimage\"},\"image\":{\"@id\":\"https:\\\/\\\/www.arhon.ch\\\/fr\\\/fonctionnalites-logiciel-hotelier\\\/check-in-rapide-hotel\\\/#primaryimage\"},\"thumbnailUrl\":\"https:\\\/\\\/www.arhon.ch\\\/wp-inside\\\/uploads\\\/2022\\\/09\\\/online-checkin-fr.png\",\"datePublished\":\"2022-10-20T08:39:54+00:00\",\"dateModified\":\"2025-10-05T15:41:51+00:00\",\"description\":\"Choisissez le check-in rapide avec Arhon : gagnez du temps, fluidifiez les arriv\u00e9es et augmentez la satisfaction de vos clients.\",\"breadcrumb\":{\"@id\":\"https:\\\/\\\/www.arhon.ch\\\/fr\\\/fonctionnalites-logiciel-hotelier\\\/check-in-rapide-hotel\\\/#breadcrumb\"},\"inLanguage\":\"fr-FR\",\"potentialAction\":[{\"@type\":\"ReadAction\",\"target\":[\"https:\\\/\\\/www.arhon.ch\\\/fr\\\/fonctionnalites-logiciel-hotelier\\\/check-in-rapide-hotel\\\/\"]}]},{\"@type\":\"ImageObject\",\"inLanguage\":\"fr-FR\",\"@id\":\"https:\\\/\\\/www.arhon.ch\\\/fr\\\/fonctionnalites-logiciel-hotelier\\\/check-in-rapide-hotel\\\/#primaryimage\",\"url\":\"https:\\\/\\\/www.arhon.ch\\\/wp-inside\\\/uploads\\\/2022\\\/09\\\/online-checkin-fr.png\",\"contentUrl\":\"https:\\\/\\\/www.arhon.ch\\\/wp-inside\\\/uploads\\\/2022\\\/09\\\/online-checkin-fr.png\",\"width\":1216,\"height\":888},{\"@type\":\"BreadcrumbList\",\"@id\":\"https:\\\/\\\/www.arhon.ch\\\/fr\\\/fonctionnalites-logiciel-hotelier\\\/check-in-rapide-hotel\\\/#breadcrumb\",\"itemListElement\":[{\"@type\":\"ListItem\",\"position\":1,\"name\":\"Accueil\",\"item\":\"https:\\\/\\\/www.arhon.ch\\\/fr\\\/\"},{\"@type\":\"ListItem\",\"position\":2,\"name\":\"Fonctionnalit\u00e9s\",\"item\":\"https:\\\/\\\/www.arhon.ch\\\/fr\\\/fonctionnalites-logiciel-hotelier\\\/\"},{\"@type\":\"ListItem\",\"position\":3,\"name\":\"Check-in\"}]},{\"@type\":\"WebSite\",\"@id\":\"https:\\\/\\\/www.arhon.ch\\\/fr\\\/#website\",\"url\":\"https:\\\/\\\/www.arhon.ch\\\/fr\\\/\",\"name\":\"Arhon\",\"description\":\"Manage your property easily\",\"publisher\":{\"@id\":\"https:\\\/\\\/www.arhon.ch\\\/fr\\\/#organization\"},\"potentialAction\":[{\"@type\":\"SearchAction\",\"target\":{\"@type\":\"EntryPoint\",\"urlTemplate\":\"https:\\\/\\\/www.arhon.ch\\\/fr\\\/?s={search_term_string}\"},\"query-input\":{\"@type\":\"PropertyValueSpecification\",\"valueRequired\":true,\"valueName\":\"search_term_string\"}}],\"inLanguage\":\"fr-FR\"},{\"@type\":\"Organization\",\"@id\":\"https:\\\/\\\/www.arhon.ch\\\/fr\\\/#organization\",\"name\":\"Arhon\",\"url\":\"https:\\\/\\\/www.arhon.ch\\\/fr\\\/\",\"logo\":{\"@type\":\"ImageObject\",\"inLanguage\":\"fr-FR\",\"@id\":\"https:\\\/\\\/www.arhon.ch\\\/fr\\\/#\\\/schema\\\/logo\\\/image\\\/\",\"url\":\"https:\\\/\\\/www.arhon.ch\\\/wp-inside\\\/uploads\\\/2022\\\/09\\\/arhon-logo-quadri-basic.png\",\"contentUrl\":\"https:\\\/\\\/www.arhon.ch\\\/wp-inside\\\/uploads\\\/2022\\\/09\\\/arhon-logo-quadri-basic.png\",\"width\":1500,\"height\":972,\"caption\":\"Arhon\"},\"image\":{\"@id\":\"https:\\\/\\\/www.arhon.ch\\\/fr\\\/#\\\/schema\\\/logo\\\/image\\\/\"}}]}<\/script>\n<!-- \/ Yoast SEO plugin. -->","yoast_head_json":{"title":"Arhon \u2013 Simplifiez les arriv\u00e9es et d\u00e9parts clients | Arhon","description":"Choisissez le check-in rapide avec Arhon : gagnez du temps, fluidifiez les arriv\u00e9es et augmentez la satisfaction de vos clients.","robots":{"index":"index","follow":"follow","max-snippet":"max-snippet:-1","max-image-preview":"max-image-preview:large","max-video-preview":"max-video-preview:-1"},"canonical":"https:\/\/www.arhon.ch\/fr\/fonctionnalites-logiciel-hotelier\/check-in-rapide-hotel\/","og_locale":"fr_FR","og_type":"article","og_title":"Arhon \u2013 Simplifiez les arriv\u00e9es et d\u00e9parts clients | Arhon","og_description":"Choisissez le check-in rapide avec Arhon : gagnez du temps, fluidifiez les arriv\u00e9es et augmentez la satisfaction de vos clients.","og_url":"https:\/\/www.arhon.ch\/fr\/fonctionnalites-logiciel-hotelier\/check-in-rapide-hotel\/","og_site_name":"Arhon","article_modified_time":"2025-10-05T15:41:51+00:00","og_image":[{"width":1216,"height":888,"url":"https:\/\/www.arhon.ch\/wp-inside\/uploads\/2022\/09\/online-checkin-fr.png","type":"image\/png"}],"twitter_card":"summary_large_image","twitter_misc":{"Dur\u00e9e de lecture estim\u00e9e":"2 minutes"},"schema":{"@context":"https:\/\/schema.org","@graph":[{"@type":"WebPage","@id":"https:\/\/www.arhon.ch\/fr\/fonctionnalites-logiciel-hotelier\/check-in-rapide-hotel\/","url":"https:\/\/www.arhon.ch\/fr\/fonctionnalites-logiciel-hotelier\/check-in-rapide-hotel\/","name":"Arhon \u2013 Simplifiez les arriv\u00e9es et d\u00e9parts clients","isPartOf":{"@id":"https:\/\/www.arhon.ch\/fr\/#website"},"primaryImageOfPage":{"@id":"https:\/\/www.arhon.ch\/fr\/fonctionnalites-logiciel-hotelier\/check-in-rapide-hotel\/#primaryimage"},"image":{"@id":"https:\/\/www.arhon.ch\/fr\/fonctionnalites-logiciel-hotelier\/check-in-rapide-hotel\/#primaryimage"},"thumbnailUrl":"https:\/\/www.arhon.ch\/wp-inside\/uploads\/2022\/09\/online-checkin-fr.png","datePublished":"2022-10-20T08:39:54+00:00","dateModified":"2025-10-05T15:41:51+00:00","description":"Choisissez le check-in rapide avec Arhon : gagnez du temps, fluidifiez les arriv\u00e9es et augmentez la satisfaction de vos clients.","breadcrumb":{"@id":"https:\/\/www.arhon.ch\/fr\/fonctionnalites-logiciel-hotelier\/check-in-rapide-hotel\/#breadcrumb"},"inLanguage":"fr-FR","potentialAction":[{"@type":"ReadAction","target":["https:\/\/www.arhon.ch\/fr\/fonctionnalites-logiciel-hotelier\/check-in-rapide-hotel\/"]}]},{"@type":"ImageObject","inLanguage":"fr-FR","@id":"https:\/\/www.arhon.ch\/fr\/fonctionnalites-logiciel-hotelier\/check-in-rapide-hotel\/#primaryimage","url":"https:\/\/www.arhon.ch\/wp-inside\/uploads\/2022\/09\/online-checkin-fr.png","contentUrl":"https:\/\/www.arhon.ch\/wp-inside\/uploads\/2022\/09\/online-checkin-fr.png","width":1216,"height":888},{"@type":"BreadcrumbList","@id":"https:\/\/www.arhon.ch\/fr\/fonctionnalites-logiciel-hotelier\/check-in-rapide-hotel\/#breadcrumb","itemListElement":[{"@type":"ListItem","position":1,"name":"Accueil","item":"https:\/\/www.arhon.ch\/fr\/"},{"@type":"ListItem","position":2,"name":"Fonctionnalit\u00e9s","item":"https:\/\/www.arhon.ch\/fr\/fonctionnalites-logiciel-hotelier\/"},{"@type":"ListItem","position":3,"name":"Check-in"}]},{"@type":"WebSite","@id":"https:\/\/www.arhon.ch\/fr\/#website","url":"https:\/\/www.arhon.ch\/fr\/","name":"Arhon","description":"Manage your property easily","publisher":{"@id":"https:\/\/www.arhon.ch\/fr\/#organization"},"potentialAction":[{"@type":"SearchAction","target":{"@type":"EntryPoint","urlTemplate":"https:\/\/www.arhon.ch\/fr\/?s={search_term_string}"},"query-input":{"@type":"PropertyValueSpecification","valueRequired":true,"valueName":"search_term_string"}}],"inLanguage":"fr-FR"},{"@type":"Organization","@id":"https:\/\/www.arhon.ch\/fr\/#organization","name":"Arhon","url":"https:\/\/www.arhon.ch\/fr\/","logo":{"@type":"ImageObject","inLanguage":"fr-FR","@id":"https:\/\/www.arhon.ch\/fr\/#\/schema\/logo\/image\/","url":"https:\/\/www.arhon.ch\/wp-inside\/uploads\/2022\/09\/arhon-logo-quadri-basic.png","contentUrl":"https:\/\/www.arhon.ch\/wp-inside\/uploads\/2022\/09\/arhon-logo-quadri-basic.png","width":1500,"height":972,"caption":"Arhon"},"image":{"@id":"https:\/\/www.arhon.ch\/fr\/#\/schema\/logo\/image\/"}}]}},"_links":{"self":[{"href":"https:\/\/www.arhon.ch\/fr\/wp-json\/wp\/v2\/pages\/918","targetHints":{"allow":["GET"]}}],"collection":[{"href":"https:\/\/www.arhon.ch\/fr\/wp-json\/wp\/v2\/pages"}],"about":[{"href":"https:\/\/www.arhon.ch\/fr\/wp-json\/wp\/v2\/types\/page"}],"author":[{"embeddable":true,"href":"https:\/\/www.arhon.ch\/fr\/wp-json\/wp\/v2\/users\/3"}],"replies":[{"embeddable":true,"href":"https:\/\/www.arhon.ch\/fr\/wp-json\/wp\/v2\/comments?post=918"}],"version-history":[{"count":10,"href":"https:\/\/www.arhon.ch\/fr\/wp-json\/wp\/v2\/pages\/918\/revisions"}],"predecessor-version":[{"id":2117,"href":"https:\/\/www.arhon.ch\/fr\/wp-json\/wp\/v2\/pages\/918\/revisions\/2117"}],"up":[{"embeddable":true,"href":"https:\/\/www.arhon.ch\/fr\/wp-json\/wp\/v2\/pages\/17"}],"wp:featuredmedia":[{"embeddable":true,"href":"https:\/\/www.arhon.ch\/fr\/wp-json\/wp\/v2\/media\/1948"}],"wp:attachment":[{"href":"https:\/\/www.arhon.ch\/fr\/wp-json\/wp\/v2\/media?parent=918"}],"curies":[{"name":"wp","href":"https:\/\/api.w.org\/{rel}","templated":true}]}}