{"id":920,"date":"2022-10-20T10:40:32","date_gmt":"2022-10-20T08:40:32","guid":{"rendered":"https:\/\/www.arhon.ch\/?page_id=920"},"modified":"2025-10-05T17:56:47","modified_gmt":"2025-10-05T15:56:47","slug":"paiements-ota-directs-hotel","status":"publish","type":"page","link":"https:\/\/www.arhon.ch\/fr\/fonctionnalites-logiciel-hotelier\/paiements-ota-directs-hotel\/","title":{"rendered":"Paiement en ligne"},"content":{"rendered":"<div class=\"wp-post-content\"><!-- zone:zn_pagebanner [0] --><br \/>\n\t\t<!-- \/zone:zn_pagebanner [0] --><br \/>\n<!-- zone:zn_text_img [1] --><\/p>\n<h2>Simplifiez le paiement des r\u00e9servations<\/h2>\n<p>Avec Arhon, vous gardez votre ind\u00e9pendance : vous souscrivez un contrat avec la solution de paiement en ligne. (par exemple Worldline). <strong>Vous percevez le paiement des r\u00e9servations en ligne directement sur votre compte bancaire<\/strong>. L\u2019argent ne transite pas par Arhon.<\/p>\n<p><strong>Les avantages pour vous<\/strong> :<\/p>\n<ul>\n<li>Un email de check-in en ligne est envoy\u00e9 automatiquement 1 jour avant la date d\u2019arriv\u00e9e avec le lien de paiement<\/li>\n<li>Vous pouvez aussi envoyer d\u2019un seul clic l\u2019email \u00e0 votre client<\/li>\n<li>C\u2019est l\u2019h\u00f4te qui saisit son paiement en ligne<\/li>\n<li>Arhon envoie automatiquement 2 emails d\u00e8s que le paiement en ligne est effectu\u00e9:<\/li>\n<\/ul>\n<p>1 email pour l\u2019h\u00f4te, 1 email \u00e0 vous h\u00f4telier ; le paiement est automatiquement int\u00e9gr\u00e9 \u00e0 la r\u00e9servation et met \u00e0 jour le solde \u00e0 payer de la r\u00e9servation,<\/p>\n<ul>\n<li>Arhon ne stocke aucune donn\u00e9es de carte bancaire<\/li>\n<\/ul>\n<p>La solution de paiement en ligne est conforme aux <a href=\"https:\/\/financial-services.worldline.com\/en\/home\/about-us\/ensuring-compliance\/certifications.html\" target=\"_blank\" rel=\"noopener\">normes PCI DSS<\/a><\/p>\n<p><!-- \/zone:zn_text_img [1] --><br \/>\n<!-- zone:zn_text_img [3] --><\/p>\n<h2>Mode et type de cartes de paiement accept\u00e9s<\/h2>\n<p>Visa, Mastercard, JCB, American Express, Diners Club, Discover, JCB, Postfinance, Union Pay, Twint, Paypal dans la langue de votre choix.<\/p>\n<p><!-- \/zone:zn_text_img [3] -->\n<\/div>\n","protected":false},"excerpt":{"rendered":"<p>Profitez d\u2019une solution m\u00e9tier simple et s\u00e9curis\u00e9e pour vos paiements en ligne : envoyez un lien pour le paiement automatis\u00e9 de vos r\u00e9servations.<\/p>\n","protected":false},"author":3,"featured_media":2041,"parent":17,"menu_order":25,"comment_status":"closed","ping_status":"closed","template":"","meta":{"_acf_changed":false,"footnotes":""},"class_list":["post-920","page","type-page","status-publish","has-post-thumbnail","hentry","wp-sticky"],"acf":[],"yoast_head":"<!-- This site is optimized with the Yoast SEO plugin v27.4 - https:\/\/yoast.com\/product\/yoast-seo-wordpress\/ -->\n<title>Arhon \u2013 G\u00e9rez vos paiements OTA et directs facilement | Arhon<\/title>\n<meta name=\"description\" content=\"Avec Arhon, centralisez et s\u00e9curisez vos paiements OTA et directs. Simplifiez la gestion de vos r\u00e9servations et gagnez du temps.\" \/>\n<meta name=\"robots\" content=\"index, follow, max-snippet:-1, max-image-preview:large, max-video-preview:-1\" \/>\n<link rel=\"canonical\" href=\"https:\/\/www.arhon.ch\/fr\/fonctionnalites-logiciel-hotelier\/paiements-ota-directs-hotel\/\" \/>\n<meta property=\"og:locale\" content=\"fr_FR\" \/>\n<meta property=\"og:type\" content=\"article\" \/>\n<meta property=\"og:title\" content=\"Arhon \u2013 G\u00e9rez vos paiements OTA et directs facilement | Arhon\" \/>\n<meta property=\"og:description\" content=\"Avec Arhon, centralisez et s\u00e9curisez vos paiements OTA et directs. Simplifiez la gestion de vos r\u00e9servations et gagnez du temps.\" \/>\n<meta property=\"og:url\" content=\"https:\/\/www.arhon.ch\/fr\/fonctionnalites-logiciel-hotelier\/paiements-ota-directs-hotel\/\" \/>\n<meta property=\"og:site_name\" content=\"Arhon\" \/>\n<meta property=\"article:modified_time\" content=\"2025-10-05T15:56:47+00:00\" \/>\n<meta property=\"og:image\" content=\"https:\/\/www.arhon.ch\/wp-inside\/uploads\/2022\/09\/paiement-en-ligne-fr.png\" \/>\n\t<meta property=\"og:image:width\" content=\"666\" \/>\n\t<meta property=\"og:image:height\" content=\"278\" \/>\n\t<meta property=\"og:image:type\" content=\"image\/png\" \/>\n<meta name=\"twitter:card\" content=\"summary_large_image\" \/>\n<meta name=\"twitter:label1\" content=\"Dur\u00e9e de lecture estim\u00e9e\" \/>\n\t<meta name=\"twitter:data1\" content=\"1 minute\" \/>\n<script type=\"application\/ld+json\" class=\"yoast-schema-graph\">{\"@context\":\"https:\\\/\\\/schema.org\",\"@graph\":[{\"@type\":\"WebPage\",\"@id\":\"https:\\\/\\\/www.arhon.ch\\\/fr\\\/fonctionnalites-logiciel-hotelier\\\/paiements-ota-directs-hotel\\\/\",\"url\":\"https:\\\/\\\/www.arhon.ch\\\/fr\\\/fonctionnalites-logiciel-hotelier\\\/paiements-ota-directs-hotel\\\/\",\"name\":\"Arhon \u2013 G\u00e9rez vos paiements OTA et directs facilement\",\"isPartOf\":{\"@id\":\"https:\\\/\\\/www.arhon.ch\\\/fr\\\/#website\"},\"primaryImageOfPage\":{\"@id\":\"https:\\\/\\\/www.arhon.ch\\\/fr\\\/fonctionnalites-logiciel-hotelier\\\/paiements-ota-directs-hotel\\\/#primaryimage\"},\"image\":{\"@id\":\"https:\\\/\\\/www.arhon.ch\\\/fr\\\/fonctionnalites-logiciel-hotelier\\\/paiements-ota-directs-hotel\\\/#primaryimage\"},\"thumbnailUrl\":\"https:\\\/\\\/www.arhon.ch\\\/wp-inside\\\/uploads\\\/2022\\\/09\\\/paiement-en-ligne-fr.png\",\"datePublished\":\"2022-10-20T08:40:32+00:00\",\"dateModified\":\"2025-10-05T15:56:47+00:00\",\"description\":\"Avec Arhon, centralisez et s\u00e9curisez vos paiements OTA et directs. Simplifiez la gestion de vos r\u00e9servations et gagnez du temps.\",\"breadcrumb\":{\"@id\":\"https:\\\/\\\/www.arhon.ch\\\/fr\\\/fonctionnalites-logiciel-hotelier\\\/paiements-ota-directs-hotel\\\/#breadcrumb\"},\"inLanguage\":\"fr-FR\",\"potentialAction\":[{\"@type\":\"ReadAction\",\"target\":[\"https:\\\/\\\/www.arhon.ch\\\/fr\\\/fonctionnalites-logiciel-hotelier\\\/paiements-ota-directs-hotel\\\/\"]}]},{\"@type\":\"ImageObject\",\"inLanguage\":\"fr-FR\",\"@id\":\"https:\\\/\\\/www.arhon.ch\\\/fr\\\/fonctionnalites-logiciel-hotelier\\\/paiements-ota-directs-hotel\\\/#primaryimage\",\"url\":\"https:\\\/\\\/www.arhon.ch\\\/wp-inside\\\/uploads\\\/2022\\\/09\\\/paiement-en-ligne-fr.png\",\"contentUrl\":\"https:\\\/\\\/www.arhon.ch\\\/wp-inside\\\/uploads\\\/2022\\\/09\\\/paiement-en-ligne-fr.png\",\"width\":666,\"height\":278},{\"@type\":\"BreadcrumbList\",\"@id\":\"https:\\\/\\\/www.arhon.ch\\\/fr\\\/fonctionnalites-logiciel-hotelier\\\/paiements-ota-directs-hotel\\\/#breadcrumb\",\"itemListElement\":[{\"@type\":\"ListItem\",\"position\":1,\"name\":\"Accueil\",\"item\":\"https:\\\/\\\/www.arhon.ch\\\/fr\\\/\"},{\"@type\":\"ListItem\",\"position\":2,\"name\":\"Fonctionnalit\u00e9s\",\"item\":\"https:\\\/\\\/www.arhon.ch\\\/fr\\\/fonctionnalites-logiciel-hotelier\\\/\"},{\"@type\":\"ListItem\",\"position\":3,\"name\":\"Paiement en ligne\"}]},{\"@type\":\"WebSite\",\"@id\":\"https:\\\/\\\/www.arhon.ch\\\/fr\\\/#website\",\"url\":\"https:\\\/\\\/www.arhon.ch\\\/fr\\\/\",\"name\":\"Arhon\",\"description\":\"Manage your property easily\",\"publisher\":{\"@id\":\"https:\\\/\\\/www.arhon.ch\\\/fr\\\/#organization\"},\"potentialAction\":[{\"@type\":\"SearchAction\",\"target\":{\"@type\":\"EntryPoint\",\"urlTemplate\":\"https:\\\/\\\/www.arhon.ch\\\/fr\\\/?s={search_term_string}\"},\"query-input\":{\"@type\":\"PropertyValueSpecification\",\"valueRequired\":true,\"valueName\":\"search_term_string\"}}],\"inLanguage\":\"fr-FR\"},{\"@type\":\"Organization\",\"@id\":\"https:\\\/\\\/www.arhon.ch\\\/fr\\\/#organization\",\"name\":\"Arhon\",\"url\":\"https:\\\/\\\/www.arhon.ch\\\/fr\\\/\",\"logo\":{\"@type\":\"ImageObject\",\"inLanguage\":\"fr-FR\",\"@id\":\"https:\\\/\\\/www.arhon.ch\\\/fr\\\/#\\\/schema\\\/logo\\\/image\\\/\",\"url\":\"https:\\\/\\\/www.arhon.ch\\\/wp-inside\\\/uploads\\\/2022\\\/09\\\/arhon-logo-quadri-basic.png\",\"contentUrl\":\"https:\\\/\\\/www.arhon.ch\\\/wp-inside\\\/uploads\\\/2022\\\/09\\\/arhon-logo-quadri-basic.png\",\"width\":1500,\"height\":972,\"caption\":\"Arhon\"},\"image\":{\"@id\":\"https:\\\/\\\/www.arhon.ch\\\/fr\\\/#\\\/schema\\\/logo\\\/image\\\/\"}}]}<\/script>\n<!-- \/ Yoast SEO plugin. -->","yoast_head_json":{"title":"Arhon \u2013 G\u00e9rez vos paiements OTA et directs facilement | Arhon","description":"Avec Arhon, centralisez et s\u00e9curisez vos paiements OTA et directs. Simplifiez la gestion de vos r\u00e9servations et gagnez du temps.","robots":{"index":"index","follow":"follow","max-snippet":"max-snippet:-1","max-image-preview":"max-image-preview:large","max-video-preview":"max-video-preview:-1"},"canonical":"https:\/\/www.arhon.ch\/fr\/fonctionnalites-logiciel-hotelier\/paiements-ota-directs-hotel\/","og_locale":"fr_FR","og_type":"article","og_title":"Arhon \u2013 G\u00e9rez vos paiements OTA et directs facilement | Arhon","og_description":"Avec Arhon, centralisez et s\u00e9curisez vos paiements OTA et directs. Simplifiez la gestion de vos r\u00e9servations et gagnez du temps.","og_url":"https:\/\/www.arhon.ch\/fr\/fonctionnalites-logiciel-hotelier\/paiements-ota-directs-hotel\/","og_site_name":"Arhon","article_modified_time":"2025-10-05T15:56:47+00:00","og_image":[{"width":666,"height":278,"url":"https:\/\/www.arhon.ch\/wp-inside\/uploads\/2022\/09\/paiement-en-ligne-fr.png","type":"image\/png"}],"twitter_card":"summary_large_image","twitter_misc":{"Dur\u00e9e de lecture estim\u00e9e":"1 minute"},"schema":{"@context":"https:\/\/schema.org","@graph":[{"@type":"WebPage","@id":"https:\/\/www.arhon.ch\/fr\/fonctionnalites-logiciel-hotelier\/paiements-ota-directs-hotel\/","url":"https:\/\/www.arhon.ch\/fr\/fonctionnalites-logiciel-hotelier\/paiements-ota-directs-hotel\/","name":"Arhon \u2013 G\u00e9rez vos paiements OTA et directs facilement","isPartOf":{"@id":"https:\/\/www.arhon.ch\/fr\/#website"},"primaryImageOfPage":{"@id":"https:\/\/www.arhon.ch\/fr\/fonctionnalites-logiciel-hotelier\/paiements-ota-directs-hotel\/#primaryimage"},"image":{"@id":"https:\/\/www.arhon.ch\/fr\/fonctionnalites-logiciel-hotelier\/paiements-ota-directs-hotel\/#primaryimage"},"thumbnailUrl":"https:\/\/www.arhon.ch\/wp-inside\/uploads\/2022\/09\/paiement-en-ligne-fr.png","datePublished":"2022-10-20T08:40:32+00:00","dateModified":"2025-10-05T15:56:47+00:00","description":"Avec Arhon, centralisez et s\u00e9curisez vos paiements OTA et directs. Simplifiez la gestion de vos r\u00e9servations et gagnez du temps.","breadcrumb":{"@id":"https:\/\/www.arhon.ch\/fr\/fonctionnalites-logiciel-hotelier\/paiements-ota-directs-hotel\/#breadcrumb"},"inLanguage":"fr-FR","potentialAction":[{"@type":"ReadAction","target":["https:\/\/www.arhon.ch\/fr\/fonctionnalites-logiciel-hotelier\/paiements-ota-directs-hotel\/"]}]},{"@type":"ImageObject","inLanguage":"fr-FR","@id":"https:\/\/www.arhon.ch\/fr\/fonctionnalites-logiciel-hotelier\/paiements-ota-directs-hotel\/#primaryimage","url":"https:\/\/www.arhon.ch\/wp-inside\/uploads\/2022\/09\/paiement-en-ligne-fr.png","contentUrl":"https:\/\/www.arhon.ch\/wp-inside\/uploads\/2022\/09\/paiement-en-ligne-fr.png","width":666,"height":278},{"@type":"BreadcrumbList","@id":"https:\/\/www.arhon.ch\/fr\/fonctionnalites-logiciel-hotelier\/paiements-ota-directs-hotel\/#breadcrumb","itemListElement":[{"@type":"ListItem","position":1,"name":"Accueil","item":"https:\/\/www.arhon.ch\/fr\/"},{"@type":"ListItem","position":2,"name":"Fonctionnalit\u00e9s","item":"https:\/\/www.arhon.ch\/fr\/fonctionnalites-logiciel-hotelier\/"},{"@type":"ListItem","position":3,"name":"Paiement en ligne"}]},{"@type":"WebSite","@id":"https:\/\/www.arhon.ch\/fr\/#website","url":"https:\/\/www.arhon.ch\/fr\/","name":"Arhon","description":"Manage your property easily","publisher":{"@id":"https:\/\/www.arhon.ch\/fr\/#organization"},"potentialAction":[{"@type":"SearchAction","target":{"@type":"EntryPoint","urlTemplate":"https:\/\/www.arhon.ch\/fr\/?s={search_term_string}"},"query-input":{"@type":"PropertyValueSpecification","valueRequired":true,"valueName":"search_term_string"}}],"inLanguage":"fr-FR"},{"@type":"Organization","@id":"https:\/\/www.arhon.ch\/fr\/#organization","name":"Arhon","url":"https:\/\/www.arhon.ch\/fr\/","logo":{"@type":"ImageObject","inLanguage":"fr-FR","@id":"https:\/\/www.arhon.ch\/fr\/#\/schema\/logo\/image\/","url":"https:\/\/www.arhon.ch\/wp-inside\/uploads\/2022\/09\/arhon-logo-quadri-basic.png","contentUrl":"https:\/\/www.arhon.ch\/wp-inside\/uploads\/2022\/09\/arhon-logo-quadri-basic.png","width":1500,"height":972,"caption":"Arhon"},"image":{"@id":"https:\/\/www.arhon.ch\/fr\/#\/schema\/logo\/image\/"}}]}},"_links":{"self":[{"href":"https:\/\/www.arhon.ch\/fr\/wp-json\/wp\/v2\/pages\/920","targetHints":{"allow":["GET"]}}],"collection":[{"href":"https:\/\/www.arhon.ch\/fr\/wp-json\/wp\/v2\/pages"}],"about":[{"href":"https:\/\/www.arhon.ch\/fr\/wp-json\/wp\/v2\/types\/page"}],"author":[{"embeddable":true,"href":"https:\/\/www.arhon.ch\/fr\/wp-json\/wp\/v2\/users\/3"}],"replies":[{"embeddable":true,"href":"https:\/\/www.arhon.ch\/fr\/wp-json\/wp\/v2\/comments?post=920"}],"version-history":[{"count":10,"href":"https:\/\/www.arhon.ch\/fr\/wp-json\/wp\/v2\/pages\/920\/revisions"}],"predecessor-version":[{"id":2045,"href":"https:\/\/www.arhon.ch\/fr\/wp-json\/wp\/v2\/pages\/920\/revisions\/2045"}],"up":[{"embeddable":true,"href":"https:\/\/www.arhon.ch\/fr\/wp-json\/wp\/v2\/pages\/17"}],"wp:featuredmedia":[{"embeddable":true,"href":"https:\/\/www.arhon.ch\/fr\/wp-json\/wp\/v2\/media\/2041"}],"wp:attachment":[{"href":"https:\/\/www.arhon.ch\/fr\/wp-json\/wp\/v2\/media?parent=920"}],"curies":[{"name":"wp","href":"https:\/\/api.w.org\/{rel}","templated":true}]}}