{"id":926,"date":"2022-10-20T10:45:43","date_gmt":"2022-10-20T08:45:43","guid":{"rendered":"https:\/\/www.arhon.ch\/?page_id=926"},"modified":"2022-12-13T14:58:35","modified_gmt":"2022-12-13T13:58:35","slug":"maj-et-securisation-donnees","status":"publish","type":"page","link":"https:\/\/www.arhon.ch\/fr\/fonctionnalites-logiciel-hotelier\/maj-et-securisation-donnees\/","title":{"rendered":"S\u00e9curit\u00e9 des donn\u00e9es"},"content":{"rendered":"<div class=\"wp-post-content\"><!-- zone:zn_pagebanner [0] --><br \/>\n\t\t<!-- \/zone:zn_pagebanner [0] --><br \/>\n<!-- zone:zn_text_img [1] --><\/p>\n<h2>Mise \u00e0 jour automatis\u00e9e du logiciel Arhon<\/h2>\n<p>Les solutions de gestion Arhon sont r\u00e9guli\u00e8rement am\u00e9lior\u00e9es afin d\u2019apporter toujours plus de fonctionnalit\u00e9s utiles \u00e0 ses utilisateurs, mais aussi de garantir la stabilit\u00e9 et la fiabilit\u00e9 de votre logiciel.<\/p>\n<ul>\n<li>Les mises \u00e0 jour automatiques ne n\u00e9cessitent pas d\u2019interruption de service du logiciel et durent en moyenne de 30 \u00e0 60 secondes maximum<\/li>\n<\/ul>\n<p><!-- \/zone:zn_text_img [1] -->\n<\/div>\n","protected":false},"excerpt":{"rendered":"<p>Les mises \u00e0 jour des composants du logiciel sont indispensables afin de garantir dans le temps la viabilit\u00e9 du logiciel et ainsi ne jamais \u00eatre obsol\u00e8te.<\/p>\n","protected":false},"author":3,"featured_media":1086,"parent":17,"menu_order":75,"comment_status":"closed","ping_status":"closed","template":"","meta":{"_acf_changed":false,"footnotes":""},"class_list":["post-926","page","type-page","status-publish","has-post-thumbnail","hentry","wp-sticky"],"acf":[],"yoast_head":"<!-- This site is optimized with the Yoast SEO plugin v27.5 - https:\/\/yoast.com\/product\/yoast-seo-wordpress\/ -->\n<title>Mise \u00e0 jour logiciel gestion, logiciel h\u00f4tel | Arhon<\/title>\n<meta name=\"description\" content=\"Les solutions de gestion Arhon sont r\u00e9guli\u00e8rement am\u00e9lior\u00e9es afin d\u2019apporter toujours plus de fonctionnalit\u00e9s utiles \u00e0 ses utilisateurs\" \/>\n<meta name=\"robots\" content=\"index, follow, max-snippet:-1, max-image-preview:large, max-video-preview:-1\" \/>\n<link rel=\"canonical\" href=\"https:\/\/www.arhon.ch\/fr\/fonctionnalites-logiciel-hotelier\/maj-et-securisation-donnees\/\" \/>\n<meta property=\"og:locale\" content=\"fr_FR\" \/>\n<meta property=\"og:type\" content=\"article\" \/>\n<meta property=\"og:title\" content=\"Mise \u00e0 jour logiciel gestion, logiciel h\u00f4tel | Arhon\" \/>\n<meta property=\"og:description\" content=\"Les solutions de gestion Arhon sont r\u00e9guli\u00e8rement am\u00e9lior\u00e9es afin d\u2019apporter toujours plus de fonctionnalit\u00e9s utiles \u00e0 ses utilisateurs\" \/>\n<meta property=\"og:url\" content=\"https:\/\/www.arhon.ch\/fr\/fonctionnalites-logiciel-hotelier\/maj-et-securisation-donnees\/\" \/>\n<meta property=\"og:site_name\" content=\"Arhon\" \/>\n<meta property=\"article:modified_time\" content=\"2022-12-13T13:58:35+00:00\" \/>\n<meta property=\"og:image\" content=\"https:\/\/www.arhon.ch\/wp-inside\/uploads\/2022\/11\/securite-des-donnees.jpg\" \/>\n\t<meta property=\"og:image:width\" content=\"1772\" \/>\n\t<meta property=\"og:image:height\" content=\"1183\" \/>\n\t<meta property=\"og:image:type\" content=\"image\/jpeg\" \/>\n<meta name=\"twitter:card\" content=\"summary_large_image\" \/>\n<script type=\"application\/ld+json\" class=\"yoast-schema-graph\">{\"@context\":\"https:\\\/\\\/schema.org\",\"@graph\":[{\"@type\":\"WebPage\",\"@id\":\"https:\\\/\\\/www.arhon.ch\\\/fr\\\/fonctionnalites-logiciel-hotelier\\\/maj-et-securisation-donnees\\\/\",\"url\":\"https:\\\/\\\/www.arhon.ch\\\/fr\\\/fonctionnalites-logiciel-hotelier\\\/maj-et-securisation-donnees\\\/\",\"name\":\"Mise \u00e0 jour logiciel gestion, logiciel h\u00f4tel\",\"isPartOf\":{\"@id\":\"https:\\\/\\\/www.arhon.ch\\\/fr\\\/#website\"},\"primaryImageOfPage\":{\"@id\":\"https:\\\/\\\/www.arhon.ch\\\/fr\\\/fonctionnalites-logiciel-hotelier\\\/maj-et-securisation-donnees\\\/#primaryimage\"},\"image\":{\"@id\":\"https:\\\/\\\/www.arhon.ch\\\/fr\\\/fonctionnalites-logiciel-hotelier\\\/maj-et-securisation-donnees\\\/#primaryimage\"},\"thumbnailUrl\":\"https:\\\/\\\/www.arhon.ch\\\/wp-inside\\\/uploads\\\/2022\\\/11\\\/securite-des-donnees.jpg\",\"datePublished\":\"2022-10-20T08:45:43+00:00\",\"dateModified\":\"2022-12-13T13:58:35+00:00\",\"description\":\"Les solutions de gestion Arhon sont r\u00e9guli\u00e8rement am\u00e9lior\u00e9es afin d\u2019apporter toujours plus de fonctionnalit\u00e9s utiles \u00e0 ses utilisateurs\",\"breadcrumb\":{\"@id\":\"https:\\\/\\\/www.arhon.ch\\\/fr\\\/fonctionnalites-logiciel-hotelier\\\/maj-et-securisation-donnees\\\/#breadcrumb\"},\"inLanguage\":\"fr-FR\",\"potentialAction\":[{\"@type\":\"ReadAction\",\"target\":[\"https:\\\/\\\/www.arhon.ch\\\/fr\\\/fonctionnalites-logiciel-hotelier\\\/maj-et-securisation-donnees\\\/\"]}]},{\"@type\":\"ImageObject\",\"inLanguage\":\"fr-FR\",\"@id\":\"https:\\\/\\\/www.arhon.ch\\\/fr\\\/fonctionnalites-logiciel-hotelier\\\/maj-et-securisation-donnees\\\/#primaryimage\",\"url\":\"https:\\\/\\\/www.arhon.ch\\\/wp-inside\\\/uploads\\\/2022\\\/11\\\/securite-des-donnees.jpg\",\"contentUrl\":\"https:\\\/\\\/www.arhon.ch\\\/wp-inside\\\/uploads\\\/2022\\\/11\\\/securite-des-donnees.jpg\",\"width\":1772,\"height\":1183,\"caption\":\"S\u00e9curisation des donn\u00e9es - logiciel gestion h\u00f4teli\u00e8re\"},{\"@type\":\"BreadcrumbList\",\"@id\":\"https:\\\/\\\/www.arhon.ch\\\/fr\\\/fonctionnalites-logiciel-hotelier\\\/maj-et-securisation-donnees\\\/#breadcrumb\",\"itemListElement\":[{\"@type\":\"ListItem\",\"position\":1,\"name\":\"Accueil\",\"item\":\"https:\\\/\\\/www.arhon.ch\\\/fr\\\/\"},{\"@type\":\"ListItem\",\"position\":2,\"name\":\"Fonctionnalit\u00e9s\",\"item\":\"https:\\\/\\\/www.arhon.ch\\\/fr\\\/fonctionnalites-logiciel-hotelier\\\/\"},{\"@type\":\"ListItem\",\"position\":3,\"name\":\"S\u00e9curit\u00e9 des donn\u00e9es\"}]},{\"@type\":\"WebSite\",\"@id\":\"https:\\\/\\\/www.arhon.ch\\\/fr\\\/#website\",\"url\":\"https:\\\/\\\/www.arhon.ch\\\/fr\\\/\",\"name\":\"Arhon\",\"description\":\"Manage your property easily\",\"publisher\":{\"@id\":\"https:\\\/\\\/www.arhon.ch\\\/fr\\\/#organization\"},\"potentialAction\":[{\"@type\":\"SearchAction\",\"target\":{\"@type\":\"EntryPoint\",\"urlTemplate\":\"https:\\\/\\\/www.arhon.ch\\\/fr\\\/?s={search_term_string}\"},\"query-input\":{\"@type\":\"PropertyValueSpecification\",\"valueRequired\":true,\"valueName\":\"search_term_string\"}}],\"inLanguage\":\"fr-FR\"},{\"@type\":\"Organization\",\"@id\":\"https:\\\/\\\/www.arhon.ch\\\/fr\\\/#organization\",\"name\":\"Arhon\",\"url\":\"https:\\\/\\\/www.arhon.ch\\\/fr\\\/\",\"logo\":{\"@type\":\"ImageObject\",\"inLanguage\":\"fr-FR\",\"@id\":\"https:\\\/\\\/www.arhon.ch\\\/fr\\\/#\\\/schema\\\/logo\\\/image\\\/\",\"url\":\"https:\\\/\\\/www.arhon.ch\\\/wp-inside\\\/uploads\\\/2022\\\/09\\\/arhon-logo-quadri-basic.png\",\"contentUrl\":\"https:\\\/\\\/www.arhon.ch\\\/wp-inside\\\/uploads\\\/2022\\\/09\\\/arhon-logo-quadri-basic.png\",\"width\":1500,\"height\":972,\"caption\":\"Arhon\"},\"image\":{\"@id\":\"https:\\\/\\\/www.arhon.ch\\\/fr\\\/#\\\/schema\\\/logo\\\/image\\\/\"}}]}<\/script>\n<!-- \/ Yoast SEO plugin. -->","yoast_head_json":{"title":"Mise \u00e0 jour logiciel gestion, logiciel h\u00f4tel | Arhon","description":"Les solutions de gestion Arhon sont r\u00e9guli\u00e8rement am\u00e9lior\u00e9es afin d\u2019apporter toujours plus de fonctionnalit\u00e9s utiles \u00e0 ses utilisateurs","robots":{"index":"index","follow":"follow","max-snippet":"max-snippet:-1","max-image-preview":"max-image-preview:large","max-video-preview":"max-video-preview:-1"},"canonical":"https:\/\/www.arhon.ch\/fr\/fonctionnalites-logiciel-hotelier\/maj-et-securisation-donnees\/","og_locale":"fr_FR","og_type":"article","og_title":"Mise \u00e0 jour logiciel gestion, logiciel h\u00f4tel | Arhon","og_description":"Les solutions de gestion Arhon sont r\u00e9guli\u00e8rement am\u00e9lior\u00e9es afin d\u2019apporter toujours plus de fonctionnalit\u00e9s utiles \u00e0 ses utilisateurs","og_url":"https:\/\/www.arhon.ch\/fr\/fonctionnalites-logiciel-hotelier\/maj-et-securisation-donnees\/","og_site_name":"Arhon","article_modified_time":"2022-12-13T13:58:35+00:00","og_image":[{"width":1772,"height":1183,"url":"https:\/\/www.arhon.ch\/wp-inside\/uploads\/2022\/11\/securite-des-donnees.jpg","type":"image\/jpeg"}],"twitter_card":"summary_large_image","schema":{"@context":"https:\/\/schema.org","@graph":[{"@type":"WebPage","@id":"https:\/\/www.arhon.ch\/fr\/fonctionnalites-logiciel-hotelier\/maj-et-securisation-donnees\/","url":"https:\/\/www.arhon.ch\/fr\/fonctionnalites-logiciel-hotelier\/maj-et-securisation-donnees\/","name":"Mise \u00e0 jour logiciel gestion, logiciel h\u00f4tel","isPartOf":{"@id":"https:\/\/www.arhon.ch\/fr\/#website"},"primaryImageOfPage":{"@id":"https:\/\/www.arhon.ch\/fr\/fonctionnalites-logiciel-hotelier\/maj-et-securisation-donnees\/#primaryimage"},"image":{"@id":"https:\/\/www.arhon.ch\/fr\/fonctionnalites-logiciel-hotelier\/maj-et-securisation-donnees\/#primaryimage"},"thumbnailUrl":"https:\/\/www.arhon.ch\/wp-inside\/uploads\/2022\/11\/securite-des-donnees.jpg","datePublished":"2022-10-20T08:45:43+00:00","dateModified":"2022-12-13T13:58:35+00:00","description":"Les solutions de gestion Arhon sont r\u00e9guli\u00e8rement am\u00e9lior\u00e9es afin d\u2019apporter toujours plus de fonctionnalit\u00e9s utiles \u00e0 ses utilisateurs","breadcrumb":{"@id":"https:\/\/www.arhon.ch\/fr\/fonctionnalites-logiciel-hotelier\/maj-et-securisation-donnees\/#breadcrumb"},"inLanguage":"fr-FR","potentialAction":[{"@type":"ReadAction","target":["https:\/\/www.arhon.ch\/fr\/fonctionnalites-logiciel-hotelier\/maj-et-securisation-donnees\/"]}]},{"@type":"ImageObject","inLanguage":"fr-FR","@id":"https:\/\/www.arhon.ch\/fr\/fonctionnalites-logiciel-hotelier\/maj-et-securisation-donnees\/#primaryimage","url":"https:\/\/www.arhon.ch\/wp-inside\/uploads\/2022\/11\/securite-des-donnees.jpg","contentUrl":"https:\/\/www.arhon.ch\/wp-inside\/uploads\/2022\/11\/securite-des-donnees.jpg","width":1772,"height":1183,"caption":"S\u00e9curisation des donn\u00e9es - logiciel gestion h\u00f4teli\u00e8re"},{"@type":"BreadcrumbList","@id":"https:\/\/www.arhon.ch\/fr\/fonctionnalites-logiciel-hotelier\/maj-et-securisation-donnees\/#breadcrumb","itemListElement":[{"@type":"ListItem","position":1,"name":"Accueil","item":"https:\/\/www.arhon.ch\/fr\/"},{"@type":"ListItem","position":2,"name":"Fonctionnalit\u00e9s","item":"https:\/\/www.arhon.ch\/fr\/fonctionnalites-logiciel-hotelier\/"},{"@type":"ListItem","position":3,"name":"S\u00e9curit\u00e9 des donn\u00e9es"}]},{"@type":"WebSite","@id":"https:\/\/www.arhon.ch\/fr\/#website","url":"https:\/\/www.arhon.ch\/fr\/","name":"Arhon","description":"Manage your property easily","publisher":{"@id":"https:\/\/www.arhon.ch\/fr\/#organization"},"potentialAction":[{"@type":"SearchAction","target":{"@type":"EntryPoint","urlTemplate":"https:\/\/www.arhon.ch\/fr\/?s={search_term_string}"},"query-input":{"@type":"PropertyValueSpecification","valueRequired":true,"valueName":"search_term_string"}}],"inLanguage":"fr-FR"},{"@type":"Organization","@id":"https:\/\/www.arhon.ch\/fr\/#organization","name":"Arhon","url":"https:\/\/www.arhon.ch\/fr\/","logo":{"@type":"ImageObject","inLanguage":"fr-FR","@id":"https:\/\/www.arhon.ch\/fr\/#\/schema\/logo\/image\/","url":"https:\/\/www.arhon.ch\/wp-inside\/uploads\/2022\/09\/arhon-logo-quadri-basic.png","contentUrl":"https:\/\/www.arhon.ch\/wp-inside\/uploads\/2022\/09\/arhon-logo-quadri-basic.png","width":1500,"height":972,"caption":"Arhon"},"image":{"@id":"https:\/\/www.arhon.ch\/fr\/#\/schema\/logo\/image\/"}}]}},"_links":{"self":[{"href":"https:\/\/www.arhon.ch\/fr\/wp-json\/wp\/v2\/pages\/926","targetHints":{"allow":["GET"]}}],"collection":[{"href":"https:\/\/www.arhon.ch\/fr\/wp-json\/wp\/v2\/pages"}],"about":[{"href":"https:\/\/www.arhon.ch\/fr\/wp-json\/wp\/v2\/types\/page"}],"author":[{"embeddable":true,"href":"https:\/\/www.arhon.ch\/fr\/wp-json\/wp\/v2\/users\/3"}],"replies":[{"embeddable":true,"href":"https:\/\/www.arhon.ch\/fr\/wp-json\/wp\/v2\/comments?post=926"}],"version-history":[{"count":8,"href":"https:\/\/www.arhon.ch\/fr\/wp-json\/wp\/v2\/pages\/926\/revisions"}],"predecessor-version":[{"id":1258,"href":"https:\/\/www.arhon.ch\/fr\/wp-json\/wp\/v2\/pages\/926\/revisions\/1258"}],"up":[{"embeddable":true,"href":"https:\/\/www.arhon.ch\/fr\/wp-json\/wp\/v2\/pages\/17"}],"wp:featuredmedia":[{"embeddable":true,"href":"https:\/\/www.arhon.ch\/fr\/wp-json\/wp\/v2\/media\/1086"}],"wp:attachment":[{"href":"https:\/\/www.arhon.ch\/fr\/wp-json\/wp\/v2\/media?parent=926"}],"curies":[{"name":"wp","href":"https:\/\/api.w.org\/{rel}","templated":true}]}}