{"id":984,"date":"2022-10-28T14:54:45","date_gmt":"2022-10-28T12:54:45","guid":{"rendered":"https:\/\/www.arhon.ch\/?page_id=984"},"modified":"2025-10-05T20:23:17","modified_gmt":"2025-10-05T18:23:17","slug":"logiciel-hotelier-suisse","status":"publish","type":"page","link":"https:\/\/www.arhon.ch\/fr\/logiciel-hotelier-suisse\/","title":{"rendered":"Demande de devis"},"content":{"rendered":"<div class=\"wp-post-content\"><!-- zone:zn_pagebanner [0] --><br \/>\n\t\t<!-- \/zone:zn_pagebanner [0] -->\n<\/div>\n","protected":false},"excerpt":{"rendered":"","protected":false},"author":3,"featured_media":0,"parent":0,"menu_order":75,"comment_status":"closed","ping_status":"closed","template":"","meta":{"_acf_changed":false,"footnotes":""},"class_list":["post-984","page","type-page","status-publish","hentry","wp-sticky"],"acf":[],"yoast_head":"<!-- This site is optimized with the Yoast SEO plugin v27.3 - https:\/\/yoast.com\/product\/yoast-seo-wordpress\/ -->\n<title>Arhon \u2013 Le logiciel h\u00f4telier suisse complet | Arhon<\/title>\n<meta name=\"description\" content=\"Arhon, le logiciel h\u00f4telier suisse tout-en-un pour g\u00e9rer vos r\u00e9servations facilement. Demandez votre devis d\u00e8s aujourd\u2019hui !\" \/>\n<meta name=\"robots\" content=\"index, follow, max-snippet:-1, max-image-preview:large, max-video-preview:-1\" \/>\n<link rel=\"canonical\" href=\"https:\/\/www.arhon.ch\/fr\/logiciel-hotelier-suisse\/\" \/>\n<meta property=\"og:locale\" content=\"fr_FR\" \/>\n<meta property=\"og:type\" content=\"article\" \/>\n<meta property=\"og:title\" content=\"Arhon \u2013 Le logiciel h\u00f4telier suisse complet | Arhon\" \/>\n<meta property=\"og:description\" content=\"Arhon, le logiciel h\u00f4telier suisse tout-en-un pour g\u00e9rer vos r\u00e9servations facilement. Demandez votre devis d\u00e8s aujourd\u2019hui !\" \/>\n<meta property=\"og:url\" content=\"https:\/\/www.arhon.ch\/fr\/logiciel-hotelier-suisse\/\" \/>\n<meta property=\"og:site_name\" content=\"Arhon\" \/>\n<meta property=\"article:modified_time\" content=\"2025-10-05T18:23:17+00:00\" \/>\n<meta property=\"og:image\" content=\"https:\/\/www.arhon.ch\/wp-inside\/uploads\/2022\/09\/arhon-logo-quadri-basic.png\" \/>\n\t<meta property=\"og:image:width\" content=\"1500\" \/>\n\t<meta property=\"og:image:height\" content=\"972\" \/>\n\t<meta property=\"og:image:type\" content=\"image\/png\" \/>\n<meta name=\"twitter:card\" content=\"summary_large_image\" \/>\n<script type=\"application\/ld+json\" class=\"yoast-schema-graph\">{\"@context\":\"https:\\\/\\\/schema.org\",\"@graph\":[{\"@type\":\"WebPage\",\"@id\":\"https:\\\/\\\/www.arhon.ch\\\/fr\\\/logiciel-hotelier-suisse\\\/\",\"url\":\"https:\\\/\\\/www.arhon.ch\\\/fr\\\/logiciel-hotelier-suisse\\\/\",\"name\":\"Arhon \u2013 Le logiciel h\u00f4telier suisse complet\",\"isPartOf\":{\"@id\":\"https:\\\/\\\/www.arhon.ch\\\/fr\\\/#website\"},\"datePublished\":\"2022-10-28T12:54:45+00:00\",\"dateModified\":\"2025-10-05T18:23:17+00:00\",\"description\":\"Arhon, le logiciel h\u00f4telier suisse tout-en-un pour g\u00e9rer vos r\u00e9servations facilement. Demandez votre devis d\u00e8s aujourd\u2019hui !\",\"breadcrumb\":{\"@id\":\"https:\\\/\\\/www.arhon.ch\\\/fr\\\/logiciel-hotelier-suisse\\\/#breadcrumb\"},\"inLanguage\":\"fr-FR\",\"potentialAction\":[{\"@type\":\"ReadAction\",\"target\":[\"https:\\\/\\\/www.arhon.ch\\\/fr\\\/logiciel-hotelier-suisse\\\/\"]}]},{\"@type\":\"BreadcrumbList\",\"@id\":\"https:\\\/\\\/www.arhon.ch\\\/fr\\\/logiciel-hotelier-suisse\\\/#breadcrumb\",\"itemListElement\":[{\"@type\":\"ListItem\",\"position\":1,\"name\":\"Accueil\",\"item\":\"https:\\\/\\\/www.arhon.ch\\\/fr\\\/\"},{\"@type\":\"ListItem\",\"position\":2,\"name\":\"Demande de devis\"}]},{\"@type\":\"WebSite\",\"@id\":\"https:\\\/\\\/www.arhon.ch\\\/fr\\\/#website\",\"url\":\"https:\\\/\\\/www.arhon.ch\\\/fr\\\/\",\"name\":\"Arhon\",\"description\":\"Manage your property easily\",\"publisher\":{\"@id\":\"https:\\\/\\\/www.arhon.ch\\\/fr\\\/#organization\"},\"potentialAction\":[{\"@type\":\"SearchAction\",\"target\":{\"@type\":\"EntryPoint\",\"urlTemplate\":\"https:\\\/\\\/www.arhon.ch\\\/fr\\\/?s={search_term_string}\"},\"query-input\":{\"@type\":\"PropertyValueSpecification\",\"valueRequired\":true,\"valueName\":\"search_term_string\"}}],\"inLanguage\":\"fr-FR\"},{\"@type\":\"Organization\",\"@id\":\"https:\\\/\\\/www.arhon.ch\\\/fr\\\/#organization\",\"name\":\"Arhon\",\"url\":\"https:\\\/\\\/www.arhon.ch\\\/fr\\\/\",\"logo\":{\"@type\":\"ImageObject\",\"inLanguage\":\"fr-FR\",\"@id\":\"https:\\\/\\\/www.arhon.ch\\\/fr\\\/#\\\/schema\\\/logo\\\/image\\\/\",\"url\":\"https:\\\/\\\/www.arhon.ch\\\/wp-inside\\\/uploads\\\/2022\\\/09\\\/arhon-logo-quadri-basic.png\",\"contentUrl\":\"https:\\\/\\\/www.arhon.ch\\\/wp-inside\\\/uploads\\\/2022\\\/09\\\/arhon-logo-quadri-basic.png\",\"width\":1500,\"height\":972,\"caption\":\"Arhon\"},\"image\":{\"@id\":\"https:\\\/\\\/www.arhon.ch\\\/fr\\\/#\\\/schema\\\/logo\\\/image\\\/\"}}]}<\/script>\n<!-- \/ Yoast SEO plugin. -->","yoast_head_json":{"title":"Arhon \u2013 Le logiciel h\u00f4telier suisse complet | Arhon","description":"Arhon, le logiciel h\u00f4telier suisse tout-en-un pour g\u00e9rer vos r\u00e9servations facilement. Demandez votre devis d\u00e8s aujourd\u2019hui !","robots":{"index":"index","follow":"follow","max-snippet":"max-snippet:-1","max-image-preview":"max-image-preview:large","max-video-preview":"max-video-preview:-1"},"canonical":"https:\/\/www.arhon.ch\/fr\/logiciel-hotelier-suisse\/","og_locale":"fr_FR","og_type":"article","og_title":"Arhon \u2013 Le logiciel h\u00f4telier suisse complet | Arhon","og_description":"Arhon, le logiciel h\u00f4telier suisse tout-en-un pour g\u00e9rer vos r\u00e9servations facilement. Demandez votre devis d\u00e8s aujourd\u2019hui !","og_url":"https:\/\/www.arhon.ch\/fr\/logiciel-hotelier-suisse\/","og_site_name":"Arhon","article_modified_time":"2025-10-05T18:23:17+00:00","og_image":[{"width":1500,"height":972,"url":"https:\/\/www.arhon.ch\/wp-inside\/uploads\/2022\/09\/arhon-logo-quadri-basic.png","type":"image\/png"}],"twitter_card":"summary_large_image","schema":{"@context":"https:\/\/schema.org","@graph":[{"@type":"WebPage","@id":"https:\/\/www.arhon.ch\/fr\/logiciel-hotelier-suisse\/","url":"https:\/\/www.arhon.ch\/fr\/logiciel-hotelier-suisse\/","name":"Arhon \u2013 Le logiciel h\u00f4telier suisse complet","isPartOf":{"@id":"https:\/\/www.arhon.ch\/fr\/#website"},"datePublished":"2022-10-28T12:54:45+00:00","dateModified":"2025-10-05T18:23:17+00:00","description":"Arhon, le logiciel h\u00f4telier suisse tout-en-un pour g\u00e9rer vos r\u00e9servations facilement. Demandez votre devis d\u00e8s aujourd\u2019hui !","breadcrumb":{"@id":"https:\/\/www.arhon.ch\/fr\/logiciel-hotelier-suisse\/#breadcrumb"},"inLanguage":"fr-FR","potentialAction":[{"@type":"ReadAction","target":["https:\/\/www.arhon.ch\/fr\/logiciel-hotelier-suisse\/"]}]},{"@type":"BreadcrumbList","@id":"https:\/\/www.arhon.ch\/fr\/logiciel-hotelier-suisse\/#breadcrumb","itemListElement":[{"@type":"ListItem","position":1,"name":"Accueil","item":"https:\/\/www.arhon.ch\/fr\/"},{"@type":"ListItem","position":2,"name":"Demande de devis"}]},{"@type":"WebSite","@id":"https:\/\/www.arhon.ch\/fr\/#website","url":"https:\/\/www.arhon.ch\/fr\/","name":"Arhon","description":"Manage your property easily","publisher":{"@id":"https:\/\/www.arhon.ch\/fr\/#organization"},"potentialAction":[{"@type":"SearchAction","target":{"@type":"EntryPoint","urlTemplate":"https:\/\/www.arhon.ch\/fr\/?s={search_term_string}"},"query-input":{"@type":"PropertyValueSpecification","valueRequired":true,"valueName":"search_term_string"}}],"inLanguage":"fr-FR"},{"@type":"Organization","@id":"https:\/\/www.arhon.ch\/fr\/#organization","name":"Arhon","url":"https:\/\/www.arhon.ch\/fr\/","logo":{"@type":"ImageObject","inLanguage":"fr-FR","@id":"https:\/\/www.arhon.ch\/fr\/#\/schema\/logo\/image\/","url":"https:\/\/www.arhon.ch\/wp-inside\/uploads\/2022\/09\/arhon-logo-quadri-basic.png","contentUrl":"https:\/\/www.arhon.ch\/wp-inside\/uploads\/2022\/09\/arhon-logo-quadri-basic.png","width":1500,"height":972,"caption":"Arhon"},"image":{"@id":"https:\/\/www.arhon.ch\/fr\/#\/schema\/logo\/image\/"}}]}},"_links":{"self":[{"href":"https:\/\/www.arhon.ch\/fr\/wp-json\/wp\/v2\/pages\/984","targetHints":{"allow":["GET"]}}],"collection":[{"href":"https:\/\/www.arhon.ch\/fr\/wp-json\/wp\/v2\/pages"}],"about":[{"href":"https:\/\/www.arhon.ch\/fr\/wp-json\/wp\/v2\/types\/page"}],"author":[{"embeddable":true,"href":"https:\/\/www.arhon.ch\/fr\/wp-json\/wp\/v2\/users\/3"}],"replies":[{"embeddable":true,"href":"https:\/\/www.arhon.ch\/fr\/wp-json\/wp\/v2\/comments?post=984"}],"version-history":[{"count":1,"href":"https:\/\/www.arhon.ch\/fr\/wp-json\/wp\/v2\/pages\/984\/revisions"}],"predecessor-version":[{"id":985,"href":"https:\/\/www.arhon.ch\/fr\/wp-json\/wp\/v2\/pages\/984\/revisions\/985"}],"wp:attachment":[{"href":"https:\/\/www.arhon.ch\/fr\/wp-json\/wp\/v2\/media?parent=984"}],"curies":[{"name":"wp","href":"https:\/\/api.w.org\/{rel}","templated":true}]}}